{"id":6301,"date":"2017-12-12T12:37:50","date_gmt":"2017-12-12T12:37:50","guid":{"rendered":"https:\/\/nur-hotel.de\/?page_id=6301"},"modified":"2019-12-11T10:57:45","modified_gmt":"2019-12-11T10:57:45","slug":"zillertaler-skigebiete","status":"publish","type":"page","link":"https:\/\/nur-hotel.de\/en\/zillertaler-skigebiete\/","title":{"rendered":"Zillertaler Skigebiete"},"content":{"rendered":"<div class=\"vc_row wpb_row st bg-holder vc_custom_1513102858516 vc_row-has-fill bg-parallax\"><div class=\"bg-mask\"><\/div><div class='container'><div class='row'>\n\t<div class=\"wpb_column column_container col-md-8 vc_custom_1418722867702\"><div class=\"vc_column-inner wpb_wrapper\">\n\t\t\t\n\t<div class=\"wpb_text_column wpb_content_element\" >\n\t\t<div class=\"wpb_wrapper\">\n\t\t\t<h1><span style=\"color: #ffffff;\">Zillertaler Skigebiete<\/span><\/h1>\n\n\t\t<\/div>\n\t<\/div>\n\n\t<div class=\"wpb_text_column wpb_content_element  vc_custom_1513102040372\" >\n\t\t<div class=\"wpb_wrapper\">\n\t\t\t<p><span style=\"color: #ffffff;\">&gt; Hochzillertal &#8211; Hochf\u00fcgen &#8211; Spieljoch<\/span><\/p>\n<p><span style=\"color: #ffffff;\">&gt; Zillertal Arena<\/span><\/p>\n<p><span style=\"color: #ffffff;\">&gt; Mayrhofner Bergbahnen<\/span><\/p>\n<p><span style=\"color: #ffffff;\">&gt; Ski- &amp; Gletscherwelt Zillertal 3000<\/span><\/p>\n\n\t\t<\/div>\n\t<\/div>\n<\/div>\n\t<\/div> \n\n\t<div class=\"wpb_column column_container col-md-4\"><div class=\"vc_column-inner wpb_wrapper\">\n\t\t\t<div class=\"loc-info hidden-xs hidden-sm\">\r\n    <h3 class=\"loc-info-title\"> Zillertal &#8211; Alle Unterk\u00fcnfte<\/h3>\r\n            <p class=\"loc-info-weather\">\r\n       <span class=\"loc-info-weather-num\">\r\n       23.4       <\/span>\r\n            <i class=\"wi wi-cloudy loc-info-weather-icon\"><\/i>        <\/p>\r\n        <ul class=\"loc-info-list\">\r\n        <li><a href=\"https:\/\/nur-hotel.de\/en\/search-result-hotel-2\/?location_id=279&#038;pick-up=Zillertal%20&#8211;%20Alle%20Unterk\u00fcnfte&#038;location_name=Zillertal%20&#8211;%20Alle%20Unterk\u00fcnfte\"><i class=\"fa fa-building-o\"><\/i> 17 hotels from \u20ac51,00\/night<\/a><\/li>                    <\/ul>\r\n        <a class=\"btn btn-white btn-ghost mt10\" href=\"https:\/\/nur-hotel.de\/en\/search-result-hotel-2\/?location_id=279&#038;pick-up=Zillertal%20&#8211;%20Alle%20Unterk\u00fcnfte&#038;location_name=Zillertal%20&#8211;%20Alle%20Unterk\u00fcnfte\">\r\n        <i class=\"fa fa-angle-right\"><\/i>\r\n        \u00dcbersicht    <\/a>\r\n<\/div><\/div>\n\t<\/div> \n<\/div><!--End .row--><\/div><!--End .container--><\/div><div class=\"vc_row wpb_row st bg-holder vc_custom_1513076160757\"><div class='container'><div class='row'>        <div class=\"container\">\r\n            <div class=\"breadcrumb\">\r\n                        <ul class=\"breadcrumb  mt15\"> <li><a href=\"https:\/\/nur-hotel.de\/en\">Home<\/a><\/li> <\/ul>            <\/div>\r\n        <\/div>\r\n        \n\t<div class=\"wpb_column column_container col-md-6\"><div class=\"vc_column-inner wpb_wrapper\">\n\t\t\t<\/div>\n\t<\/div> \n\n\t<div class=\"wpb_column column_container col-md-6\"><div class=\"vc_column-inner wpb_wrapper\">\n\t\t\t<\/div>\n\t<\/div> \n<\/div><!--End .row--><\/div><!--End .container--><\/div><div class=\"vc_row wpb_row st bg-holder vc_custom_1576061864232\"><div class='container'><div class='row'>\n\t<div class=\"wpb_column column_container col-md-12\"><div class=\"vc_column-inner wpb_wrapper\">\n\t\t\t\n\t<div class=\"wpb_text_column wpb_content_element  vc_custom_1525880548802\" >\n\t\t<div class=\"wpb_wrapper\">\n\t\t\t<h2 class=\"text-center\" style=\"text-align: left;\">Zillertaler Skigebiete<\/h2>\n\n\t\t<\/div>\n\t<\/div>\n<\/div>\n\t<\/div> \n<\/div><!--End .row--><\/div><!--End .container--><\/div><div class=\"vc_row wpb_row st bg-holder vc_custom_1441274906430 vc_row-has-fill\"><div class='container'><div class='row'>\n\t<div class=\"wpb_column column_container col-md-12 vc_custom_1513105677222\"><div class=\"vc_column-inner wpb_wrapper\">\n\t\t\t<div id=\"accordion\" class=\"st_accordion  panel-group\"><div class=\"panel panel-default\">\r\n                            <div class=\"panel-heading\">\r\n                                <h4 class=\"panel-title\">\r\n                                   <a href=\"#collapse-1288909103\" aria-expanded='true'data-parent=\"#accordion\" data-toggle=\"collapse\">Ski- &amp; Gletscherwelt Zillertal 3000\r\n                                    <span class=\"st_1777893838\"><\/span>\r\n                                   <\/a>\r\n                                <\/h4>\r\n                            <\/div>\r\n                            <div id=\"collapse-1288909103\" class=\"panel-collapse collapse in\" >\r\n                                <div class=\"panel-body\">Schneesicher und das ganzj\u00e4hrig! Dieses Statement kann \u00f6sterreichweit nur ein Skigebiet an sein wei\u00dfes Revers heften \u2013 DER HINTERTUXER GLETSCHER! 365 Tage im Jahr ist hier Schneespa\u00df garantiert und von Oktober bis Mai gibt\u2019s sogar eine Pulverschnee-Garantie! \u00d6sterreichs einziges Ganzjahresskigebiet ist in den Wintermonaten Teil des gr\u00f6\u00dften Skigebiets des Zillertals \u2013 der Ski- und Gletscherwelt Zillertal 3000. 196 km frische Pulverschneepisten jeden Schwierigkeitsgrades, unber\u00fchrte Tiefschneeh\u00e4nge und anspruchsvolle Buckelpisten lassen das Herz eines jeden Wintersportlers h\u00f6her schlagen.<\/p>\n<p>Nahtlos geht\u2018s vom anspruchsvollen und abwechslungsreichen Ferienparadies Eggalm zum Sonnenplateau Rastkogel und weiter \u00fcber die atemberaubende Panoramaabfahrt oder Pendelbahn 150er Tux zum \u201eVergn\u00fcgungsviertel\u201c Penken mit Penken Park &amp; Harakiri-Abfahrt.<\/p>\n<p>Oder man entscheidet sich f\u00fcr die Route \u00fcber die beschneiten Talabfahrten nach Hintertux, Vorderlanersbach oder Lanersbach. Eine Abfahrt der Superlative f\u00fchrt von der Gefrorenen Wand auf 3.250 m bis nach Hintertux (1.500 m). Mit 12 km L\u00e4nge und einem H\u00f6henunterschied von 1.750 m sorgt diese Abfahrt f\u00fcr ein richtiges Kribbeln in den Waden.<\/p>\n<p>&nbsp;<\/p>\n<p><b>NEU:<\/b><\/p>\n<ul>\n<li>10er Finkenberg I: Neubau der 1. Sektion der Finkenberger Almbahnen<\/li>\n<li>Pepis Kinderland am Penkenjoch<\/li>\n<\/ul>\n<p>&nbsp;<\/p>\n<p><b>SKI &amp; GLETSCHERWELT ZILLERTAL 3000<br \/>\n<\/b>Gesamtl\u00e4nge der Abfahrten: 196 km<br \/>\nGesamtf\u00f6rderleistung: 121.645 Pers.\/Stunde<br \/>\nPistenfl\u00e4che: 606 ha<br \/>\nLiftanlagen: 65<\/div>\r\n                            <\/div>\r\n                     <\/div><div class=\"panel panel-default\">\r\n                            <div class=\"panel-heading\">\r\n                                <h4 class=\"panel-title\">\r\n                                   <a href=\"#collapse-1684936335\" data-parent=\"#accordion\" data-toggle=\"collapse\">Mayrhofner Bergbahnen\r\n                                    <span class=\"st_1777893839\"><\/span>\r\n                                   <\/a>\r\n                                <\/h4>\r\n                            <\/div>\r\n                            <div id=\"collapse-1684936335\" class=\"panel-collapse collapse\" >\r\n                                <div class=\"panel-body\">Bergerlebnis in der Ferienregion Mayrhofen-Hippach bedeutet sowohl Tempo, Action und Adrenalin als auch Entspannung und Genuss. Die 57 modernen Lifte im Skigebiet Mayrhofen bringen Actionliebhaber auf die knackigen Pisten am Actionberg Penken und Genuss-Skifahrer, Familien oder Anf\u00e4nger auf die sonnigen Carving-Pisten am Genie\u00dferberg Ahorn. Sowohl am Penken als auch am Ahorn warten auf den 136 Pistenkilometern zahlreiche Highlights darauf, erkundet zu werden.<\/p>\n<p>Diejenigen, die es actionreich m\u00f6gen, statten dem Penken einen Besuch ab. Eingefleischte Freestyler finden hier ihre perfekte Spielwiese im Penken Park, einem der besten Snowparks in Europa. Auf der Harakiri, dem steilsten Pistenerlebnis \u00d6sterreichs mit 78% Gef\u00e4lle, gibt es nur eine Richtung \u2013 n\u00e4mlich steil bergab. Seine ruhige und beschauliche Seite zeigt Mayrhofen am Genie\u00dferberg Ahorn.<\/p>\n<p>Die Funslope Ahorn bietet vor allem Kindern und Anf\u00e4ngern jede Menge Fahrvergn\u00fcgen und wer nach unz\u00e4hligen Abfahrten eine St\u00e4rkung braucht, der g\u00f6nnt sich auf der Sonnenterrasse des Caf\u00e9-Bistro Freiraum eine Einkehr oder l\u00e4sst den Tag in einem der gem\u00fctlichen Liegest\u00fchle des Iglu Dorfs White Lounge ausklingen. F\u00fcr all jene, die dann noch nicht genug haben, \u00f6ffnen die Iglu Suiten ihre Pforten f\u00fcr eine \u00dcbernachtung am Ahorn.<\/p>\n<p>&nbsp;<\/p>\n<p><b>NEU am Actionberg Penken:<\/b><\/p>\n<ul>\n<li>Rennparadies Unterberg mit 3 permanenten Rennstrecken mit Zeitnehmung<\/li>\n<li>Fun Ride Gerent im Bereich der Piste Nr. 11<\/li>\n<li>Winterwanderweg von der Bergstation der Kombibahn bis zur Granatkapelle<\/li>\n<li>Panorama-Eislaufplatz bei der Bergstation der Penkenbahn<\/li>\n<\/ul>\n<p>&nbsp;<\/p>\n<p><b>NEU am Genie\u00dferberg Ahorn:<\/b><\/p>\n<ul>\n<li>Pistenbock &#8211; Rodelvergn\u00fcgen f\u00fcr Gro\u00df und Klein<\/li>\n<li>Erweiterter Winterwanderweg mit Aussichtsplattform Zillertal und Stilluptal<\/li>\n<\/ul>\n<p>&nbsp;<\/p>\n<p><b>MAYRHOFNER BERGBAHNEN<\/b><br \/>\nGesamtl\u00e4nge der Abfahrten: 136 km*<br \/>\nGesamtf\u00f6rderleistung:\u00a045.345 Pers.\/Stunde<br \/>\nPistenfl\u00e4che: 369 ha*<br \/>\nLiftanlagen: 57*<\/div>\r\n                            <\/div>\r\n                     <\/div><div class=\"panel panel-default\">\r\n                            <div class=\"panel-heading\">\r\n                                <h4 class=\"panel-title\">\r\n                                   <a href=\"#collapse-98181995\" data-parent=\"#accordion\" data-toggle=\"collapse\">Zillertal Arena\r\n                                    <span class=\"st_1777893840\"><\/span>\r\n                                   <\/a>\r\n                                <\/h4>\r\n                            <\/div>\r\n                            <div id=\"collapse-98181995\" class=\"panel-collapse collapse\" >\r\n                                <div class=\"panel-body\">Von Tirol nach Salzburg mit Ski oder Board? In der l\u00e4nder\u00fcbergreifenden 4-Berge-Skischaukel Zillertal Arena ist das m\u00f6glich! Das gr\u00f6\u00dfte Skigebiet im Zillertal und Pinzgau ist ein Garant f\u00fcr den absoluten Familienspa\u00df auf und abseits der Pisten.<\/p>\n<p>Ob in den Snow- und Action-Parks, auf den SkiMovie- &amp; Speed-Check-Strecken oder bei einer Fahrt mit dem Arena Coaster \u2013 die Zillertal Arena ist ein Urlaubsparadies f\u00fcr Gro\u00df und Klein. Der gelbe FUNty, das Arena Maskottchen, wartet schon auf seine G\u00e4ste! Mit ihm k\u00f6nnen die Kleinen ihre ersten Schw\u00fcnge im Schnee ziehen \u2013 und die ganze Familie saust dann die l\u00e4ngste Rodelbahn im Zillertal hinunter. Zahlreiche erstklassige Skih\u00fctten verw\u00f6hnen anschlie\u00dfend mit kulinarischen Hochgen\u00fcssen zur St\u00e4rkung.<\/p>\n<p>Auch Apr\u00e8s-Ski-Fans kommen in den vielen Lokalen im Skigebiet oder an den Talstationen voll auf ihre Kosten. Schneespa\u00df garantiert!<\/p>\n<p>&nbsp;<\/p>\n<p><b>NEU:<\/b><\/p>\n<ul>\n<li><b>Dorfbahn Gerlos:<\/b>\u00a0Ganz stressfrei ohne Auto mit Skibus oder einfach zu Fu\u00df mit der neuen Dorfbahn den Skitag starten.<\/li>\n<li><b>Arena Champions:\u00a0<\/b>Wer 6 von 13 Arena Champions Stationen absolviert, erh\u00e4lt automatisch das Champions-Book &#8211; ein Photoalbum mit tollen Erinnerungen f\u00fcr zu Hause.<\/li>\n<\/ul>\n<p>&nbsp;<\/p>\n<p>&nbsp;<\/p>\n<h4 id=\"ui-id-1\" class=\"wpAccordionHeader wpStartOpen ui-accordion-header ui-state-default ui-accordion-icons ui-accordion-header-active ui-state-active ui-corner-top\" tabindex=\"0\" role=\"tab\" aria-controls=\"ui-id-2\" aria-selected=\"true\" aria-expanded=\"true\"><span class=\"ttgAccordionLabel\">Zillertaler Supers<\/span><span class=\"ttgAccordionLabel\">kipass<\/span><i class=\"fa fa-angle-up\"><\/i><\/h4>\n<div id=\"ui-id-2\" class=\"wpAccordionBody ui-accordion-content ui-helper-reset ui-widget-content ui-corner-bottom ui-accordion-content-active\" role=\"tabpanel\" aria-labelledby=\"ui-id-1\" aria-hidden=\"false\">\n<p>Der\u00a0<a href=\"https:\/\/www.zillertal.at\/tipps\/winter\/zillertaler-superskipass.html\" target=\"_blank\" rel=\"noopener noreferrer\">Zillertaler Superskipass<\/a>\u00a0ist das All-in-One-Ticket f\u00fcr den ultimativen Pistenspa\u00df im gr\u00f6\u00dften Skital der Welt. Insgesamt 515 Pistenkilometer und 179 Liftanlagen in den 4 Gro\u00dfraumskigebieten (Hochzillertal-Hochf\u00fcgen-Spieljoch, Zillertal Arena, Mayrhofner Bergbahnen, Ski-&amp; Gletscherwelt Zillertal 3000) stehen mit einer einzigen Karte offen.<\/div>\n<p>&nbsp;<\/p>\n<p>&nbsp;<\/p>\n<p><b>ZILLERTAL ARENA<br \/>\n<\/b>Gesamtl\u00e4nge der Abfahrten:\u00a0143 km<br \/>\nGesamtf\u00f6rderleistung:\u00a087.700 Pers.\/Stunde<br \/>\nPistenfl\u00e4che:\u00a0416 ha<br \/>\nLiftanlagen: 52<br \/>\nLiftanlagen inkl. Wildkogel: 71<\/div>\r\n                            <\/div>\r\n                     <\/div><div class=\"panel panel-default\">\r\n                            <div class=\"panel-heading\">\r\n                                <h4 class=\"panel-title\">\r\n                                   <a href=\"#collapse-94683807\" data-parent=\"#accordion\" data-toggle=\"collapse\">Hochzillertal \u2013 Hochf\u00fcgen \u2013 Spieljoch\r\n                                    <span class=\"st_1777893841\"><\/span>\r\n                                   <\/a>\r\n                                <\/h4>\r\n                            <\/div>\r\n                            <div id=\"collapse-94683807\" class=\"panel-collapse collapse\" >\r\n                                <div class=\"panel-body\"><\/p>\n<div>\n<h3><b>HOCHZILLERTAL &#8211; KALTENBACH UND HOCHF\u00dcGEN<\/b><\/h3>\n<p><b>Best Connection: Ein wahr gewordener Wintertraum f\u00fcr die ganze Familie<\/b><\/div>\n<div>\n<p>Skifahren bis auf 2.500m \u2013 mit 89 km bestens pr\u00e4parierten Pisten, schnellen, modernen Liftanlagen und einem vielf\u00e4ltigen Angebot an spannenden Aktivit\u00e4ten setzen Hochf\u00fcgen und Hochzillertal v\u00f6llig neue Ma\u00dfst\u00e4be f\u00fcr einen perfekten Skiurlaub f\u00fcr Snowboard-Profis, Rodel-Asse, Off-Piste-Fans und Skifahren mit der ganzen Familie. Hier kann man die wei\u00dfe Pracht in vollen Z\u00fcgen genie\u00dfen, w\u00e4hrend man auf der beleuchteten &#8220;Stephan Eberharter Goldpiste&#8221; oder der Talabfahrt Aschau talw\u00e4rts gleitet.<\/p>\n<p>&nbsp;\n<\/p><\/div>\n<div>\n<h3><b>F\u00dcGEN &#8211; SPIELJOCH<\/b><\/h3>\n<p><b>Neu und besser als je zuvor: Der Familien-Erlebnis-Berg begeistert mit 10er Spieljochbahn, Funslope, Funpark und vielem mehr<br \/>\n<\/b><\/div>\n<div>\n<p>Das Skigebiet Spieljoch ist das erste Skigebiet im Zillertal und bietet mit der l\u00e4ngsten beschneiten Talabfahrt im ganzen Zillertal traumhafte Skitage in deinem Winterurlaub mit der ganzen Familie!<\/p>\n<p><b>NEU:<\/b><\/p>\n<ul>\n<li>Neubau 10er Einseilumlaufahn Spieljochbahn<\/li>\n<li>Bergrestaurant &#8220;Bergloft&#8221; mit Lounge, Terrasse und Tagungsm\u00f6glichkeiten<\/li>\n<li>Funslope und Snowpark<\/li>\n<li>Rodelbahn mit 5,5 km ab Bergstation bis zur Mittelstation<\/li>\n<li>Winterwanderweg von der Bergstation zum Gipfelkreuz Spieljoch<\/li>\n<\/ul>\n<\/div>\n<p>&nbsp;<\/p>\n<p><b>HOCHZILLERTAL &#8211; HOCHF\u00dcGEN<\/b><br \/>\nGesamtl\u00e4nge der Abfahrten: 89 km<br \/>\nGesamtf\u00f6rderleistung: 63.500 Pers.\/Stunde<br \/>\nPistenfl\u00e4che: 258 ha<br \/>\nLiftanlagen: 39<\/p>\n<p>&nbsp;<\/p>\n<p><b>SPIELJOCH<\/b><br \/>\nGesamtl\u00e4nge der Abfahrten: 25,6 km<br \/>\nGesamtf\u00f6rderleistung: 17.945 Pers.\/Stunde<br \/>\nPistenfl\u00e4che: 80 ha<br \/>\nLiftanlagen: 10<\/div>\r\n                            <\/div>\r\n                     <\/div>\n<\/div><\/div>\n\t<\/div> \n<\/div><!--End .row--><\/div><!--End .container--><\/div>","protected":false},"excerpt":{"rendered":"Das Zillertal zweigt etwa 40\u00a0km \u00f6stlich von\u00a0Innsbruck, nahe\u00a0Jenbach, vom Inntal ab. Es ist das breiteste der s\u00fcdlichen Seitent\u00e4ler des\u00a0Inn. Es hat seinen Namen von dem Fluss\u00a0Ziller, der es von S\u00fcd nach Nord durchl\u00e4uft und bei\u00a0Strass im\u00a0Zillertal\u00a0in den Inn m\u00fcndet. Im engeren Sinn reicht das Tal von Strass bis\u00a0Mayrhofen. Dort teilt es sich in das\u00a0Tuxertal, das\u00a0Zemmtal, [...]","protected":false},"author":2,"featured_media":0,"parent":0,"menu_order":0,"comment_status":"closed","ping_status":"closed","template":"template-home.php","meta":[],"yst_prominent_words":[],"_links":{"self":[{"href":"https:\/\/nur-hotel.de\/en\/wp-json\/wp\/v2\/pages\/6301"}],"collection":[{"href":"https:\/\/nur-hotel.de\/en\/wp-json\/wp\/v2\/pages"}],"about":[{"href":"https:\/\/nur-hotel.de\/en\/wp-json\/wp\/v2\/types\/page"}],"author":[{"embeddable":true,"href":"https:\/\/nur-hotel.de\/en\/wp-json\/wp\/v2\/users\/2"}],"replies":[{"embeddable":true,"href":"https:\/\/nur-hotel.de\/en\/wp-json\/wp\/v2\/comments?post=6301"}],"version-history":[{"count":0,"href":"https:\/\/nur-hotel.de\/en\/wp-json\/wp\/v2\/pages\/6301\/revisions"}],"wp:attachment":[{"href":"https:\/\/nur-hotel.de\/en\/wp-json\/wp\/v2\/media?parent=6301"}],"wp:term":[{"taxonomy":"yst_prominent_words","embeddable":true,"href":"https:\/\/nur-hotel.de\/en\/wp-json\/wp\/v2\/yst_prominent_words?post=6301"}],"curies":[{"name":"wp","href":"https:\/\/api.w.org\/{rel}","templated":true}]}}