{"id":6999,"date":"2018-05-08T06:20:20","date_gmt":"2018-05-08T06:20:20","guid":{"rendered":"https:\/\/nur-hotel.de\/?page_id=6999"},"modified":"2019-12-11T11:31:04","modified_gmt":"2019-12-11T11:31:04","slug":"skiverleih","status":"publish","type":"page","link":"https:\/\/nur-hotel.de\/en\/skiverleih\/","title":{"rendered":"Skiverleih"},"content":{"rendered":"<div class=\"vc_row wpb_row st bg-holder vc_custom_1525770665657 vc_row-has-fill bg-parallax\"><div class=\"bg-mask\"><\/div><div class='container'><div class='row'>\n\t<div class=\"wpb_column column_container col-md-8 vc_custom_1418722867702\"><div class=\"vc_column-inner wpb_wrapper\">\n\t\t\t\n\t<div class=\"wpb_text_column wpb_content_element\" >\n\t\t<div class=\"wpb_wrapper\">\n\t\t\t<h2><strong><span style=\"color: #ffffff;\">Skiverleih Region Tux<\/span><\/strong><\/h2>\n\n\t\t<\/div>\n\t<\/div>\n\n\t<div class=\"wpb_text_column wpb_content_element  vc_custom_1525759732245\" >\n\t\t<div class=\"wpb_wrapper\">\n\t\t\t<p><span style=\"color: #ffffff;\">&gt; Intersport in Hintertux<\/span><\/p>\n<p><span style=\"color: #ffffff;\">&gt; Sport Nenner in Lanersbach<\/span><\/p>\n<p><span style=\"color: #ffffff;\">&gt; Skiverleih Insider in Vorderlanersbach<\/span><\/p>\n\n\t\t<\/div>\n\t<\/div>\n<\/div>\n\t<\/div> \n\n\t<div class=\"wpb_column column_container col-md-4\"><div class=\"vc_column-inner wpb_wrapper\">\n\t\t\t<div class=\"loc-info hidden-xs hidden-sm\">\r\n    <h3 class=\"loc-info-title\"> Zillertal &#8211; Alle Unterk\u00fcnfte<\/h3>\r\n            <p class=\"loc-info-weather\">\r\n       <span class=\"loc-info-weather-num\">\r\n       23.4       <\/span>\r\n            <i class=\"wi wi-cloudy loc-info-weather-icon\"><\/i>        <\/p>\r\n        <ul class=\"loc-info-list\">\r\n        <li><a href=\"https:\/\/nur-hotel.de\/en\/search-result-hotel-2\/?location_id=279&#038;pick-up=Zillertal%20&#8211;%20Alle%20Unterk\u00fcnfte&#038;location_name=Zillertal%20&#8211;%20Alle%20Unterk\u00fcnfte\"><i class=\"fa fa-building-o\"><\/i> 17 hotels from \u20ac51,00\/night<\/a><\/li>                    <\/ul>\r\n        <a class=\"btn btn-white btn-ghost mt10\" href=\"https:\/\/nur-hotel.de\/en\/search-result-hotel-2\/?location_id=279&#038;pick-up=Zillertal%20&#8211;%20Alle%20Unterk\u00fcnfte&#038;location_name=Zillertal%20&#8211;%20Alle%20Unterk\u00fcnfte\">\r\n        <i class=\"fa fa-angle-right\"><\/i>\r\n        \u00dcbersicht    <\/a>\r\n<\/div><\/div>\n\t<\/div> \n<\/div><!--End .row--><\/div><!--End .container--><\/div><div class=\"vc_row wpb_row st bg-holder vc_custom_1513076160757\"><div class='container'><div class='row'>        <div class=\"container\">\r\n            <div class=\"breadcrumb\">\r\n                        <ul class=\"breadcrumb  mt15\"> <li><a href=\"https:\/\/nur-hotel.de\/en\">Home<\/a><\/li> <\/ul>            <\/div>\r\n        <\/div>\r\n        \n\t<div class=\"wpb_column column_container col-md-12\"><div class=\"vc_column-inner wpb_wrapper\">\n\t\t\t\n\t<div class=\"wpb_text_column wpb_content_element  vc_custom_1576061458887\" >\n\t\t<div class=\"wpb_wrapper\">\n\t\t\t<h3>Skiverleih Tux<\/h3>\n\n\t\t<\/div>\n\t<\/div>\n\n\t<div class=\"wpb_text_column wpb_content_element  vc_custom_1576063863187\" >\n\t\t<div class=\"wpb_wrapper\">\n\t\t\t<p>Da\u00a0Tux\u00a0eines der sch\u00f6nsten Skigebiete ist, gibt es nat\u00fcrlich auch \u00fcberall Skiausr\u00fcstung zu leihen. Dabei haben einige der gr\u00f6\u00dferen Hotels eigene Skisalons, Skischulen besitzen auch oftmals einen eigenen Verleih. Wer sich lange Wege sparen will, achtet bei der Buchung des Winterurlaubes bereits auf Komplettpakete.<\/p>\n<p>Unvorbereitet Skier zu leihen ist besonders in der Hauptsaison teuer und manchmal ist die Auswahl dann auch nicht mehr recht gro\u00df. Es empfiehlt sich, besondere Gr\u00f6\u00dfen und Vorlieben vorab zu reservieren, manche Skiverleiher nehmen daf\u00fcr eine Vorauszahlung als Sicherheit.<\/p>\n<p>Bernhards Skistadl oder der Pistenfuchs bei Lanersbach haben von den G\u00e4sten die besten Bewertungen bekommen &#8211; sowohl f\u00fcr die Beratung als auch f\u00fcr das Preis-Leistungsverh\u00e4ltnis.<\/p>\n\n\t\t<\/div>\n\t<\/div>\n<\/div>\n\t<\/div> \n<\/div><!--End .row--><\/div><!--End .container--><\/div><div class=\"vc_row wpb_row st bg-holder vc_custom_1525760480087\"><div class='container'><div class='row'>\n\t<div class=\"wpb_column column_container col-md-4\"><div class=\"vc_column-inner wpb_wrapper\">\n\t\t\t\n\t<div  class=\"wpb_single_image wpb_content_element vc_align_center\">\n\t\t\n\t\t<figure class=\"wpb_wrapper vc_figure\">\n\t\t\t<a href=\"https:\/\/sportnenner.at\/rent\/step1\" target=\"_blank\" class=\"vc_single_image-wrapper vc_box_shadow  vc_box_border_grey\"><img width=\"360\" height=\"257\" src=\"https:\/\/nur-hotel.de\/wp-content\/uploads\/2018\/05\/skiverleih-sport-nenner-hintertux.jpg\" class=\"vc_single_image-img attachment-full\" alt=\"Skiverleih Sport Nenner Hintertux\" loading=\"lazy\" srcset=\"https:\/\/nur-hotel.de\/wp-content\/uploads\/2018\/05\/skiverleih-sport-nenner-hintertux.jpg 360w, https:\/\/nur-hotel.de\/wp-content\/uploads\/2018\/05\/skiverleih-sport-nenner-hintertux-600x428.jpg 600w, https:\/\/nur-hotel.de\/wp-content\/uploads\/2018\/05\/skiverleih-sport-nenner-hintertux-768x548.jpg 768w, https:\/\/nur-hotel.de\/wp-content\/uploads\/2018\/05\/skiverleih-sport-nenner-hintertux-16x12.jpg 16w\" sizes=\"(max-width: 360px) 100vw, 360px\" \/><\/a>\n\t\t<\/figure>\n\t<\/div>\n<\/div>\n\t<\/div> \n\n\t<div class=\"wpb_column column_container col-md-4\"><div class=\"vc_column-inner wpb_wrapper\">\n\t\t\t\n\t<div  class=\"wpb_single_image wpb_content_element vc_align_left\">\n\t\t\n\t\t<figure class=\"wpb_wrapper vc_figure\">\n\t\t\t<a href=\"https:\/\/www.intersport-hintertux.at\/rent\/verleih\/\" target=\"_blank\" class=\"vc_single_image-wrapper vc_box_shadow  vc_box_border_grey\"><img width=\"360\" height=\"257\" src=\"https:\/\/nur-hotel.de\/wp-content\/uploads\/2018\/05\/skiverleih-intersport-hintertux.jpg\" class=\"vc_single_image-img attachment-full\" alt=\"Skiverleih Intersport Hintertux\" loading=\"lazy\" srcset=\"https:\/\/nur-hotel.de\/wp-content\/uploads\/2018\/05\/skiverleih-intersport-hintertux.jpg 360w, https:\/\/nur-hotel.de\/wp-content\/uploads\/2018\/05\/skiverleih-intersport-hintertux-600x428.jpg 600w, https:\/\/nur-hotel.de\/wp-content\/uploads\/2018\/05\/skiverleih-intersport-hintertux-768x548.jpg 768w, https:\/\/nur-hotel.de\/wp-content\/uploads\/2018\/05\/skiverleih-intersport-hintertux-16x12.jpg 16w\" sizes=\"(max-width: 360px) 100vw, 360px\" \/><\/a>\n\t\t<\/figure>\n\t<\/div>\n<\/div>\n\t<\/div> \n\n\t<div class=\"wpb_column column_container col-md-4\"><div class=\"vc_column-inner wpb_wrapper\">\n\t\t\t\n\t<div  class=\"wpb_single_image wpb_content_element vc_align_right\">\n\t\t\n\t\t<figure class=\"wpb_wrapper vc_figure\">\n\t\t\t<a href=\"http:\/\/insider-sportshop.com\/\" target=\"_blank\" class=\"vc_single_image-wrapper vc_box_shadow  vc_box_border_grey\"><img width=\"360\" height=\"257\" src=\"https:\/\/nur-hotel.de\/wp-content\/uploads\/2018\/05\/skiverleih-insider-vorderlanersbach.jpg\" class=\"vc_single_image-img attachment-full\" alt=\"Skiverleih Insider Vorderlanersbach\" loading=\"lazy\" srcset=\"https:\/\/nur-hotel.de\/wp-content\/uploads\/2018\/05\/skiverleih-insider-vorderlanersbach.jpg 360w, https:\/\/nur-hotel.de\/wp-content\/uploads\/2018\/05\/skiverleih-insider-vorderlanersbach-600x428.jpg 600w, https:\/\/nur-hotel.de\/wp-content\/uploads\/2018\/05\/skiverleih-insider-vorderlanersbach-768x548.jpg 768w, https:\/\/nur-hotel.de\/wp-content\/uploads\/2018\/05\/skiverleih-insider-vorderlanersbach-16x12.jpg 16w\" sizes=\"(max-width: 360px) 100vw, 360px\" \/><\/a>\n\t\t<\/figure>\n\t<\/div>\n<\/div>\n\t<\/div> \n<\/div><!--End .row--><\/div><!--End .container--><\/div><div class=\"vc_row wpb_row st bg-holder\"><div class='container'><div class='row'>\n\t<div class=\"wpb_column column_container col-md-12\"><div class=\"vc_column-inner wpb_wrapper\">\n\t\t\t<div class=\"vc_empty_space\"   style=\"height: 50px\"><span class=\"vc_empty_space_inner\"><\/span><\/div><\/div>\n\t<\/div> \n<\/div><!--End .row--><\/div><!--End .container--><\/div>","protected":false},"excerpt":{"rendered":"Das Zillertal zweigt etwa 40\u00a0km \u00f6stlich von\u00a0Innsbruck, nahe\u00a0Jenbach, vom Inntal ab. Es ist das breiteste der s\u00fcdlichen Seitent\u00e4ler des\u00a0Inn. Es hat seinen Namen von dem Fluss\u00a0Ziller, der es von S\u00fcd nach Nord durchl\u00e4uft und bei\u00a0Strass im\u00a0Zillertal\u00a0in den Inn m\u00fcndet. Im engeren Sinn reicht das Tal von Strass bis\u00a0Mayrhofen. Dort teilt es sich in das\u00a0Tuxertal, das\u00a0Zemmtal, [...]","protected":false},"author":1,"featured_media":0,"parent":0,"menu_order":0,"comment_status":"closed","ping_status":"closed","template":"template-home.php","meta":[],"yst_prominent_words":[323,322,208,326,111,330,332,328,319,202,200,325,329,320,317,318,327,324,331,321],"_links":{"self":[{"href":"https:\/\/nur-hotel.de\/en\/wp-json\/wp\/v2\/pages\/6999"}],"collection":[{"href":"https:\/\/nur-hotel.de\/en\/wp-json\/wp\/v2\/pages"}],"about":[{"href":"https:\/\/nur-hotel.de\/en\/wp-json\/wp\/v2\/types\/page"}],"author":[{"embeddable":true,"href":"https:\/\/nur-hotel.de\/en\/wp-json\/wp\/v2\/users\/1"}],"replies":[{"embeddable":true,"href":"https:\/\/nur-hotel.de\/en\/wp-json\/wp\/v2\/comments?post=6999"}],"version-history":[{"count":0,"href":"https:\/\/nur-hotel.de\/en\/wp-json\/wp\/v2\/pages\/6999\/revisions"}],"wp:attachment":[{"href":"https:\/\/nur-hotel.de\/en\/wp-json\/wp\/v2\/media?parent=6999"}],"wp:term":[{"taxonomy":"yst_prominent_words","embeddable":true,"href":"https:\/\/nur-hotel.de\/en\/wp-json\/wp\/v2\/yst_prominent_words?post=6999"}],"curies":[{"name":"wp","href":"https:\/\/api.w.org\/{rel}","templated":true}]}}