{"id":7020,"date":"2018-05-08T07:00:58","date_gmt":"2018-05-08T07:00:58","guid":{"rendered":"https:\/\/nur-hotel.de\/?page_id=7020"},"modified":"2019-12-11T10:52:55","modified_gmt":"2019-12-11T10:52:55","slug":"restaurants","status":"publish","type":"page","link":"https:\/\/nur-hotel.de\/en\/restaurants\/","title":{"rendered":"Restaurants"},"content":{"rendered":"<div class=\"vc_row wpb_row st bg-holder vc_custom_1525769350408 vc_row-has-fill bg-parallax\"><div class=\"bg-mask\"><\/div><div class='container'><div class='row'>\n\t<div class=\"wpb_column column_container col-md-8 vc_custom_1418722867702\"><div class=\"vc_column-inner wpb_wrapper\">\n\t\t\t\n\t<div class=\"wpb_text_column wpb_content_element\" >\n\t\t<div class=\"wpb_wrapper\">\n\t\t\t<h2><strong><span style=\"color: #ffffff;\">Restaurants in Tux<\/span><\/strong><\/h2>\n\n\t\t<\/div>\n\t<\/div>\n\n\t<div class=\"wpb_text_column wpb_content_element  vc_custom_1576061043540\" >\n\t\t<div class=\"wpb_wrapper\">\n\t\t\t<p><span style=\"color: #ffffff;\">&gt; Top Restaurants in der Region Tux<\/span><\/p>\n<p><span style=\"color: #ffffff;\">&gt; Von der\u00a0gut b\u00fcrgerlichen K\u00fcche bis hin zur Pizzeria<\/span><\/p>\n<p><span style=\"color: #ffffff;\">&gt; In der Saison empfehlen wir eine Tischreservierung!<\/span><\/p>\n\n\t\t<\/div>\n\t<\/div>\n<\/div>\n\t<\/div> \n\n\t<div class=\"wpb_column column_container col-md-4\"><div class=\"vc_column-inner wpb_wrapper\">\n\t\t\t<div class=\"loc-info hidden-xs hidden-sm\">\r\n    <h3 class=\"loc-info-title\"> Zillertal &#8211; Alle Unterk\u00fcnfte<\/h3>\r\n            <p class=\"loc-info-weather\">\r\n       <span class=\"loc-info-weather-num\">\r\n       15.6       <\/span>\r\n            <i class=\"wi wi-day-rain-mix loc-info-weather-icon\"><\/i>        <\/p>\r\n        <ul class=\"loc-info-list\">\r\n        <li><a href=\"https:\/\/nur-hotel.de\/en\/search-result-hotel-2\/?location_id=279&#038;pick-up=Zillertal%20&#8211;%20Alle%20Unterk\u00fcnfte&#038;location_name=Zillertal%20&#8211;%20Alle%20Unterk\u00fcnfte\"><i class=\"fa fa-building-o\"><\/i> 17 hotels from \u20ac51,00\/night<\/a><\/li>                    <\/ul>\r\n        <a class=\"btn btn-white btn-ghost mt10\" href=\"https:\/\/nur-hotel.de\/en\/search-result-hotel-2\/?location_id=279&#038;pick-up=Zillertal%20&#8211;%20Alle%20Unterk\u00fcnfte&#038;location_name=Zillertal%20&#8211;%20Alle%20Unterk\u00fcnfte\">\r\n        <i class=\"fa fa-angle-right\"><\/i>\r\n        \u00dcbersicht    <\/a>\r\n<\/div><\/div>\n\t<\/div> \n<\/div><!--End .row--><\/div><!--End .container--><\/div><div class=\"vc_row wpb_row st bg-holder vc_custom_1525763271764\"><div class='container'><div class='row'>        <div class=\"container\">\r\n            <div class=\"breadcrumb\">\r\n                        <ul class=\"breadcrumb  mt15\"> <li><a href=\"https:\/\/nur-hotel.de\/en\">Home<\/a><\/li> <\/ul>            <\/div>\r\n        <\/div>\r\n        \n\t<div class=\"wpb_column column_container col-md-12\"><div class=\"vc_column-inner wpb_wrapper\">\n\t\t\t\n\t<div class=\"wpb_text_column wpb_content_element  vc_custom_1576061573640\" >\n\t\t<div class=\"wpb_wrapper\">\n\t\t\t<h3>Restaurants in Tux und Umgebung<\/h3>\n\n\t\t<\/div>\n\t<\/div>\n\n\t<div class=\"wpb_text_column wpb_content_element  vc_custom_1576061081305\" >\n\t\t<div class=\"wpb_wrapper\">\n\t\t\t<p>Kulinarisch hat die Gemeinde\u00a0Tux\u00a0einiges zu bieten &#8211; von klassischem H\u00fcttenschmaus bis hin zu europ\u00e4ischer Spitzengastronomie ist f\u00fcr jeden Gaumensinn etwas dabei. Besonderer Beliebtheit erfreut sich die Bergfriedalm im Bereich Lanersbach, die traditionelle H\u00fcttenklassiker anbietet &#8211; im urigen Ambiente. Steakhaus und Pizzeria treffen im Swings aufeinander, in welchem man gut mit gr\u00f6\u00dferen Gruppen einkehren kann.<\/p>\n<p>Wer Kaiserschmarrn und Topfenstrudel in seiner besten Form probieren m\u00f6chte, sollte unbedingt einen Abstecher in die Bichlalm Hintertux machen. Die Preise sind dort zwar eher gehoben, aber die Qualit\u00e4t ist es wert! Ein niedliches Tagesrestaurant ist das Vogelnest im Tuxertal. Um 16 Uhr schlie\u00dft dort unter die Woche die K\u00fcche, die sich auf kleine, innovative und \u00fcberraschende Gerichte spezialisiert hat.<\/p>\n\n\t\t<\/div>\n\t<\/div>\n<\/div>\n\t<\/div> \n<\/div><!--End .row--><\/div><!--End .container--><\/div><div class=\"vc_row wpb_row st bg-holder vc_custom_1525762880635 vc_row-has-fill\"><div class='container'><div class='row'>\n\t<div class=\"wpb_column column_container col-md-4\"><div class=\"vc_column-inner wpb_wrapper\">\n\t\t\t\n\t<div  class=\"wpb_single_image wpb_content_element vc_align_left\">\n\t\t\n\t\t<figure class=\"wpb_wrapper vc_figure\">\n\t\t\t<a href=\"http:\/\/www.pizzatux.at\/pizzaeck-hintertux\/\" target=\"_blank\" class=\"vc_single_image-wrapper   vc_box_border_grey\"><img width=\"360\" height=\"257\" src=\"https:\/\/nur-hotel.de\/wp-content\/uploads\/2018\/05\/pizzaeck.jpg\" class=\"vc_single_image-img attachment-full\" alt=\"Joe`s Pizzaeck Hintertux\" loading=\"lazy\" srcset=\"https:\/\/nur-hotel.de\/wp-content\/uploads\/2018\/05\/pizzaeck.jpg 360w, https:\/\/nur-hotel.de\/wp-content\/uploads\/2018\/05\/pizzaeck-600x428.jpg 600w, https:\/\/nur-hotel.de\/wp-content\/uploads\/2018\/05\/pizzaeck-768x548.jpg 768w, https:\/\/nur-hotel.de\/wp-content\/uploads\/2018\/05\/pizzaeck-16x12.jpg 16w\" sizes=\"(max-width: 360px) 100vw, 360px\" \/><\/a>\n\t\t<\/figure>\n\t<\/div>\n<\/div>\n\t<\/div> \n\n\t<div class=\"wpb_column column_container col-md-4\"><div class=\"vc_column-inner wpb_wrapper\">\n\t\t\t\n\t<div class=\"wpb_text_column wpb_content_element  vc_custom_1525763913840\" >\n\t\t<div class=\"wpb_wrapper\">\n\t\t\t<h4>Joe\u00b4s Pizzaeck in der Hohenhaus Tenne<\/h4>\n\n\t\t<\/div>\n\t<\/div>\n\n\t<div class=\"wpb_text_column wpb_content_element  vc_custom_1525764324012\" >\n\t\t<div class=\"wpb_wrapper\">\n\t\t\t<p>Hintertux 782<br \/>\n6293 Tux<br \/>\nTelefon:\u00a0<a class=\"ttgKontaktTelefon\" href=\"tel:+4352878501\">+43 5287 8501\u00a0<\/a><br \/>\nE-Mail:\u00a0info@tenne.com<a href=\"http:\/\/www.pizzatux.at\" target=\"_blank\" rel=\"noopener noreferrer\"><br \/>\n<\/a>Web:\u00a0<a href=\"http:\/\/www.pizzatux.at\" target=\"_blank\" rel=\"noopener noreferrer\">www.pizzatux.at<\/a><\/p>\n\n\t\t<\/div>\n\t<\/div>\n<\/div>\n\t<\/div> \n\n\t<div class=\"wpb_column column_container col-md-4\"><div class=\"vc_column-inner wpb_wrapper\">\n\t\t\t\n\t<div class=\"wpb_text_column wpb_content_element  vc_custom_1525764026327\" >\n\t\t<div class=\"wpb_wrapper\">\n\t\t\t<p><b>Speiseart \/ K\u00fcche<\/b><br \/>\nSelbstbedienung, Pizzeria<\/p>\n\n\t\t<\/div>\n\t<\/div>\n<div class=\"vc_btn3-container vc_btn3-inline vc_custom_1525764004526\" ><a class=\"vc_general vc_btn3 vc_btn3-size-md vc_btn3-shape-square vc_btn3-style-flat vc_btn3-icon-left vc_btn3-color-chino\" href=\"http:\/\/www.pizzatux.at\" title=\"\" target=\"_blank\"><i class=\"vc_btn3-icon fa fa-cutlery\"><\/i> Homepage<\/a><\/div><\/div>\n\t<\/div> \n<\/div><!--End .row--><\/div><!--End .container--><\/div><div class=\"vc_row wpb_row st bg-holder vc_custom_1525762880635 vc_row-has-fill\"><div class='container'><div class='row'>\n\t<div class=\"wpb_column column_container col-md-4\"><div class=\"vc_column-inner wpb_wrapper\">\n\t\t\t\n\t<div  class=\"wpb_single_image wpb_content_element vc_align_left\">\n\t\t\n\t\t<figure class=\"wpb_wrapper vc_figure\">\n\t\t\t<a href=\"https:\/\/www.hintertuxergletscher.at\/de\/skifahren\/aktuelles\/unsere-huetten\/wirtshaus-am-tuxer-ferner-bedienung\/\" target=\"_blank\" class=\"vc_single_image-wrapper   vc_box_border_grey\"><img width=\"360\" height=\"257\" src=\"https:\/\/nur-hotel.de\/wp-content\/uploads\/2018\/05\/Wirtshaus-am-Tuxer-Ferner.jpg\" class=\"vc_single_image-img attachment-full\" alt=\"Wirtshaus am Tuxer Ferner\" loading=\"lazy\" srcset=\"https:\/\/nur-hotel.de\/wp-content\/uploads\/2018\/05\/Wirtshaus-am-Tuxer-Ferner.jpg 360w, https:\/\/nur-hotel.de\/wp-content\/uploads\/2018\/05\/Wirtshaus-am-Tuxer-Ferner-600x428.jpg 600w, https:\/\/nur-hotel.de\/wp-content\/uploads\/2018\/05\/Wirtshaus-am-Tuxer-Ferner-768x548.jpg 768w, https:\/\/nur-hotel.de\/wp-content\/uploads\/2018\/05\/Wirtshaus-am-Tuxer-Ferner-16x12.jpg 16w\" sizes=\"(max-width: 360px) 100vw, 360px\" \/><\/a>\n\t\t<\/figure>\n\t<\/div>\n<\/div>\n\t<\/div> \n\n\t<div class=\"wpb_column column_container col-md-4\"><div class=\"vc_column-inner wpb_wrapper\">\n\t\t\t\n\t<div class=\"wpb_text_column wpb_content_element  vc_custom_1525764673191\" >\n\t\t<div class=\"wpb_wrapper\">\n\t\t\t<h4>Wirtshaus am Tuxer Ferner<\/h4>\n\n\t\t<\/div>\n\t<\/div>\n\n\t<div class=\"wpb_text_column wpb_content_element  vc_custom_1525764746365\" >\n\t\t<div class=\"wpb_wrapper\">\n\t\t\t<p>Hintertux 794<a href=\"http:\/\/www.pizzatux.at\" target=\"_blank\" rel=\"noopener noreferrer\"><br \/>\n<\/a>6293 Tux<br \/>\nTelefon:\u00a0<a class=\"ttgKontaktTelefon\" href=\"tel:+4352878510\">+43 5287 8510\u00a0<\/a><a href=\"http:\/\/www.pizzatux.at\" target=\"_blank\" rel=\"noopener noreferrer\"><br \/>\n<\/a>E-Mail:\u00a0info@hintertuxergletscher.at<a href=\"http:\/\/www.pizzatux.at\" target=\"_blank\" rel=\"noopener noreferrer\"><br \/>\n<\/a>Web: <a href=\"https:\/\/www.hintertuxergletscher.at\/de\/skifahren\/aktuelles\/unsere-huetten\/wirtshaus-am-tuxer-ferner-bedienung\/\" target=\"_blank\" rel=\"noopener noreferrer\">Kurzlink<\/a><\/p>\n\n\t\t<\/div>\n\t<\/div>\n<\/div>\n\t<\/div> \n\n\t<div class=\"wpb_column column_container col-md-4\"><div class=\"vc_column-inner wpb_wrapper\">\n\t\t\t\n\t<div class=\"wpb_text_column wpb_content_element  vc_custom_1525764711064\" >\n\t\t<div class=\"wpb_wrapper\">\n\t\t\t<p><b>Speiseart \/ K\u00fcche<\/b><br \/>\nMittagstisch, Regionale K\u00fcche, Hausmannskost<\/p>\n\n\t\t<\/div>\n\t<\/div>\n<div class=\"vc_btn3-container vc_btn3-inline vc_custom_1525764689584\" ><a class=\"vc_general vc_btn3 vc_btn3-size-md vc_btn3-shape-square vc_btn3-style-flat vc_btn3-icon-left vc_btn3-color-chino\" href=\"https:\/\/www.hintertuxergletscher.at\/de\/skifahren\/aktuelles\/unsere-huetten\/wirtshaus-am-tuxer-ferner-bedienung\/\" title=\"\" target=\"_blank\"><i class=\"vc_btn3-icon fa fa-cutlery\"><\/i> Homepage<\/a><\/div><\/div>\n\t<\/div> \n<\/div><!--End .row--><\/div><!--End .container--><\/div><div class=\"vc_row wpb_row st bg-holder vc_custom_1525763271764\"><div class='container'><div class='row'>\n\t<div class=\"wpb_column column_container col-md-12\"><div class=\"vc_column-inner wpb_wrapper\">\n\t\t\t\n\t<div class=\"wpb_text_column wpb_content_element\" >\n\t\t<div class=\"wpb_wrapper\">\n\t\t\t<h3>Restaurants in Madseit<\/h3>\n\n\t\t<\/div>\n\t<\/div>\n<\/div>\n\t<\/div> \n<\/div><!--End .row--><\/div><!--End .container--><\/div><div class=\"vc_row wpb_row st bg-holder vc_custom_1525762880635 vc_row-has-fill\"><div class='container'><div class='row'>\n\t<div class=\"wpb_column column_container col-md-4\"><div class=\"vc_column-inner wpb_wrapper\">\n\t\t\t\n\t<div  class=\"wpb_single_image wpb_content_element vc_align_left\">\n\t\t\n\t\t<figure class=\"wpb_wrapper vc_figure\">\n\t\t\t<a href=\"https:\/\/www.madseiterhof.com\/der-madseiterhof\/tiroler-kulinarium\/restaurants\/\" target=\"_blank\" class=\"vc_single_image-wrapper   vc_box_border_grey\"><img width=\"360\" height=\"257\" src=\"https:\/\/nur-hotel.de\/wp-content\/uploads\/2018\/05\/Wirtshaus-Madseiterhof.jpg\" class=\"vc_single_image-img attachment-full\" alt=\"Wirtshaus Madseiterhof\" loading=\"lazy\" srcset=\"https:\/\/nur-hotel.de\/wp-content\/uploads\/2018\/05\/Wirtshaus-Madseiterhof.jpg 360w, https:\/\/nur-hotel.de\/wp-content\/uploads\/2018\/05\/Wirtshaus-Madseiterhof-600x428.jpg 600w, https:\/\/nur-hotel.de\/wp-content\/uploads\/2018\/05\/Wirtshaus-Madseiterhof-768x548.jpg 768w, https:\/\/nur-hotel.de\/wp-content\/uploads\/2018\/05\/Wirtshaus-Madseiterhof-16x12.jpg 16w\" sizes=\"(max-width: 360px) 100vw, 360px\" \/><\/a>\n\t\t<\/figure>\n\t<\/div>\n<\/div>\n\t<\/div> \n\n\t<div class=\"wpb_column column_container col-md-4\"><div class=\"vc_column-inner wpb_wrapper\">\n\t\t\t\n\t<div class=\"wpb_text_column wpb_content_element  vc_custom_1525765919328\" >\n\t\t<div class=\"wpb_wrapper\">\n\t\t\t<h4>Wirtshaus Madseiterhof<\/h4>\n\n\t\t<\/div>\n\t<\/div>\n\n\t<div class=\"wpb_text_column wpb_content_element  vc_custom_1525766860293\" >\n\t\t<div class=\"wpb_wrapper\">\n\t\t\t<p>Madseit 692<br \/>\n6293 Tux<br \/>\nTelefon:\u00a0<a class=\"ttgKontaktTelefon\" href=\"tel:+43528787366\">+43 5287 87366\u00a0<\/a><br \/>\nE-Mail:\u00a0info@madseiterhof.at<br \/>\nWeb: <a href=\"http:\/\/www.madseiterhof.at\" target=\"_blank\" rel=\"noopener noreferrer\">www.madseiterhof.at<\/a><\/p>\n\n\t\t<\/div>\n\t<\/div>\n<\/div>\n\t<\/div> \n\n\t<div class=\"wpb_column column_container col-md-4\"><div class=\"vc_column-inner wpb_wrapper\">\n\t\t\t\n\t<div class=\"wpb_text_column wpb_content_element  vc_custom_1525766023309\" >\n\t\t<div class=\"wpb_wrapper\">\n\t\t\t<p><b>Speiseart \/ K\u00fcche<\/b><br \/>\nTraditionelle Tiroler K\u00fcche, Spezialit\u00e4ten wie Fondue und Zillertaler Hut<\/p>\n\n\t\t<\/div>\n\t<\/div>\n<div class=\"vc_btn3-container vc_btn3-inline vc_custom_1525765978051\" ><a class=\"vc_general vc_btn3 vc_btn3-size-md vc_btn3-shape-square vc_btn3-style-flat vc_btn3-icon-left vc_btn3-color-chino\" href=\"http:\/\/www.madseiterhof.at\" title=\"\" target=\"_blank\"><i class=\"vc_btn3-icon fa fa-cutlery\"><\/i> Homepage<\/a><\/div><\/div>\n\t<\/div> \n<\/div><!--End .row--><\/div><!--End .container--><\/div><div class=\"vc_row wpb_row st bg-holder\"><div class='container'><div class='row'>\n\t<div class=\"wpb_column column_container col-md-12\"><div class=\"vc_column-inner wpb_wrapper\">\n\t\t\t<div class=\"vc_empty_space\"   style=\"height: 50px\"><span class=\"vc_empty_space_inner\"><\/span><\/div><\/div>\n\t<\/div> \n<\/div><!--End .row--><\/div><!--End .container--><\/div>","protected":false},"excerpt":{"rendered":"Das Zillertal zweigt etwa 40\u00a0km \u00f6stlich von\u00a0Innsbruck, nahe\u00a0Jenbach, vom Inntal ab. Es ist das breiteste der s\u00fcdlichen Seitent\u00e4ler des\u00a0Inn. Es hat seinen Namen von dem Fluss\u00a0Ziller, der es von S\u00fcd nach Nord durchl\u00e4uft und bei\u00a0Strass im\u00a0Zillertal\u00a0in den Inn m\u00fcndet. Im engeren Sinn reicht das Tal von Strass bis\u00a0Mayrhofen. Dort teilt es sich in das\u00a0Tuxertal, das\u00a0Zemmtal, [...]","protected":false},"author":1,"featured_media":0,"parent":0,"menu_order":0,"comment_status":"closed","ping_status":"closed","template":"template-home.php","meta":[],"yst_prominent_words":[286,290,289,291,111,284,198,295,287,282,280,294,293,285,281,292,288,283,296,194],"_links":{"self":[{"href":"https:\/\/nur-hotel.de\/en\/wp-json\/wp\/v2\/pages\/7020"}],"collection":[{"href":"https:\/\/nur-hotel.de\/en\/wp-json\/wp\/v2\/pages"}],"about":[{"href":"https:\/\/nur-hotel.de\/en\/wp-json\/wp\/v2\/types\/page"}],"author":[{"embeddable":true,"href":"https:\/\/nur-hotel.de\/en\/wp-json\/wp\/v2\/users\/1"}],"replies":[{"embeddable":true,"href":"https:\/\/nur-hotel.de\/en\/wp-json\/wp\/v2\/comments?post=7020"}],"version-history":[{"count":0,"href":"https:\/\/nur-hotel.de\/en\/wp-json\/wp\/v2\/pages\/7020\/revisions"}],"wp:attachment":[{"href":"https:\/\/nur-hotel.de\/en\/wp-json\/wp\/v2\/media?parent=7020"}],"wp:term":[{"taxonomy":"yst_prominent_words","embeddable":true,"href":"https:\/\/nur-hotel.de\/en\/wp-json\/wp\/v2\/yst_prominent_words?post=7020"}],"curies":[{"name":"wp","href":"https:\/\/api.w.org\/{rel}","templated":true}]}}