{"id":7114,"date":"2018-05-09T11:01:21","date_gmt":"2018-05-09T11:01:21","guid":{"rendered":"https:\/\/nur-hotel.de\/?page_id=7114"},"modified":"2019-12-11T10:56:24","modified_gmt":"2019-12-11T10:56:24","slug":"apresski-tirol-austria","status":"publish","type":"page","link":"https:\/\/nur-hotel.de\/en\/apresski-tirol-austria\/","title":{"rendered":"Apresski"},"content":{"rendered":"<div class=\"vc_row wpb_row st bg-holder vc_custom_1525864285819 vc_row-has-fill bg-parallax\"><div class=\"bg-mask\"><\/div><div class='container'><div class='row'>\n\t<div class=\"wpb_column column_container col-md-8 vc_custom_1418722867702\"><div class=\"vc_column-inner wpb_wrapper\">\n\t\t\t\n\t<div class=\"wpb_text_column wpb_content_element\" >\n\t\t<div class=\"wpb_wrapper\">\n\t\t\t<h2><strong><span style=\"color: #ffffff;\">Apresski in der Region Tux<\/span><\/strong><\/h2>\n\n\t\t<\/div>\n\t<\/div>\n\n\t<div class=\"wpb_text_column wpb_content_element  vc_custom_1576060895345\" >\n\t\t<div class=\"wpb_wrapper\">\n\t\t\t<p><span style=\"color: #ffffff;\">&gt; Top Apresski Locations welche wir empfehlen!<\/span><\/p>\n<p><span style=\"color: #ffffff;\">&gt; Top-Live-Acts wie Mickie Krause, Melanie M\u00fcller, Antonia u.v.m.<\/span><\/p>\n<p><span style=\"color: #ffffff;\">&gt; Lass den Skitag mit absoluten Top DJ`s ausklingen!<\/span><\/p>\n\n\t\t<\/div>\n\t<\/div>\n<\/div>\n\t<\/div> \n\n\t<div class=\"wpb_column column_container col-md-4\"><div class=\"vc_column-inner wpb_wrapper\">\n\t\t\t<div class=\"loc-info hidden-xs hidden-sm\">\r\n    <h3 class=\"loc-info-title\"> Zillertal &#8211; Alle Unterk\u00fcnfte<\/h3>\r\n            <p class=\"loc-info-weather\">\r\n       <span class=\"loc-info-weather-num\">\r\n       23.4       <\/span>\r\n            <i class=\"wi wi-cloudy loc-info-weather-icon\"><\/i>        <\/p>\r\n        <ul class=\"loc-info-list\">\r\n        <li><a href=\"https:\/\/nur-hotel.de\/en\/search-result-hotel-2\/?location_id=279&#038;pick-up=Zillertal%20&#8211;%20Alle%20Unterk\u00fcnfte&#038;location_name=Zillertal%20&#8211;%20Alle%20Unterk\u00fcnfte\"><i class=\"fa fa-building-o\"><\/i> 17 hotels from \u20ac51,00\/night<\/a><\/li>                    <\/ul>\r\n        <a class=\"btn btn-white btn-ghost mt10\" href=\"https:\/\/nur-hotel.de\/en\/search-result-hotel-2\/?location_id=279&#038;pick-up=Zillertal%20&#8211;%20Alle%20Unterk\u00fcnfte&#038;location_name=Zillertal%20&#8211;%20Alle%20Unterk\u00fcnfte\">\r\n        <i class=\"fa fa-angle-right\"><\/i>\r\n        \u00dcbersicht    <\/a>\r\n<\/div><\/div>\n\t<\/div> \n<\/div><!--End .row--><\/div><!--End .container--><\/div><div class=\"vc_row wpb_row st bg-holder vc_custom_1525763271764\"><div class='container'><div class='row'>        <div class=\"container\">\r\n            <div class=\"breadcrumb\">\r\n                        <ul class=\"breadcrumb  mt15\"> <li><a href=\"https:\/\/nur-hotel.de\/en\">Home<\/a><\/li> <\/ul>            <\/div>\r\n        <\/div>\r\n        \n\t<div class=\"wpb_column column_container col-md-12\"><div class=\"vc_column-inner wpb_wrapper\">\n\t\t\t\n\t<div class=\"wpb_text_column wpb_content_element  vc_custom_1576061782806\" >\n\t\t<div class=\"wpb_wrapper\">\n\t\t\t<h3>Apresski &#8211; die besten Tipps in Tux!<\/h3>\n\n\t\t<\/div>\n\t<\/div>\n\n\t<div class=\"wpb_text_column wpb_content_element  vc_custom_1576060793621\" >\n\t\t<div class=\"wpb_wrapper\">\n\t\t\t<p>Als Hochalpine Wintersprotregion mit 100% Schneegarantie zwischen Oktober und Mai darf nat\u00fcrlich Apres-Ski als Bestandteil der Gemeinde nicht fehlen. Hinter Hintertux liegt der &#8220;Hexenkessel&#8221;, der durch seine ber\u00fchmte Happy Hour von 14:30-15:30 schon zur Beginn der Feierzeit viel Zulauf hat. Es ist eine klassische Diskothek mit Partystimmung und jungem Publikum und im Bereich Hintertux gelegen. Unweit davon liegt im Ortsteil Hintertux die &#8220;Hohenhaus Tenne&#8221;, eine Apres-Ski-Location, in der immer wieder verschiedene namhafte Szenek\u00fcnstler auftreten. Partyabende sind meistens zweimal in der Woche, abseits davon ist normaler Gastronomie- und Feierbetrieb.<\/p>\n<p>Durch die Gr\u00f6\u00dfe hat die Hohenhaus Tenne eine internationale Bekanntheit erreicht &#8211; hier trifft man auf Ski- und Snowboardstars der Weltspitze. Die Hohenhaus Tenne hat einen Apres-Ski Ableger in Lanersbach, die &#8220;Kleine Tenne&#8221;, und eine weitere Location in Schladming. Wer erst sp\u00e4ter in den Apres-Ski Abend starten m\u00f6chte, kann sich zum PapperlaPUB Nightclub in Hintertux begeben &#8211; auch dieser geh\u00f6rt zur Hohenhaus Tenne.<\/p>\n\n\t\t<\/div>\n\t<\/div>\n<\/div>\n\t<\/div> \n<\/div><!--End .row--><\/div><!--End .container--><\/div><div class=\"vc_row wpb_row st bg-holder vc_custom_1525762880635 vc_row-has-fill\"><div class='container'><div class='row'>\n\t<div class=\"wpb_column column_container col-md-4\"><div class=\"vc_column-inner wpb_wrapper\">\n\t\t\t\n\t<div  class=\"wpb_single_image wpb_content_element vc_align_left\">\n\t\t\n\t\t<figure class=\"wpb_wrapper vc_figure\">\n\t\t\t<a href=\"https:\/\/www.hintertuxergletscher.at\/de\/skifahren\/aktuelles\/unsere-huetten\/spannagelhaus-bedienung\/\" target=\"_blank\" class=\"vc_single_image-wrapper   vc_box_border_grey\"><img width=\"360\" height=\"257\" src=\"https:\/\/nur-hotel.de\/wp-content\/uploads\/2018\/05\/hohenhaus-tenne-hintertux1.jpg\" class=\"vc_single_image-img attachment-full\" alt=\"Hohenhaus Renne Hintertux\" loading=\"lazy\" srcset=\"https:\/\/nur-hotel.de\/wp-content\/uploads\/2018\/05\/hohenhaus-tenne-hintertux1.jpg 360w, https:\/\/nur-hotel.de\/wp-content\/uploads\/2018\/05\/hohenhaus-tenne-hintertux1-600x428.jpg 600w, https:\/\/nur-hotel.de\/wp-content\/uploads\/2018\/05\/hohenhaus-tenne-hintertux1-768x548.jpg 768w, https:\/\/nur-hotel.de\/wp-content\/uploads\/2018\/05\/hohenhaus-tenne-hintertux1-16x12.jpg 16w\" sizes=\"(max-width: 360px) 100vw, 360px\" \/><\/a>\n\t\t<\/figure>\n\t<\/div>\n<\/div>\n\t<\/div> \n\n\t<div class=\"wpb_column column_container col-md-4\"><div class=\"vc_column-inner wpb_wrapper\">\n\t\t\t\n\t<div class=\"wpb_text_column wpb_content_element  vc_custom_1525862344621\" >\n\t\t<div class=\"wpb_wrapper\">\n\t\t\t<h4>Hohenhaus Tenne<\/h4>\n\n\t\t<\/div>\n\t<\/div>\n\n\t<div class=\"wpb_text_column wpb_content_element  vc_custom_1525864826438\" >\n\t\t<div class=\"wpb_wrapper\">\n\t\t\t<p>Hintertux 782<br \/>\n6293 Tux<br \/>\nTelefon:\u00a0<a class=\"ttgKontaktTelefon\" href=\"tel:+4352878501\">+43 5287 8501\u00a0<\/a><br \/>\nE-Mail:\u00a0info@tenne.com<br \/>\nWeb: <a href=\"http:\/\/www.tenne.com\" target=\"_blank\" rel=\"noopener noreferrer\">www.tenne.com\u00a0<\/a><\/p>\n\n\t\t<\/div>\n\t<\/div>\n<\/div>\n\t<\/div> \n\n\t<div class=\"wpb_column column_container col-md-4\"><div class=\"vc_column-inner wpb_wrapper\">\n\t\t\t<div class=\"vc_btn3-container vc_btn3-inline vc_custom_1525862969792\" ><a class=\"vc_general vc_btn3 vc_btn3-size-md vc_btn3-shape-square vc_btn3-style-flat vc_btn3-icon-left vc_btn3-color-chino\" href=\"http:\/\/www.tenne.com\" title=\"\" target=\"_blank\"><i class=\"vc_btn3-icon fa fa-cutlery\"><\/i> Homepage<\/a><\/div><\/div>\n\t<\/div> \n<\/div><!--End .row--><\/div><!--End .container--><\/div><div class=\"vc_row wpb_row st bg-holder vc_custom_1525763271764\"><div class='container'><div class='row'>\n\t<div class=\"wpb_column column_container col-md-12\"><div class=\"vc_column-inner wpb_wrapper\">\n\t\t\t\n\t<div class=\"wpb_text_column wpb_content_element\" >\n\t\t<div class=\"wpb_wrapper\">\n\t\t\t<h3>Apresski Location in Lanersbach<\/h3>\n\n\t\t<\/div>\n\t<\/div>\n<\/div>\n\t<\/div> \n<\/div><!--End .row--><\/div><!--End .container--><\/div><div class=\"vc_row wpb_row st bg-holder vc_custom_1525762880635 vc_row-has-fill\"><div class='container'><div class='row'>\n\t<div class=\"wpb_column column_container col-md-4\"><div class=\"vc_column-inner wpb_wrapper\">\n\t\t\t\n\t<div  class=\"wpb_single_image wpb_content_element vc_align_left\">\n\t\t\n\t\t<figure class=\"wpb_wrapper vc_figure\">\n\t\t\t<a href=\"http:\/\/www.tenne.com\/kleine-tenne-lanersbach-tux\/\" target=\"_blank\" class=\"vc_single_image-wrapper   vc_box_border_grey\"><img width=\"360\" height=\"257\" src=\"https:\/\/nur-hotel.de\/wp-content\/uploads\/2018\/05\/Kleine-Tenne.jpg\" class=\"vc_single_image-img attachment-full\" alt=\"Kleine Tenne\" loading=\"lazy\" srcset=\"https:\/\/nur-hotel.de\/wp-content\/uploads\/2018\/05\/Kleine-Tenne.jpg 360w, https:\/\/nur-hotel.de\/wp-content\/uploads\/2018\/05\/Kleine-Tenne-600x428.jpg 600w, https:\/\/nur-hotel.de\/wp-content\/uploads\/2018\/05\/Kleine-Tenne-768x548.jpg 768w, https:\/\/nur-hotel.de\/wp-content\/uploads\/2018\/05\/Kleine-Tenne-16x12.jpg 16w\" sizes=\"(max-width: 360px) 100vw, 360px\" \/><\/a>\n\t\t<\/figure>\n\t<\/div>\n<\/div>\n\t<\/div> \n\n\t<div class=\"wpb_column column_container col-md-4\"><div class=\"vc_column-inner wpb_wrapper\">\n\t\t\t\n\t<div class=\"wpb_text_column wpb_content_element  vc_custom_1525864947931\" >\n\t\t<div class=\"wpb_wrapper\">\n\t\t\t<h4>Kleine Tenne<\/h4>\n\n\t\t<\/div>\n\t<\/div>\n\n\t<div class=\"wpb_text_column wpb_content_element  vc_custom_1525874761384\" >\n\t\t<div class=\"wpb_wrapper\">\n\t\t\t<p>Lanersbach 463<br \/>\n6293 Tux<br \/>\nTelefon:\u00a0<a class=\"ttgKontaktTelefon\" href=\"tel:+435287850155\">+43 5287 8501 &#8211; 55\u00a0<\/a><br \/>\nE-Mail:\u00a0info@tenne.com<br \/>\nWeb: <a href=\"http:\/\/www.tenne.com\" target=\"_blank\" rel=\"noopener noreferrer\">www.tenne.com\u00a0<\/a><\/p>\n\n\t\t<\/div>\n\t<\/div>\n<\/div>\n\t<\/div> \n\n\t<div class=\"wpb_column column_container col-md-4\"><div class=\"vc_column-inner wpb_wrapper\">\n\t\t\t<div class=\"vc_btn3-container vc_btn3-inline vc_custom_1525874586683\" ><a class=\"vc_general vc_btn3 vc_btn3-size-md vc_btn3-shape-square vc_btn3-style-flat vc_btn3-icon-left vc_btn3-color-chino\" href=\"http:\/\/www.hexenkessl-tux.at\" title=\"\" target=\"_blank\"><i class=\"vc_btn3-icon fa fa-cutlery\"><\/i> Homepage<\/a><\/div><\/div>\n\t<\/div> \n<\/div><!--End .row--><\/div><!--End .container--><\/div><div class=\"vc_row wpb_row st bg-holder\"><div class='container'><div class='row'>\n\t<div class=\"wpb_column column_container col-md-12\"><div class=\"vc_column-inner wpb_wrapper\">\n\t\t\t<div class=\"vc_empty_space\"   style=\"height: 50px\"><span class=\"vc_empty_space_inner\"><\/span><\/div><\/div>\n\t<\/div> \n<\/div><!--End .row--><\/div><!--End .container--><\/div>","protected":false},"excerpt":{"rendered":"Das Zillertal zweigt etwa 40\u00a0km \u00f6stlich von\u00a0Innsbruck, nahe\u00a0Jenbach, vom Inntal ab. Es ist das breiteste der s\u00fcdlichen Seitent\u00e4ler des\u00a0Inn. Es hat seinen Namen von dem Fluss\u00a0Ziller, der es von S\u00fcd nach Nord durchl\u00e4uft und bei\u00a0Strass im\u00a0Zillertal\u00a0in den Inn m\u00fcndet. Im engeren Sinn reicht das Tal von Strass bis\u00a0Mayrhofen. Dort teilt es sich in das\u00a0Tuxertal, das\u00a0Zemmtal, [...]","protected":false},"author":1,"featured_media":0,"parent":0,"menu_order":0,"comment_status":"closed","ping_status":"closed","template":"template-home.php","meta":[],"yst_prominent_words":[109,98,100,113,105,110,97,101,96,114,106,103,102,108,99,94,95,107,112,104],"_links":{"self":[{"href":"https:\/\/nur-hotel.de\/en\/wp-json\/wp\/v2\/pages\/7114"}],"collection":[{"href":"https:\/\/nur-hotel.de\/en\/wp-json\/wp\/v2\/pages"}],"about":[{"href":"https:\/\/nur-hotel.de\/en\/wp-json\/wp\/v2\/types\/page"}],"author":[{"embeddable":true,"href":"https:\/\/nur-hotel.de\/en\/wp-json\/wp\/v2\/users\/1"}],"replies":[{"embeddable":true,"href":"https:\/\/nur-hotel.de\/en\/wp-json\/wp\/v2\/comments?post=7114"}],"version-history":[{"count":0,"href":"https:\/\/nur-hotel.de\/en\/wp-json\/wp\/v2\/pages\/7114\/revisions"}],"wp:attachment":[{"href":"https:\/\/nur-hotel.de\/en\/wp-json\/wp\/v2\/media?parent=7114"}],"wp:term":[{"taxonomy":"yst_prominent_words","embeddable":true,"href":"https:\/\/nur-hotel.de\/en\/wp-json\/wp\/v2\/yst_prominent_words?post=7114"}],"curies":[{"name":"wp","href":"https:\/\/api.w.org\/{rel}","templated":true}]}}