{"id":7143,"date":"2018-05-09T14:32:14","date_gmt":"2018-05-09T14:32:14","guid":{"rendered":"https:\/\/nur-hotel.de\/?page_id=7143"},"modified":"2019-12-11T10:51:51","modified_gmt":"2019-12-11T10:51:51","slug":"skischulen","status":"publish","type":"page","link":"https:\/\/nur-hotel.de\/en\/skischulen\/","title":{"rendered":"Skischulen"},"content":{"rendered":"<div class=\"vc_row wpb_row st bg-holder vc_custom_1525770665657 vc_row-has-fill bg-parallax\"><div class=\"bg-mask\"><\/div><div class='container'><div class='row'>\n\t<div class=\"wpb_column column_container col-md-8 vc_custom_1418722867702\"><div class=\"vc_column-inner wpb_wrapper\">\n\t\t\t\n\t<div class=\"wpb_text_column wpb_content_element\" >\n\t\t<div class=\"wpb_wrapper\">\n\t\t\t<h2><strong><span style=\"color: #ffffff;\">Skischulen Tux-Finkenberg<\/span><\/strong><\/h2>\n\n\t\t<\/div>\n\t<\/div>\n\n\t<div class=\"wpb_text_column wpb_content_element  vc_custom_1576061258129\" >\n\t\t<div class=\"wpb_wrapper\">\n\t\t\t<p><span style=\"color: #ffffff;\">&gt; Dein Wintersport-Setup online reservieren.<\/span><\/p>\n<p><span style=\"color: #ffffff;\">&gt; Gruppenkurse &amp; Privatkurse<\/span><\/p>\n<p><span style=\"color: #ffffff;\">&gt; Bis zu \u2013 15 % Rabatt bei Online-Buchung<\/span><\/p>\n\n\t\t<\/div>\n\t<\/div>\n<\/div>\n\t<\/div> \n\n\t<div class=\"wpb_column column_container col-md-4\"><div class=\"vc_column-inner wpb_wrapper\">\n\t\t\t<div class=\"loc-info hidden-xs hidden-sm\">\r\n    <h3 class=\"loc-info-title\"> Zillertal &#8211; Alle Unterk\u00fcnfte<\/h3>\r\n            <p class=\"loc-info-weather\">\r\n       <span class=\"loc-info-weather-num\">\r\n       23.4       <\/span>\r\n            <i class=\"wi wi-cloudy loc-info-weather-icon\"><\/i>        <\/p>\r\n        <ul class=\"loc-info-list\">\r\n        <li><a href=\"https:\/\/nur-hotel.de\/en\/search-result-hotel-2\/?location_id=279&#038;pick-up=Zillertal%20&#8211;%20Alle%20Unterk\u00fcnfte&#038;location_name=Zillertal%20&#8211;%20Alle%20Unterk\u00fcnfte\"><i class=\"fa fa-building-o\"><\/i> 17 hotels from \u20ac51,00\/night<\/a><\/li>                    <\/ul>\r\n        <a class=\"btn btn-white btn-ghost mt10\" href=\"https:\/\/nur-hotel.de\/en\/search-result-hotel-2\/?location_id=279&#038;pick-up=Zillertal%20&#8211;%20Alle%20Unterk\u00fcnfte&#038;location_name=Zillertal%20&#8211;%20Alle%20Unterk\u00fcnfte\">\r\n        <i class=\"fa fa-angle-right\"><\/i>\r\n        \u00dcbersicht    <\/a>\r\n<\/div><\/div>\n\t<\/div> \n<\/div><!--End .row--><\/div><!--End .container--><\/div><div class=\"vc_row wpb_row st bg-holder vc_custom_1513076160757\"><div class='container'><div class='row'>        <div class=\"container\">\r\n            <div class=\"breadcrumb\">\r\n                        <ul class=\"breadcrumb  mt15\"> <li><a href=\"https:\/\/nur-hotel.de\/en\">Home<\/a><\/li> <\/ul>            <\/div>\r\n        <\/div>\r\n        \n\t<div class=\"wpb_column column_container col-md-12\"><div class=\"vc_column-inner wpb_wrapper\">\n\t\t\t\n\t<div class=\"wpb_text_column wpb_content_element  vc_custom_1576061179481\" >\n\t\t<div class=\"wpb_wrapper\">\n\t\t\t<h3>Skischulen in der Region Tux<\/h3>\n\n\t\t<\/div>\n\t<\/div>\n\n\t<div class=\"wpb_text_column wpb_content_element  vc_custom_1576061288208\" >\n\t\t<div class=\"wpb_wrapper\">\n\t\t\t<p>Die Skischule\u00a0TUX\u00a03000 in Hintertux wirbt mit den gef\u00fchrten Abfahrten von den h\u00f6chsten Bergen. Dort sind staatlich gepr\u00fcfte Skilehrer und Skif\u00fchrer am Werk, die meist schon langj\u00e4hrige Erfahrung im Gebiet haben. Das Portfolio umfasst Renntraining, Privatunterricht in Gruppen oder Einzelstunden, Langlauftraining, Freeriding, Skitouren und Familientage. Letztere sind besonders f\u00fcr Familien mit unterschiedlichen Skikentnissen interessant, die einen gemeinsamen spannenden Tag auf der Piste verbringen wollen.<\/p>\n<p>Die Privatskischule von Reiner Wechselberger richtet sich an Anf\u00e4nger, Wiedereinsteiger und Fortgeschrittene und geht speziell auf individuelle Bed\u00fcrfnisse ein. Wer einen Skitag abseits der Massen in\u00a0Tux\u00a0erleben m\u00f6chte, kann dort panoramaorientierte Naturskitouren buchen.<\/p>\n\n\t\t<\/div>\n\t<\/div>\n<\/div>\n\t<\/div> \n<\/div><!--End .row--><\/div><!--End .container--><\/div><div class=\"vc_row wpb_row st bg-holder vc_custom_1525875874672 vc_row-has-fill\"><div class='container'><div class='row'>\n\t<div class=\"wpb_column column_container col-md-4\"><div class=\"vc_column-inner wpb_wrapper\">\n\t\t\t\n\t<div  class=\"wpb_single_image wpb_content_element vc_align_left\">\n\t\t\n\t\t<figure class=\"wpb_wrapper vc_figure\">\n\t\t\t<div class=\"vc_single_image-wrapper   vc_box_border_grey\"><img width=\"360\" height=\"257\" src=\"https:\/\/nur-hotel.de\/wp-content\/uploads\/2018\/08\/tux3000.jpg\" class=\"vc_single_image-img attachment-full\" alt=\"\" loading=\"lazy\" srcset=\"https:\/\/nur-hotel.de\/wp-content\/uploads\/2018\/08\/tux3000.jpg 360w, https:\/\/nur-hotel.de\/wp-content\/uploads\/2018\/08\/tux3000-600x428.jpg 600w, https:\/\/nur-hotel.de\/wp-content\/uploads\/2018\/08\/tux3000-768x548.jpg 768w, https:\/\/nur-hotel.de\/wp-content\/uploads\/2018\/08\/tux3000-16x12.jpg 16w\" sizes=\"(max-width: 360px) 100vw, 360px\" \/><\/div>\n\t\t<\/figure>\n\t<\/div>\n<\/div>\n\t<\/div> \n\n\t<div class=\"wpb_column column_container col-md-4\"><div class=\"vc_column-inner wpb_wrapper\">\n\t\t\t\n\t<div class=\"wpb_text_column wpb_content_element  vc_custom_1534355131463\" >\n\t\t<div class=\"wpb_wrapper\">\n\t\t\t<h4 class=\"mpc-icon-column__heading mpc-typography--mpc_preset_93 mpc-transition\" style=\"text-align: center;\">TUX 3000<\/h4>\n\n\t\t<\/div>\n\t<\/div>\n\n\t<div class=\"wpb_text_column wpb_content_element  vc_custom_1534355541077\" >\n\t\t<div class=\"wpb_wrapper\">\n\t\t\t<h5 style=\"text-align: center;\"><strong>PRIVATSKISCHULE TUX 3000 TOP. PRIVATE<\/strong><\/h5>\n<p style=\"text-align: center;\">Sparen Sie Urlaubszeit. Vor dem Skiurlaub das gew\u00fcnschte<\/p>\n<p style=\"text-align: center;\">Heute noch Online buchen!<\/p>\n\n\t\t<\/div>\n\t<\/div>\n<\/div>\n\t<\/div> \n\n\t<div class=\"wpb_column column_container col-md-4\"><div class=\"vc_column-inner wpb_wrapper\">\n\t\t\t<div class=\"vc_btn3-container vc_btn3-center vc_custom_1534355097909\" ><a class=\"vc_general vc_btn3 vc_btn3-size-md vc_btn3-shape-square vc_btn3-style-flat vc_btn3-icon-left vc_btn3-color-chino\" href=\"http:\/\/www.tux-3000.at\/?locale=de_DE\" title=\"\" target=\"_blank\"><i class=\"vc_btn3-icon fa fa-cutlery\"><\/i> Homepage<\/a><\/div><\/div>\n\t<\/div> \n<\/div><!--End .row--><\/div><!--End .container--><\/div><div class=\"vc_row wpb_row st bg-holder vc_custom_1534356310609\"><div class='container'><div class='row'>\n\t<div class=\"wpb_column column_container col-md-12\"><div class=\"vc_column-inner wpb_wrapper\">\n\t\t\t\n\t<div class=\"wpb_text_column wpb_content_element  vc_custom_1534356345155\" >\n\t\t<div class=\"wpb_wrapper\">\n\t\t\t<h3>Skischulen\u00a0in Finkenberg<\/h3>\n\n\t\t<\/div>\n\t<\/div>\n<\/div>\n\t<\/div> \n<\/div><!--End .row--><\/div><!--End .container--><\/div><div class=\"vc_row wpb_row st bg-holder vc_custom_1525875874672 vc_row-has-fill\"><div class='container'><div class='row'>\n\t<div class=\"wpb_column column_container col-md-4\"><div class=\"vc_column-inner wpb_wrapper\">\n\t\t\t\n\t<div  class=\"wpb_single_image wpb_content_element vc_align_left\">\n\t\t\n\t\t<figure class=\"wpb_wrapper vc_figure\">\n\t\t\t<div class=\"vc_single_image-wrapper   vc_box_border_grey\"><img width=\"360\" height=\"257\" src=\"https:\/\/nur-hotel.de\/wp-content\/uploads\/2018\/08\/sunny.jpg\" class=\"vc_single_image-img attachment-full\" alt=\"\" loading=\"lazy\" srcset=\"https:\/\/nur-hotel.de\/wp-content\/uploads\/2018\/08\/sunny.jpg 360w, https:\/\/nur-hotel.de\/wp-content\/uploads\/2018\/08\/sunny-600x428.jpg 600w, https:\/\/nur-hotel.de\/wp-content\/uploads\/2018\/08\/sunny-768x548.jpg 768w, https:\/\/nur-hotel.de\/wp-content\/uploads\/2018\/08\/sunny-16x12.jpg 16w\" sizes=\"(max-width: 360px) 100vw, 360px\" \/><\/div>\n\t\t<\/figure>\n\t<\/div>\n<\/div>\n\t<\/div> \n\n\t<div class=\"wpb_column column_container col-md-4\"><div class=\"vc_column-inner wpb_wrapper\">\n\t\t\t\n\t<div class=\"wpb_text_column wpb_content_element  vc_custom_1534356105919\" >\n\t\t<div class=\"wpb_wrapper\">\n\t\t\t<h4 class=\"mpc-icon-column__heading mpc-typography--mpc_preset_93 mpc-transition\" style=\"text-align: center;\">SUNNY SKI- &amp; SNOWBOARDSCHULE<\/h4>\n\n\t\t<\/div>\n\t<\/div>\n\n\t<div class=\"wpb_text_column wpb_content_element  vc_custom_1534356219802\" >\n\t\t<div class=\"wpb_wrapper\">\n\t\t\t<h5 style=\"text-align: center;\"><strong>PERS\u00d6NLICH &#8211; INDIVIUDELL &#8211; KOMPETENT<\/strong><\/h5>\n<p style=\"text-align: center;\">Skikurse f\u00fcr die ganze Familie<\/p>\n<p style=\"text-align: center;\">Skiverleih und Ski- &amp; Snowboard Service<\/p>\n\n\t\t<\/div>\n\t<\/div>\n<\/div>\n\t<\/div> \n\n\t<div class=\"wpb_column column_container col-md-4\"><div class=\"vc_column-inner wpb_wrapper\">\n\t\t\t<div class=\"vc_btn3-container vc_btn3-center vc_custom_1534356024553\" ><a class=\"vc_general vc_btn3 vc_btn3-size-md vc_btn3-shape-square vc_btn3-style-flat vc_btn3-icon-left vc_btn3-color-chino\" href=\"https:\/\/www.skischulesunny.at\/\" title=\"\" target=\"_blank\"><i class=\"vc_btn3-icon fa fa-cutlery\"><\/i> Homepage<\/a><\/div><\/div>\n\t<\/div> \n<\/div><!--End .row--><\/div><!--End .container--><\/div><div class=\"vc_row wpb_row st bg-holder vc_custom_1525875874672 vc_row-has-fill\"><div class='container'><div class='row'>\n\t<div class=\"wpb_column column_container col-md-4\"><div class=\"vc_column-inner wpb_wrapper\">\n\t\t\t\n\t<div  class=\"wpb_single_image wpb_content_element vc_align_left\">\n\t\t\n\t\t<figure class=\"wpb_wrapper vc_figure\">\n\t\t\t<div class=\"vc_single_image-wrapper   vc_box_border_grey\"><img width=\"360\" height=\"257\" src=\"https:\/\/nur-hotel.de\/wp-content\/uploads\/2018\/08\/skischule-finkenberg.jpg\" class=\"vc_single_image-img attachment-full\" alt=\"\" loading=\"lazy\" srcset=\"https:\/\/nur-hotel.de\/wp-content\/uploads\/2018\/08\/skischule-finkenberg.jpg 360w, https:\/\/nur-hotel.de\/wp-content\/uploads\/2018\/08\/skischule-finkenberg-600x428.jpg 600w, https:\/\/nur-hotel.de\/wp-content\/uploads\/2018\/08\/skischule-finkenberg-768x548.jpg 768w, https:\/\/nur-hotel.de\/wp-content\/uploads\/2018\/08\/skischule-finkenberg-16x12.jpg 16w\" sizes=\"(max-width: 360px) 100vw, 360px\" \/><\/div>\n\t\t<\/figure>\n\t<\/div>\n<\/div>\n\t<\/div> \n\n\t<div class=\"wpb_column column_container col-md-4\"><div class=\"vc_column-inner wpb_wrapper\">\n\t\t\t\n\t<div class=\"wpb_text_column wpb_content_element  vc_custom_1534356462086\" >\n\t\t<div class=\"wpb_wrapper\">\n\t\t\t<h4 class=\"mpc-icon-column__heading mpc-typography--mpc_preset_93 mpc-transition\" style=\"text-align: center;\">SKISCHULE FINKENBERG<\/h4>\n\n\t\t<\/div>\n\t<\/div>\n\n\t<div class=\"wpb_text_column wpb_content_element  vc_custom_1534356547856\" >\n\t\t<div class=\"wpb_wrapper\">\n\t\t\t<h5 style=\"text-align: center;\"><strong>SKIFAHREN WIE EIN PROFI!<\/strong><\/h5>\n<p style=\"text-align: center;\">Buchungsstelle &#8211; Kartenverkauf &#8211; Anmeldung<\/p>\n<p style=\"text-align: center;\">direkt bei der Talstation der Gondelbahn Finkenberg<\/p>\n\n\t\t<\/div>\n\t<\/div>\n<\/div>\n\t<\/div> \n\n\t<div class=\"wpb_column column_container col-md-4\"><div class=\"vc_column-inner wpb_wrapper\">\n\t\t\t<div class=\"vc_btn3-container vc_btn3-center vc_custom_1534356428400\" ><a class=\"vc_general vc_btn3 vc_btn3-size-md vc_btn3-shape-square vc_btn3-style-flat vc_btn3-icon-left vc_btn3-color-chino\" href=\"https:\/\/www.skischule-finkenberg.at\/de\/\" title=\"\" target=\"_blank\"><i class=\"vc_btn3-icon fa fa-cutlery\"><\/i> Homepage<\/a><\/div><\/div>\n\t<\/div> \n<\/div><!--End .row--><\/div><!--End .container--><\/div><div class=\"vc_row wpb_row st bg-holder vc_custom_1513076160757\"><div class='container'><div class='row'>\n\t<div class=\"wpb_column column_container col-md-12\"><div class=\"vc_column-inner wpb_wrapper\">\n\t\t\t<div class=\"vc_empty_space\"   style=\"height: 60px\"><span class=\"vc_empty_space_inner\"><\/span><\/div><\/div>\n\t<\/div> \n<\/div><!--End .row--><\/div><!--End .container--><\/div>\n\t<div class=\"wpb_column column_container col-md-12\"><div class=\"vc_column-inner wpb_wrapper\">\n\t\t\t<\/div>\n\t<\/div>","protected":false},"excerpt":{"rendered":"Das Zillertal zweigt etwa 40\u00a0km \u00f6stlich von\u00a0Innsbruck, nahe\u00a0Jenbach, vom Inntal ab. Es ist das breiteste der s\u00fcdlichen Seitent\u00e4ler des\u00a0Inn. Es hat seinen Namen von dem Fluss\u00a0Ziller, der es von S\u00fcd nach Nord durchl\u00e4uft und bei\u00a0Strass im\u00a0Zillertal\u00a0in den Inn m\u00fcndet. Im engeren Sinn reicht das Tal von Strass bis\u00a0Mayrhofen. Dort teilt es sich in das\u00a0Tuxertal, das\u00a0Zemmtal, [...]","protected":false},"author":1,"featured_media":0,"parent":0,"menu_order":0,"comment_status":"closed","ping_status":"closed","template":"template-home.php","meta":[],"yst_prominent_words":[525,191,111,306,526,316,309,315,107,303,312],"_links":{"self":[{"href":"https:\/\/nur-hotel.de\/en\/wp-json\/wp\/v2\/pages\/7143"}],"collection":[{"href":"https:\/\/nur-hotel.de\/en\/wp-json\/wp\/v2\/pages"}],"about":[{"href":"https:\/\/nur-hotel.de\/en\/wp-json\/wp\/v2\/types\/page"}],"author":[{"embeddable":true,"href":"https:\/\/nur-hotel.de\/en\/wp-json\/wp\/v2\/users\/1"}],"replies":[{"embeddable":true,"href":"https:\/\/nur-hotel.de\/en\/wp-json\/wp\/v2\/comments?post=7143"}],"version-history":[{"count":0,"href":"https:\/\/nur-hotel.de\/en\/wp-json\/wp\/v2\/pages\/7143\/revisions"}],"wp:attachment":[{"href":"https:\/\/nur-hotel.de\/en\/wp-json\/wp\/v2\/media?parent=7143"}],"wp:term":[{"taxonomy":"yst_prominent_words","embeddable":true,"href":"https:\/\/nur-hotel.de\/en\/wp-json\/wp\/v2\/yst_prominent_words?post=7143"}],"curies":[{"name":"wp","href":"https:\/\/api.w.org\/{rel}","templated":true}]}}