{"id":7259,"date":"2018-06-18T06:59:33","date_gmt":"2018-06-18T06:59:33","guid":{"rendered":"https:\/\/nur-hotel.de\/?page_id=7259"},"modified":"2018-09-18T18:47:28","modified_gmt":"2018-09-18T18:47:28","slug":"sommerurlaub","status":"publish","type":"page","link":"https:\/\/nur-hotel.de\/en\/sommerurlaub\/","title":{"rendered":"Sommer"},"content":{"rendered":"<div class=\"vc_row wpb_row st bg-holder vc_custom_1529307509683 vc_row-has-fill bg-parallax\"><div class=\"bg-mask\"><\/div><div class='container'><div class='row'>\n\t<div class=\"wpb_column column_container col-md-8 vc_custom_1418722867702\"><div class=\"vc_column-inner wpb_wrapper\">\n\t\t\t\n\t<div class=\"wpb_text_column wpb_content_element\" >\n\t\t<div class=\"wpb_wrapper\">\n\t\t\t<h2><span style=\"color: #ffffff;\"><strong>Sommerurlaub in der Region Tux<\/strong><\/span><\/h2>\n\n\t\t<\/div>\n\t<\/div>\n\n\t<div class=\"wpb_text_column wpb_content_element  vc_custom_1529307757234\" >\n\t\t<div class=\"wpb_wrapper\">\n\t\t\t<p><span style=\"color: #ffffff;\">&gt; Sommerski &amp; Board<\/span><\/p>\n<p><span style=\"color: #ffffff;\">&gt; Gef\u00fchrte Gletschertouren<\/span><\/p>\n<p><span style=\"color: #ffffff;\">&gt; Canyoning<\/span><\/p>\n<p><span style=\"color: #ffffff;\">&gt; T\u00e4glich Kinderprogramm in der Playarena Tux<\/span><\/p>\n\n\t\t<\/div>\n\t<\/div>\n<\/div>\n\t<\/div> \n\n\t<div class=\"wpb_column column_container col-md-4\"><div class=\"vc_column-inner wpb_wrapper\">\n\t\t\t<div class=\"loc-info hidden-xs hidden-sm\">\r\n    <h3 class=\"loc-info-title\"> Zillertal &#8211; Alle Unterk\u00fcnfte<\/h3>\r\n            <p class=\"loc-info-weather\">\r\n       <span class=\"loc-info-weather-num\">\r\n       15.6       <\/span>\r\n            <i class=\"wi wi-day-rain-mix loc-info-weather-icon\"><\/i>        <\/p>\r\n        <ul class=\"loc-info-list\">\r\n        <li><a href=\"https:\/\/nur-hotel.de\/en\/search-result-hotel-2\/?location_id=279&#038;pick-up=Zillertal%20&#8211;%20Alle%20Unterk\u00fcnfte&#038;location_name=Zillertal%20&#8211;%20Alle%20Unterk\u00fcnfte\"><i class=\"fa fa-building-o\"><\/i> 17 hotels from \u20ac51,00\/night<\/a><\/li>                    <\/ul>\r\n        <a class=\"btn btn-white btn-ghost mt10\" href=\"https:\/\/nur-hotel.de\/en\/search-result-hotel-2\/?location_id=279&#038;pick-up=Zillertal%20&#8211;%20Alle%20Unterk\u00fcnfte&#038;location_name=Zillertal%20&#8211;%20Alle%20Unterk\u00fcnfte\">\r\n        <i class=\"fa fa-angle-right\"><\/i>\r\n        \u00dcbersicht    <\/a>\r\n<\/div><\/div>\n\t<\/div> \n<\/div><!--End .row--><\/div><!--End .container--><\/div><div class=\"vc_row wpb_row st bg-holder vc_custom_1525763271764\"><div class='container'><div class='row'>\n\t<div class=\"wpb_column column_container col-md-12\"><div class=\"vc_column-inner wpb_wrapper\">\n\t\t\t\n\t<div class=\"wpb_text_column wpb_content_element  vc_custom_1529308476415\" >\n\t\t<div class=\"wpb_wrapper\">\n\t\t\t<h3>Ein Sommerurlaub in der Region Tux!<\/h3>\n\n\t\t<\/div>\n\t<\/div>\n<\/div>\n\t<\/div> \n<\/div><!--End .row--><\/div><!--End .container--><\/div><div class=\"vc_row wpb_row st bg-holder\"><div class='container'><div class='row'>\n\t<div class=\"wpb_column column_container col-md-12\"><div class=\"vc_column-inner wpb_wrapper\">\n\t\t\t\n\t<div class=\"wpb_text_column wpb_content_element\" >\n\t\t<div class=\"wpb_wrapper\">\n\t\t\t<p>Die Urlaubsregion Tux im sch\u00f6nen <a href=\"https:\/\/www.zillertal.de\" target=\"_blank\" rel=\"noopener\">Zillertal<\/a> ist ein unvergleichliches Natur- &amp; Sportparadies am Fu\u00dfe des Hintertuxer Gletschers. Die Region bietet im Sommer Erholung f\u00fcr die ganze Familie! Die atemberaubende Bergwelt des Hintertuxer Gletscher, die angenehme Luft und das frische Quellwasser machen die Region Tux zu einer f\u00fchrenden Wanderregion f\u00fcr die ganze Familie. Mit 350 km Wanderwege, funkelnde Bergseen und eine Menge gem\u00fctlicher Almenh\u00fctten gew\u00e4hrleistet die Region Tux einen unbeschreiblich sch\u00f6nen Wanderurlaub in den Tuxer Bergen.<\/p>\n<p>Jede Menge Abwechslung bietet Tux-Finkenberg nat\u00fcrlich auch f\u00fcr alle Liebhaber aufregender Sportarten, wie Klettern, Mountainbiken oder <a href=\"https:\/\/www.zillertaler-flugschule.com\/\" target=\"_blank\" rel=\"noopener\">Paragleiten<\/a>.<\/p>\n<p>Alle G\u00e4ste die es im Sommerurlaub in der Region Tux eher etwas gem\u00fctlicher angehen lassen, k\u00f6nnen in den Freib\u00e4der der Ferienregion <a href=\"https:\/\/www.tux.at\" target=\"_blank\" rel=\"noopener\">Tux<\/a> die Sonne genie\u00dfen. Tennispl\u00e4tze sowie der neue <a href=\"https:\/\/www.golf-zillertal.at\/\" target=\"_blank\" rel=\"noopener\">Golfplatz in Uderns<\/a> sorgen f\u00fcr die n\u00f6tige Vielfalt!<\/p>\n\n\t\t<\/div>\n\t<\/div>\n<\/div>\n\t<\/div> \n<\/div><!--End .row--><\/div><!--End .container--><\/div><div class=\"vc_row wpb_row st bg-holder vc_custom_1529308974787\"><div class='container'><div class='row'>\n\t<div class=\"wpb_column column_container col-md-8\"><div class=\"vc_column-inner wpb_wrapper\">\n\t\t\t\n\t<div class=\"wpb_text_column wpb_content_element  vc_custom_1529308846169\" >\n\t\t<div class=\"wpb_wrapper\">\n\t\t\t<h3>Ein Sommerurlaub in Tux!<\/h3>\n\n\t\t<\/div>\n\t<\/div>\n\n\t<div class=\"wpb_text_column wpb_content_element\" >\n\t\t<div class=\"wpb_wrapper\">\n\t\t\t<ul>\n<li>350 km markierte Wanderwege und 150 km ausgeschilderte Nordic-Walking-Routen<\/li>\n<li>Naturpark Zillertaler Alpen, 422 km\u00b2 reinste Natur<\/li>\n<li>Schutz- und Almh\u00fctten in allen H\u00f6henlagen<\/li>\n<li>Gletschererlebnis am Hintertuxer Gletscher<\/li>\n<li>Gef\u00fchrte Wanderungen<\/li>\n<li>Kostenloser Wanderbus zwischen Finkenberg und Hintertux<\/li>\n<li>Wandertaxi zu den sch\u00f6nsten Almen im Tuxertal<\/li>\n<li>Aufstiegshilfen: Eggalmbahnen, Finkenberger Almbahnen und Hintertuxer Gletscher<\/li>\n<\/ul>\n\n\t\t<\/div>\n\t<\/div>\n<\/div>\n\t<\/div> \n\n\t<div class=\"wpb_column column_container col-md-4\"><div class=\"vc_column-inner wpb_wrapper\">\n\t\t\t\n\t<div  class=\"wpb_single_image wpb_content_element vc_align_left  vc_custom_1535189718085\">\n\t\t\n\t\t<figure class=\"wpb_wrapper vc_figure\">\n\t\t\t<div class=\"vc_single_image-wrapper   vc_box_border_grey\"><img width=\"510\" height=\"325\" src=\"https:\/\/nur-hotel.de\/wp-content\/uploads\/2018\/06\/wandern-hintertux-tux-zillertal.jpg\" class=\"vc_single_image-img attachment-full\" alt=\"Sommerurlaub\" loading=\"lazy\" srcset=\"https:\/\/nur-hotel.de\/wp-content\/uploads\/2018\/06\/wandern-hintertux-tux-zillertal.jpg 510w, https:\/\/nur-hotel.de\/wp-content\/uploads\/2018\/06\/wandern-hintertux-tux-zillertal-600x382.jpg 600w, https:\/\/nur-hotel.de\/wp-content\/uploads\/2018\/06\/wandern-hintertux-tux-zillertal-768x489.jpg 768w\" sizes=\"(max-width: 510px) 100vw, 510px\" \/><\/div>\n\t\t<\/figure>\n\t<\/div>\n<\/div>\n\t<\/div> \n<\/div><!--End .row--><\/div><!--End .container--><\/div><div class=\"vc_row wpb_row st bg-holder\"><div class='container'><div class='row'>\n\t<div class=\"wpb_column column_container col-md-12\"><div class=\"vc_column-inner wpb_wrapper\">\n\t\t\t<div id=\"notification-2\" class=\"notification\"><div class=\"notification-block\"><div class=\"notification-img\"><i class=\"fa fa-address-book\" aria-hidden=\"true\"><\/i><\/div><div class=\"notification-text-block\"><div class=\"notification-title\">Sommer<\/div><div class=\"notification-text\"><\/div><\/div><\/div><\/div>\n\t<div class=\"wpb_text_column wpb_content_element\" >\n\t\t<div class=\"wpb_wrapper\">\n\t\t\t\n\n\t\t<\/div>\n\t<\/div>\n<\/div>\n\t<\/div> \n<\/div><!--End .row--><\/div><!--End .container--><\/div>","protected":false},"excerpt":{"rendered":"Das Zillertal zweigt etwa 40\u00a0km \u00f6stlich von\u00a0Innsbruck, nahe\u00a0Jenbach, vom Inntal ab. Es ist das breiteste der s\u00fcdlichen Seitent\u00e4ler des\u00a0Inn. Es hat seinen Namen von dem Fluss\u00a0Ziller, der es von S\u00fcd nach Nord durchl\u00e4uft und bei\u00a0Strass im\u00a0Zillertal\u00a0in den Inn m\u00fcndet. Im engeren Sinn reicht das Tal von Strass bis\u00a0Mayrhofen. Dort teilt es sich in das\u00a0Tuxertal, das\u00a0Zemmtal, [...]","protected":false},"author":1,"featured_media":0,"parent":0,"menu_order":0,"comment_status":"closed","ping_status":"closed","template":"template-home.php","meta":[],"yst_prominent_words":[348,342,173,268,343,349,347,124,111,123,121,345,350,168,190,341,490,344,340,339],"_links":{"self":[{"href":"https:\/\/nur-hotel.de\/en\/wp-json\/wp\/v2\/pages\/7259"}],"collection":[{"href":"https:\/\/nur-hotel.de\/en\/wp-json\/wp\/v2\/pages"}],"about":[{"href":"https:\/\/nur-hotel.de\/en\/wp-json\/wp\/v2\/types\/page"}],"author":[{"embeddable":true,"href":"https:\/\/nur-hotel.de\/en\/wp-json\/wp\/v2\/users\/1"}],"replies":[{"embeddable":true,"href":"https:\/\/nur-hotel.de\/en\/wp-json\/wp\/v2\/comments?post=7259"}],"version-history":[{"count":0,"href":"https:\/\/nur-hotel.de\/en\/wp-json\/wp\/v2\/pages\/7259\/revisions"}],"wp:attachment":[{"href":"https:\/\/nur-hotel.de\/en\/wp-json\/wp\/v2\/media?parent=7259"}],"wp:term":[{"taxonomy":"yst_prominent_words","embeddable":true,"href":"https:\/\/nur-hotel.de\/en\/wp-json\/wp\/v2\/yst_prominent_words?post=7259"}],"curies":[{"name":"wp","href":"https:\/\/api.w.org\/{rel}","templated":true}]}}