{"id":7362,"date":"2018-07-04T11:54:13","date_gmt":"2018-07-04T11:54:13","guid":{"rendered":"https:\/\/nur-hotel.de\/?page_id=7362"},"modified":"2019-12-11T11:28:38","modified_gmt":"2019-12-11T11:28:38","slug":"paragleiten-tandemfluege-zillertal-tirol","status":"publish","type":"page","link":"https:\/\/nur-hotel.de\/en\/sommerurlaub\/paragleiten-tandemfluege-zillertal-tirol\/","title":{"rendered":"Paragleiten"},"content":{"rendered":"<div class=\"vc_row wpb_row st bg-holder vc_custom_1530705244603 vc_row-has-fill bg-parallax\"><div class=\"bg-mask\"><\/div><div class='container'><div class='row'>\n\t<div class=\"wpb_column column_container col-md-8 vc_custom_1418722867702\"><div class=\"vc_column-inner wpb_wrapper\">\n\t\t\t\n\t<div class=\"wpb_text_column wpb_content_element\" >\n\t\t<div class=\"wpb_wrapper\">\n\t\t\t<h2><strong><span style=\"color: #ffffff;\">Paragleiten im Zillertal\u00a0<\/span><\/strong><\/h2>\n\n\t\t<\/div>\n\t<\/div>\n\n\t<div class=\"wpb_text_column wpb_content_element  vc_custom_1576063606484\" >\n\t\t<div class=\"wpb_wrapper\">\n\t\t\t<p><span style=\"color: #ffffff;\">&gt; Ein absolut berauschendes Erlebnis!<\/span><\/p>\n<p><span style=\"color: #ffffff;\">&gt; Tandemflug buchen<\/span><\/p>\n<p><span style=\"color: #ffffff;\">&gt; Streckenflug bis zu 120 Minuten!<\/span><\/p>\n\n\t\t<\/div>\n\t<\/div>\n<\/div>\n\t<\/div> \n\n\t<div class=\"wpb_column column_container col-md-4\"><div class=\"vc_column-inner wpb_wrapper\">\n\t\t\t<div class=\"loc-info hidden-xs hidden-sm\">\r\n    <h3 class=\"loc-info-title\"> Zillertal &#8211; Alle Unterk\u00fcnfte<\/h3>\r\n            <p class=\"loc-info-weather\">\r\n       <span class=\"loc-info-weather-num\">\r\n       23.4       <\/span>\r\n            <i class=\"wi wi-cloudy loc-info-weather-icon\"><\/i>        <\/p>\r\n        <ul class=\"loc-info-list\">\r\n        <li><a href=\"https:\/\/nur-hotel.de\/en\/search-result-hotel-2\/?location_id=279&#038;pick-up=Zillertal%20&#8211;%20Alle%20Unterk\u00fcnfte&#038;location_name=Zillertal%20&#8211;%20Alle%20Unterk\u00fcnfte\"><i class=\"fa fa-building-o\"><\/i> 17 hotels from \u20ac51,00\/night<\/a><\/li>                    <\/ul>\r\n        <a class=\"btn btn-white btn-ghost mt10\" href=\"https:\/\/nur-hotel.de\/en\/search-result-hotel-2\/?location_id=279&#038;pick-up=Zillertal%20&#8211;%20Alle%20Unterk\u00fcnfte&#038;location_name=Zillertal%20&#8211;%20Alle%20Unterk\u00fcnfte\">\r\n        <i class=\"fa fa-angle-right\"><\/i>\r\n        \u00dcbersicht    <\/a>\r\n<\/div><\/div>\n\t<\/div> \n<\/div><!--End .row--><\/div><!--End .container--><\/div><div class=\"vc_row wpb_row st bg-holder vc_custom_1525763271764\"><div class='container'><div class='row'>        <div class=\"container\">\r\n            <div class=\"breadcrumb\">\r\n                        <ul class=\"breadcrumb  mt15\"> <li><a href=\"https:\/\/nur-hotel.de\/en\">Home<\/a><\/li> <\/ul>            <\/div>\r\n        <\/div>\r\n        \n\t<div class=\"wpb_column column_container col-md-12\"><div class=\"vc_column-inner wpb_wrapper\">\n\t\t\t\n\t<div class=\"wpb_text_column wpb_content_element  vc_custom_1576063716148\" >\n\t\t<div class=\"wpb_wrapper\">\n\t\t\t<h3><strong>Paragleiten in Tux am Hintertuxer Gletscher\u00a0<\/strong><\/h3>\n\n\t\t<\/div>\n\t<\/div>\n<\/div>\n\t<\/div> \n<\/div><!--End .row--><\/div><!--End .container--><\/div><div class=\"vc_row wpb_row st bg-holder\"><div class='container'><div class='row'>\n\t<div class=\"wpb_column column_container col-md-12\"><div class=\"vc_column-inner wpb_wrapper\">\n\t\t\t\n\t<div class=\"wpb_text_column wpb_content_element\" >\n\t\t<div class=\"wpb_wrapper\">\n\t\t\t<p>Wenn der Himmel hoch ist, die Sonne scheint und keine Regenwolke den Ausblick tr\u00fcbt, ist in\u00a0<strong>Tux\u00a0<\/strong>der beste Zeitpunkt zum <strong>Paragliding<\/strong>. Endlich einmal Fliegen! Es gibt offizielle Start- und Landepl\u00e4tze in Finkenberg-Penkenjoch. Die Startpl\u00e4tze sind gut mit der Almbahn zu erreichen. F\u00e4hige, erfahrene Tandem-Piloten bieten Paragleiten f\u00fcr Anf\u00e4nger im Tandemstuhl an.<\/p>\n<p>Das ist ein herrliches Geschenk f\u00fcr Kinder ab 12 Jahren. Den Paragleitflug in\u00a0Tux\u00a0wird man sein ganzes Leben lang nicht vergessen &#8211; es gibt englischsprachige <strong>Paragleitangebote<\/strong> f\u00fcr die vielen G\u00e4ste aus den britischen Inseln, die extra zum <strong>Paragleiten<\/strong> in <strong>Zillertal<\/strong> anreisen.<\/p>\n<p>So ein Paragleitflug ist ein beliebtes Weihnachtsgeschenk und kann prima mit einem <strong>Urlaub in\u00a0Tux<\/strong>\u00a0verbunden werden.<\/p>\n\n\t\t<\/div>\n\t<\/div>\n<\/div>\n\t<\/div> \n<\/div><!--End .row--><\/div><!--End .container--><\/div><div class=\"vc_row wpb_row st bg-holder vc_custom_1529563964668\"><div class='container'><div class='row'>\n\t<div class=\"wpb_column column_container col-md-6\"><div class=\"vc_column-inner wpb_wrapper\">\n\t\t\t\n\t<div  class=\"wpb_single_image wpb_content_element vc_align_right\">\n\t\t\n\t\t<figure class=\"wpb_wrapper vc_figure\">\n\t\t\t<a href=\"https:\/\/nur-hotel.de\/wp-content\/uploads\/2018\/07\/Paragleiten-Ausflug-Zillertal-Tux-Austria-1024x1024.jpg\" target=\"_self\" class=\"vc_single_image-wrapper   vc_box_border_grey\"><img width=\"660\" height=\"420\" src=\"https:\/\/nur-hotel.de\/wp-content\/uploads\/2018\/07\/Paragleiten-Ausflug-Zillertal-Tux-Austria.jpg\" class=\"vc_single_image-img attachment-full\" alt=\"Paragleiten Ausflug Zillertal Tux Austria\" loading=\"lazy\" srcset=\"https:\/\/nur-hotel.de\/wp-content\/uploads\/2018\/07\/Paragleiten-Ausflug-Zillertal-Tux-Austria.jpg 660w, https:\/\/nur-hotel.de\/wp-content\/uploads\/2018\/07\/Paragleiten-Ausflug-Zillertal-Tux-Austria-600x381.jpg 600w, https:\/\/nur-hotel.de\/wp-content\/uploads\/2018\/07\/Paragleiten-Ausflug-Zillertal-Tux-Austria-768x488.jpg 768w\" sizes=\"(max-width: 660px) 100vw, 660px\" \/><\/a>\n\t\t<\/figure>\n\t<\/div>\n<\/div>\n\t<\/div> \n\n\t<div class=\"wpb_column column_container col-md-6\"><div class=\"vc_column-inner wpb_wrapper\">\n\t\t\t<\/div>\n\t<\/div> \n<\/div><!--End .row--><\/div><!--End .container--><\/div><div class=\"vc_row wpb_row st bg-holder vc_custom_1529564553762\"><div class='container'><div class='row'>\n\t<div class=\"wpb_column column_container col-md-12\"><div class=\"vc_column-inner wpb_wrapper\">\n\t\t\t\n\t<div class=\"wpb_text_column wpb_content_element  vc_custom_1576063643157\" >\n\t\t<div class=\"wpb_wrapper\">\n\t\t\t<h3>Anbieter<\/h3>\n\n\t\t<\/div>\n\t<\/div>\n<\/div>\n\t<\/div> \n<\/div><!--End .row--><\/div><!--End .container--><\/div><div class=\"vc_row wpb_row st bg-holder vc_custom_1530711924991\"><div class='container'><div class='row'>\n\t<div class=\"wpb_column column_container col-md-6\"><div class=\"vc_column-inner wpb_wrapper\">\n\t\t\t\n\t<div class=\"wpb_text_column wpb_content_element\" >\n\t\t<div class=\"wpb_wrapper\">\n\t\t\t<p><strong>Insider &#8211; the sportshop<\/strong><br \/>\nVorderlanerlanersbach 83<br \/>\n6293 Tux<br \/>\nTel. +43 5287 86109 oder 87336<br \/>\n<a title=\"Opens internal link in current window\" href=\"mailto:info@insider-sportshop.at\">info@insider-sportshop.at<\/a><br \/>\n<a class=\"external-link-new-window\" title=\"Zur Website\" href=\"http:\/\/insider-sportshop.com\/\" target=\"_blank\" rel=\"noopener noreferrer\">www.insider-sportshop.com\u00a0<\/a><\/p>\n\n\t\t<\/div>\n\t<\/div>\n<\/div>\n\t<\/div> \n\n\t<div class=\"wpb_column column_container col-md-6\"><div class=\"vc_column-inner wpb_wrapper\">\n\t\t\t\n\t<div class=\"wpb_text_column wpb_content_element\" >\n\t\t<div class=\"wpb_wrapper\">\n\t\t\t<p><strong>Natursport Tirol<\/strong><br \/>\nLanersbach 367<br \/>\n6293 Tux<br \/>\nTel. +43 5287 87287<br \/>\n<a title=\"Opens internal link in current window\" href=\"mailto:info@natursport.at\">info@natursport.at<\/a><br \/>\n<a title=\"Zur Website\" href=\"http:\/\/www.natursport.at\/\" target=\"_blank\" rel=\"noopener noreferrer\">www.natursport.at<\/a><\/p>\n\n\t\t<\/div>\n\t<\/div>\n<\/div>\n\t<\/div> \n<\/div><!--End .row--><\/div><!--End .container--><\/div><div class=\"vc_row wpb_row st bg-holder vc_custom_1529379548333\"><div class='container'><div class='row'>\n\t<div class=\"wpb_column column_container col-md-12\"><div class=\"vc_column-inner wpb_wrapper\">\n\t\t\t<\/div>\n\t<\/div> \n<\/div><!--End .row--><\/div><!--End .container--><\/div>","protected":false},"excerpt":{"rendered":"Das Zillertal zweigt etwa 40\u00a0km \u00f6stlich von\u00a0Innsbruck, nahe\u00a0Jenbach, vom Inntal ab. Es ist das breiteste der s\u00fcdlichen Seitent\u00e4ler des\u00a0Inn. Es hat seinen Namen von dem Fluss\u00a0Ziller, der es von S\u00fcd nach Nord durchl\u00e4uft und bei\u00a0Strass im\u00a0Zillertal\u00a0in den Inn m\u00fcndet. Im engeren Sinn reicht das Tal von Strass bis\u00a0Mayrhofen. Dort teilt es sich in das\u00a0Tuxertal, das\u00a0Zemmtal, [...]","protected":false},"author":1,"featured_media":0,"parent":7259,"menu_order":0,"comment_status":"closed","ping_status":"closed","template":"template-home.php","meta":[],"yst_prominent_words":[109,98,196,97,199,386,121,387,383,380,388,385,390,391,389,382,384,381,107,189],"_links":{"self":[{"href":"https:\/\/nur-hotel.de\/en\/wp-json\/wp\/v2\/pages\/7362"}],"collection":[{"href":"https:\/\/nur-hotel.de\/en\/wp-json\/wp\/v2\/pages"}],"about":[{"href":"https:\/\/nur-hotel.de\/en\/wp-json\/wp\/v2\/types\/page"}],"author":[{"embeddable":true,"href":"https:\/\/nur-hotel.de\/en\/wp-json\/wp\/v2\/users\/1"}],"replies":[{"embeddable":true,"href":"https:\/\/nur-hotel.de\/en\/wp-json\/wp\/v2\/comments?post=7362"}],"version-history":[{"count":0,"href":"https:\/\/nur-hotel.de\/en\/wp-json\/wp\/v2\/pages\/7362\/revisions"}],"up":[{"embeddable":true,"href":"https:\/\/nur-hotel.de\/en\/wp-json\/wp\/v2\/pages\/7259"}],"wp:attachment":[{"href":"https:\/\/nur-hotel.de\/en\/wp-json\/wp\/v2\/media?parent=7362"}],"wp:term":[{"taxonomy":"yst_prominent_words","embeddable":true,"href":"https:\/\/nur-hotel.de\/en\/wp-json\/wp\/v2\/yst_prominent_words?post=7362"}],"curies":[{"name":"wp","href":"https:\/\/api.w.org\/{rel}","templated":true}]}}