{"id":7376,"date":"2018-07-04T14:38:16","date_gmt":"2018-07-04T14:38:16","guid":{"rendered":"https:\/\/nur-hotel.de\/?page_id=7376"},"modified":"2019-12-11T11:23:48","modified_gmt":"2019-12-11T11:23:48","slug":"golfen-im-zillertal","status":"publish","type":"page","link":"https:\/\/nur-hotel.de\/en\/sommerurlaub\/golfen-im-zillertal\/","title":{"rendered":"Golfen"},"content":{"rendered":"<div class=\"vc_row wpb_row st bg-holder vc_custom_1530715588180 vc_row-has-fill bg-parallax\"><div class=\"bg-mask\"><\/div><div class='container'><div class='row'>\n\t<div class=\"wpb_column column_container col-md-8 vc_custom_1418722867702\"><div class=\"vc_column-inner wpb_wrapper\">\n\t\t\t\n\t<div class=\"wpb_text_column wpb_content_element\" >\n\t\t<div class=\"wpb_wrapper\">\n\t\t\t<h2><span style=\"color: #ffffff;\"><strong>Golfen im Zillertal<\/strong><\/span><\/h2>\n\n\t\t<\/div>\n\t<\/div>\n\n\t<div class=\"wpb_text_column wpb_content_element  vc_custom_1530722793055\" >\n\t\t<div class=\"wpb_wrapper\">\n\t\t\t<p><span style=\"color: #ffffff;\">&gt; Golfplatz des Jahres<\/span><\/p>\n<p><span style=\"color: #ffffff;\">&gt; 65 Hektar Golferparadies<\/span><\/p>\n<p><span style=\"color: #ffffff;\">&gt; Driving Range<\/span><\/p>\n<p><span style=\"color: #ffffff;\">&gt; 18 Hole Meisterschaftsplatz<\/span><\/p>\n\n\t\t<\/div>\n\t<\/div>\n<\/div>\n\t<\/div> \n\n\t<div class=\"wpb_column column_container col-md-4\"><div class=\"vc_column-inner wpb_wrapper\">\n\t\t\t<div class=\"loc-info hidden-xs hidden-sm\">\r\n    <h3 class=\"loc-info-title\"> Zillertal &#8211; Alle Unterk\u00fcnfte<\/h3>\r\n            <p class=\"loc-info-weather\">\r\n       <span class=\"loc-info-weather-num\">\r\n       23.4       <\/span>\r\n            <i class=\"wi wi-cloudy loc-info-weather-icon\"><\/i>        <\/p>\r\n        <ul class=\"loc-info-list\">\r\n        <li><a href=\"https:\/\/nur-hotel.de\/en\/search-result-hotel-2\/?location_id=279&#038;pick-up=Zillertal%20&#8211;%20Alle%20Unterk\u00fcnfte&#038;location_name=Zillertal%20&#8211;%20Alle%20Unterk\u00fcnfte\"><i class=\"fa fa-building-o\"><\/i> 17 hotels from \u20ac51,00\/night<\/a><\/li>                    <\/ul>\r\n        <a class=\"btn btn-white btn-ghost mt10\" href=\"https:\/\/nur-hotel.de\/en\/search-result-hotel-2\/?location_id=279&#038;pick-up=Zillertal%20&#8211;%20Alle%20Unterk\u00fcnfte&#038;location_name=Zillertal%20&#8211;%20Alle%20Unterk\u00fcnfte\">\r\n        <i class=\"fa fa-angle-right\"><\/i>\r\n        \u00dcbersicht    <\/a>\r\n<\/div><\/div>\n\t<\/div> \n<\/div><!--End .row--><\/div><!--End .container--><\/div><div class=\"vc_row wpb_row st bg-holder vc_custom_1525763271764\"><div class='container'><div class='row'>        <div class=\"container\">\r\n            <div class=\"breadcrumb\">\r\n                        <ul class=\"breadcrumb  mt15\"> <li><a href=\"https:\/\/nur-hotel.de\/en\">Home<\/a><\/li> <\/ul>            <\/div>\r\n        <\/div>\r\n        \n\t<div class=\"wpb_column column_container col-md-12\"><div class=\"vc_column-inner wpb_wrapper\">\n\t\t\t\n\t<div class=\"wpb_text_column wpb_content_element  vc_custom_1576063399057\" >\n\t\t<div class=\"wpb_wrapper\">\n\t\t\t<h4><strong>Einen 18-Loch-Championshipplatz gibt es in Uderns \u2022 Zillertal<\/strong><\/h4>\n\n\t\t<\/div>\n\t<\/div>\n<\/div>\n\t<\/div> \n<\/div><!--End .row--><\/div><!--End .container--><\/div><div class=\"vc_row wpb_row st bg-holder vc_custom_1576063386769\"><div class='container'><div class='row'>\n\t<div class=\"wpb_column column_container col-md-12\"><div class=\"vc_column-inner wpb_wrapper\">\n\t\t\t\n\t<div class=\"wpb_text_column wpb_content_element  vc_custom_1576063323252\" >\n\t\t<div class=\"wpb_wrapper\">\n\t\t\t<p>Wer in Hintertux Urlaub macht, erh\u00e4lt das Finkenberg-Ticket gratis. Mit diesem Ticket gibt es bis zu 20% Erm\u00e4\u00dfigung auf die Angebote vom Golfplatz des Jahres 2017 in Hintertux. 18 L\u00f6cher auf 65 Hektar warten auf unerm\u00fcdliche Golfer.<\/p>\n<p>Nat\u00fcrlich gibt es auch Golfkurse, eine Driving Range und verschiedene Meisterschaftsangebote. Hotels wie das Alpenhotel Dorfspatzl oder das Hotel Alpin Spa haben direkte Verbindungen zu verschiedenen Golfanlagen. Neben den hervorragend gepflegten Rasenpl\u00e4tzen ist vor allem das beeindruckende Bergpanorama ein Begeisterungsfaktor f\u00fcr Golfsportler in\u00a0Tux.<\/p>\n<p>&nbsp;<\/p>\n<h4><strong> <a href=\"https:\/\/www.golf-zillertal.at\/\" target=\"_blank\" rel=\"noopener noreferrer\">Golfschule Zillertal<\/a> <\/strong><\/h4>\n\n\t\t<\/div>\n\t<\/div>\n<\/div>\n\t<\/div> \n<\/div><!--End .row--><\/div><!--End .container--><\/div><div class=\"vc_row wpb_row st bg-holder vc_custom_1576063337920\"><div class='container'><div class='row'>\n\t<div class=\"wpb_column column_container col-md-4\"><div class=\"vc_column-inner wpb_wrapper\">\n\t\t\t\n\t<div  class=\"wpb_single_image wpb_content_element vc_align_left\">\n\t\t\n\t\t<figure class=\"wpb_wrapper vc_figure\">\n\t\t\t<div class=\"vc_single_image-wrapper   vc_box_border_grey\"><img width=\"660\" height=\"420\" src=\"https:\/\/nur-hotel.de\/wp-content\/uploads\/2018\/07\/Golfen-1.jpg\" class=\"vc_single_image-img attachment-full\" alt=\"\" loading=\"lazy\" srcset=\"https:\/\/nur-hotel.de\/wp-content\/uploads\/2018\/07\/Golfen-1.jpg 660w, https:\/\/nur-hotel.de\/wp-content\/uploads\/2018\/07\/Golfen-1-600x381.jpg 600w, https:\/\/nur-hotel.de\/wp-content\/uploads\/2018\/07\/Golfen-1-768x488.jpg 768w\" sizes=\"(max-width: 660px) 100vw, 660px\" \/><\/div>\n\t\t<\/figure>\n\t<\/div>\n<\/div>\n\t<\/div> \n\n\t<div class=\"wpb_column column_container col-md-4\"><div class=\"vc_column-inner wpb_wrapper\">\n\t\t\t\n\t<div  class=\"wpb_single_image wpb_content_element vc_align_center\">\n\t\t\n\t\t<figure class=\"wpb_wrapper vc_figure\">\n\t\t\t<div class=\"vc_single_image-wrapper   vc_box_border_grey\"><img width=\"660\" height=\"420\" src=\"https:\/\/nur-hotel.de\/wp-content\/uploads\/2018\/07\/Golfen-3.jpg\" class=\"vc_single_image-img attachment-full\" alt=\"\" loading=\"lazy\" srcset=\"https:\/\/nur-hotel.de\/wp-content\/uploads\/2018\/07\/Golfen-3.jpg 660w, https:\/\/nur-hotel.de\/wp-content\/uploads\/2018\/07\/Golfen-3-600x381.jpg 600w, https:\/\/nur-hotel.de\/wp-content\/uploads\/2018\/07\/Golfen-3-768x488.jpg 768w\" sizes=\"(max-width: 660px) 100vw, 660px\" \/><\/div>\n\t\t<\/figure>\n\t<\/div>\n<\/div>\n\t<\/div> \n\n\t<div class=\"wpb_column column_container col-md-4\"><div class=\"vc_column-inner wpb_wrapper\">\n\t\t\t\n\t<div  class=\"wpb_single_image wpb_content_element vc_align_right\">\n\t\t\n\t\t<figure class=\"wpb_wrapper vc_figure\">\n\t\t\t<div class=\"vc_single_image-wrapper   vc_box_border_grey\"><img width=\"660\" height=\"420\" src=\"https:\/\/nur-hotel.de\/wp-content\/uploads\/2018\/07\/Golfen-2.jpg\" class=\"vc_single_image-img attachment-full\" alt=\"Golfen im Tirol\" loading=\"lazy\" srcset=\"https:\/\/nur-hotel.de\/wp-content\/uploads\/2018\/07\/Golfen-2.jpg 660w, https:\/\/nur-hotel.de\/wp-content\/uploads\/2018\/07\/Golfen-2-600x381.jpg 600w, https:\/\/nur-hotel.de\/wp-content\/uploads\/2018\/07\/Golfen-2-768x488.jpg 768w\" sizes=\"(max-width: 660px) 100vw, 660px\" \/><\/div>\n\t\t<\/figure>\n\t<\/div>\n<\/div>\n\t<\/div> \n<\/div><!--End .row--><\/div><!--End .container--><\/div>","protected":false},"excerpt":{"rendered":"Das Zillertal zweigt etwa 40\u00a0km \u00f6stlich von\u00a0Innsbruck, nahe\u00a0Jenbach, vom Inntal ab. Es ist das breiteste der s\u00fcdlichen Seitent\u00e4ler des\u00a0Inn. Es hat seinen Namen von dem Fluss\u00a0Ziller, der es von S\u00fcd nach Nord durchl\u00e4uft und bei\u00a0Strass im\u00a0Zillertal\u00a0in den Inn m\u00fcndet. Im engeren Sinn reicht das Tal von Strass bis\u00a0Mayrhofen. Dort teilt es sich in das\u00a0Tuxertal, das\u00a0Zemmtal, [...]","protected":false},"author":1,"featured_media":0,"parent":7259,"menu_order":0,"comment_status":"closed","ping_status":"closed","template":"template-home.php","meta":[],"yst_prominent_words":[363,356,357,364,355,360,359,362,361,358,365,189],"_links":{"self":[{"href":"https:\/\/nur-hotel.de\/en\/wp-json\/wp\/v2\/pages\/7376"}],"collection":[{"href":"https:\/\/nur-hotel.de\/en\/wp-json\/wp\/v2\/pages"}],"about":[{"href":"https:\/\/nur-hotel.de\/en\/wp-json\/wp\/v2\/types\/page"}],"author":[{"embeddable":true,"href":"https:\/\/nur-hotel.de\/en\/wp-json\/wp\/v2\/users\/1"}],"replies":[{"embeddable":true,"href":"https:\/\/nur-hotel.de\/en\/wp-json\/wp\/v2\/comments?post=7376"}],"version-history":[{"count":0,"href":"https:\/\/nur-hotel.de\/en\/wp-json\/wp\/v2\/pages\/7376\/revisions"}],"up":[{"embeddable":true,"href":"https:\/\/nur-hotel.de\/en\/wp-json\/wp\/v2\/pages\/7259"}],"wp:attachment":[{"href":"https:\/\/nur-hotel.de\/en\/wp-json\/wp\/v2\/media?parent=7376"}],"wp:term":[{"taxonomy":"yst_prominent_words","embeddable":true,"href":"https:\/\/nur-hotel.de\/en\/wp-json\/wp\/v2\/yst_prominent_words?post=7376"}],"curies":[{"name":"wp","href":"https:\/\/api.w.org\/{rel}","templated":true}]}}