{"id":7413,"date":"2018-07-06T11:56:45","date_gmt":"2018-07-06T11:56:45","guid":{"rendered":"https:\/\/nur-hotel.de\/?page_id=7413"},"modified":"2018-08-15T14:08:11","modified_gmt":"2018-08-15T14:08:11","slug":"winter","status":"publish","type":"page","link":"https:\/\/nur-hotel.de\/en\/winter\/","title":{"rendered":"Winter"},"content":{"rendered":"<div class=\"vc_row wpb_row st bg-holder vc_custom_1534341836155 vc_row-has-fill bg-parallax\"><div class=\"bg-mask\"><\/div><div class='container'><div class='row'>\n\t<div class=\"wpb_column column_container col-md-8 vc_custom_1418722867702\"><div class=\"vc_column-inner wpb_wrapper\">\n\t\t\t\n\t<div class=\"wpb_text_column wpb_content_element\" >\n\t\t<div class=\"wpb_wrapper\">\n\t\t\t<h2><span style=\"color: #ffffff;\"><strong>Winterurlaub in der Region Tux<\/strong><\/span><\/h2>\n\n\t\t<\/div>\n\t<\/div>\n\n\t<div class=\"wpb_text_column wpb_content_element  vc_custom_1530878501192\" >\n\t\t<div class=\"wpb_wrapper\">\n\t\t\t<p><span style=\"color: #ffffff;\">&gt; 196 km Pisten, 604 ha Pistenfl\u00e4che, 65 Lifte<\/span><\/p>\n<p><span style=\"color: #ffffff;\">&gt; verschneites Bergpanorama<\/span><\/p>\n<p><span style=\"color: #ffffff;\">&gt; urlaubsf\u00fcllendes Unterhaltungsprogramm <\/span><\/p>\n<p><span style=\"color: #ffffff;\">&gt; wohliges Ambiente in der ma\u00dfgeschneiderten Unterkunft<\/span><\/p>\n\n\t\t<\/div>\n\t<\/div>\n<\/div>\n\t<\/div> \n\n\t<div class=\"wpb_column column_container col-md-4\"><div class=\"vc_column-inner wpb_wrapper\">\n\t\t\t<div class=\"loc-info hidden-xs hidden-sm\">\r\n    <h3 class=\"loc-info-title\"> Zillertal &#8211; Alle Unterk\u00fcnfte<\/h3>\r\n            <p class=\"loc-info-weather\">\r\n       <span class=\"loc-info-weather-num\">\r\n       23.4       <\/span>\r\n            <i class=\"wi wi-cloudy loc-info-weather-icon\"><\/i>        <\/p>\r\n        <ul class=\"loc-info-list\">\r\n        <li><a href=\"https:\/\/nur-hotel.de\/en\/search-result-hotel-2\/?location_id=279&#038;pick-up=Zillertal%20&#8211;%20Alle%20Unterk\u00fcnfte&#038;location_name=Zillertal%20&#8211;%20Alle%20Unterk\u00fcnfte\"><i class=\"fa fa-building-o\"><\/i> 17 hotels from \u20ac51,00\/night<\/a><\/li>                    <\/ul>\r\n        <a class=\"btn btn-white btn-ghost mt10\" href=\"https:\/\/nur-hotel.de\/en\/search-result-hotel-2\/?location_id=279&#038;pick-up=Zillertal%20&#8211;%20Alle%20Unterk\u00fcnfte&#038;location_name=Zillertal%20&#8211;%20Alle%20Unterk\u00fcnfte\">\r\n        <i class=\"fa fa-angle-right\"><\/i>\r\n        \u00dcbersicht    <\/a>\r\n<\/div><\/div>\n\t<\/div> \n<\/div><!--End .row--><\/div><!--End .container--><\/div><div class=\"vc_row wpb_row st bg-holder vc_custom_1525763271764\"><div class='container'><div class='row'>\n\t<div class=\"wpb_column column_container col-md-12\"><div class=\"vc_column-inner wpb_wrapper\">\n\t\t\t\n\t<div class=\"wpb_text_column wpb_content_element  vc_custom_1534333607233\" >\n\t\t<div class=\"wpb_wrapper\">\n\t\t\t<h3>Ein Winterurlaub in der Region Tux!<\/h3>\n\n\t\t<\/div>\n\t<\/div>\n<\/div>\n\t<\/div> \n<\/div><!--End .row--><\/div><!--End .container--><\/div><div class=\"vc_row wpb_row st bg-holder\"><div class='container'><div class='row'>\n\t<div class=\"wpb_column column_container col-md-12\"><div class=\"vc_column-inner wpb_wrapper\">\n\t\t\t\n\t<div class=\"wpb_text_column wpb_content_element\" >\n\t\t<div class=\"wpb_wrapper\">\n\t\t\t<p>Ein purer Wintergenuss. Genau das antizipiert jeden Gast in der Gletscherregion Tux-Finkenberg. Nirgends sonst ist Skifahren in \u00d6sterreich\/Austria so abwechslungsreich wie im Tuxertal: Alles in allem 199 km pr\u00e4parierte Pisten, 66 modernste Liftanlagen und Seilbahnen, 30 urige Einkehrm\u00f6glichkeiten und ein breit gef\u00e4chertes Angebot abseits der Skipiste sind die Basis f\u00fcr Ihren gelungenen Skiurlaub in Tux-Finkenberg.<\/p>\n<p>&nbsp;<\/p>\n<p>Der Hintertuxer Gletscher in \u00d6sterreichs dient als einziges Ganzjahresskigebiet und das beste Gletscherskigebiet International, offeriert an 365 Tagen perfekt pr\u00e4parierte, schneesichere Pisten, ein reichhaltiges gastronomisches Angebot und atemberaubende Naturerlebnisse auf bis zu 3.250 m.<\/p>\n<p>&nbsp;<\/p>\n<p>Ein besonderes Highlight, die Ski- und Gletscherwelt Zillertal 3000, kombiniert die Skigebiete Hintertuxer Gletscher, Eggalm, Rastkogel, Finkenberg mit den Mayrhofner Bergbahnen. Von Anfang Dezember bis Mitte April l\u00e4sst hier die Schneesicherheit das Herz eines jeden Wintersportlers h\u00f6herschlagen.<\/p>\n\n\t\t<\/div>\n\t<\/div>\n<\/div>\n\t<\/div> \n<\/div><!--End .row--><\/div><!--End .container--><\/div><div class=\"vc_row wpb_row st bg-holder vc_custom_1534342086603\"><div class='container'><div class='row'>\n\t<div class=\"wpb_column column_container col-md-8\"><div class=\"vc_column-inner wpb_wrapper\">\n\t\t\t\n\t<div class=\"wpb_text_column wpb_content_element  vc_custom_1534333463723\" >\n\t\t<div class=\"wpb_wrapper\">\n\t\t\t<h3>Top Unterk\u00fcnfte in Tux-Finkenberg<\/h3>\n\n\t\t<\/div>\n\t<\/div>\n\n\t<div class=\"wpb_text_column wpb_content_element\" >\n\t\t<div class=\"wpb_wrapper\">\n\t\t\t<ul>\n<li><strong>Ferienwohnungen:<\/strong>\u00a0Selbstversorger<\/li>\n<\/ul>\n<ul>\n<li><strong>Hotels:<\/strong>\u00a0Skifahren und Wellness mit Luxus-Extras in Tux-Finkenberg<\/li>\n<\/ul>\n<ul>\n<li><strong>Pension:<\/strong>\u00a0kr\u00e4ftigendes Fr\u00fchst\u00fcck in der Unterkunft und dann den ganzen Tag auf der Piste<\/li>\n<\/ul>\n<ul>\n<li>und vielen anderen Unterk\u00fcnften<\/li>\n<\/ul>\n\n\t\t<\/div>\n\t<\/div>\n<\/div>\n\t<\/div> \n\n\t<div class=\"wpb_column column_container col-md-4\"><div class=\"vc_column-inner wpb_wrapper\">\n\t\t\t\n\t<div  class=\"wpb_single_image wpb_content_element vc_align_left  vc_custom_1534342043569\">\n\t\t\n\t\t<figure class=\"wpb_wrapper vc_figure\">\n\t\t\t<div class=\"vc_single_image-wrapper   vc_box_border_grey\"><img width=\"579\" height=\"300\" src=\"https:\/\/nur-hotel.de\/wp-content\/uploads\/2018\/08\/Ein-Winterurlaub-in-Hintertux.jpg\" class=\"vc_single_image-img attachment-full\" alt=\"Ein Winterurlaub in Hintertux\" loading=\"lazy\" srcset=\"https:\/\/nur-hotel.de\/wp-content\/uploads\/2018\/08\/Ein-Winterurlaub-in-Hintertux.jpg 579w, https:\/\/nur-hotel.de\/wp-content\/uploads\/2018\/08\/Ein-Winterurlaub-in-Hintertux-600x310.jpg 600w, https:\/\/nur-hotel.de\/wp-content\/uploads\/2018\/08\/Ein-Winterurlaub-in-Hintertux-768x397.jpg 768w\" sizes=\"(max-width: 579px) 100vw, 579px\" \/><\/div>\n\t\t<\/figure>\n\t<\/div>\n<\/div>\n\t<\/div> \n<\/div><!--End .row--><\/div><!--End .container--><\/div>","protected":false},"excerpt":{"rendered":"Das Zillertal zweigt etwa 40\u00a0km \u00f6stlich von\u00a0Innsbruck, nahe\u00a0Jenbach, vom Inntal ab. Es ist das breiteste der s\u00fcdlichen Seitent\u00e4ler des\u00a0Inn. Es hat seinen Namen von dem Fluss\u00a0Ziller, der es von S\u00fcd nach Nord durchl\u00e4uft und bei\u00a0Strass im\u00a0Zillertal\u00a0in den Inn m\u00fcndet. Im engeren Sinn reicht das Tal von Strass bis\u00a0Mayrhofen. Dort teilt es sich in das\u00a0Tuxertal, das\u00a0Zemmtal, [...]","protected":false},"author":1,"featured_media":0,"parent":0,"menu_order":0,"comment_status":"closed","ping_status":"closed","template":"template-home.php","meta":[],"yst_prominent_words":[],"_links":{"self":[{"href":"https:\/\/nur-hotel.de\/en\/wp-json\/wp\/v2\/pages\/7413"}],"collection":[{"href":"https:\/\/nur-hotel.de\/en\/wp-json\/wp\/v2\/pages"}],"about":[{"href":"https:\/\/nur-hotel.de\/en\/wp-json\/wp\/v2\/types\/page"}],"author":[{"embeddable":true,"href":"https:\/\/nur-hotel.de\/en\/wp-json\/wp\/v2\/users\/1"}],"replies":[{"embeddable":true,"href":"https:\/\/nur-hotel.de\/en\/wp-json\/wp\/v2\/comments?post=7413"}],"version-history":[{"count":0,"href":"https:\/\/nur-hotel.de\/en\/wp-json\/wp\/v2\/pages\/7413\/revisions"}],"wp:attachment":[{"href":"https:\/\/nur-hotel.de\/en\/wp-json\/wp\/v2\/media?parent=7413"}],"wp:term":[{"taxonomy":"yst_prominent_words","embeddable":true,"href":"https:\/\/nur-hotel.de\/en\/wp-json\/wp\/v2\/yst_prominent_words?post=7413"}],"curies":[{"name":"wp","href":"https:\/\/api.w.org\/{rel}","templated":true}]}}