{"id":7521,"date":"2018-07-18T09:52:32","date_gmt":"2018-07-18T09:52:32","guid":{"rendered":"https:\/\/nur-hotel.de\/?page_id=7521"},"modified":"2019-12-11T11:17:09","modified_gmt":"2019-12-11T11:17:09","slug":"skifahren","status":"publish","type":"page","link":"https:\/\/nur-hotel.de\/en\/winter\/skifahren\/","title":{"rendered":"Skifahren"},"content":{"rendered":"<div class=\"vc_row wpb_row st bg-holder vc_custom_1531912534770 vc_row-has-fill bg-parallax\"><div class=\"bg-mask\"><\/div><div class='container'><div class='row'>\n\t<div class=\"wpb_column column_container col-md-8 vc_custom_1418722867702\"><div class=\"vc_column-inner wpb_wrapper\">\n\t\t\t\n\t<div class=\"wpb_text_column wpb_content_element\" >\n\t\t<div class=\"wpb_wrapper\">\n\t\t\t<h2><span style=\"color: #ffffff;\"><strong>Skifahren in der Region<br \/>\nTux-Finkenberg<\/strong><\/span><\/h2>\n\n\t\t<\/div>\n\t<\/div>\n\n\t<div class=\"wpb_text_column wpb_content_element  vc_custom_1576062528860\" >\n\t\t<div class=\"wpb_wrapper\">\n\t\t\t<p><span style=\"color: #ffffff;\">Auf 72 Abfahrtskilometern und 15.000 H\u00f6henmetern erkunden Sie das ganze Gebiet und erinnern sich noch sp\u00e4ter an das unvergessliche Tageserlebnis.<\/span><\/p>\n<p>&nbsp;<\/p>\n<h3><span style=\"color: #ffffff;\"><strong><a style=\"color: #ffffff;\" href=\"https:\/\/www.booking.com\/searchresults.html?ss=Tux&amp;checkin_monthday=11&amp;checkin_year_month=2019-12&amp;checkout_monthday=12&amp;checkout_year_month=2019-12&amp;error_url=%2F%3Faid%3D1650762%3B&amp;si=ai%2Cco%2Cci%2Cre%2Cdi&amp;label=&amp;lang=de&amp;aid=1650762&amp;sp_plprd=UmFuZG9tSVYkc2RlIyh9YVXcKaaJl1Clkmf5sQiTDP2pqFAH1efkYBvvP6fWhAo9EK9Cn6MkIRvkz9n9wsrsr7UGSKNEFeVeeUrWBrvNO1kmVFyIMDlIUIe2koYmsZny&amp;utm_campaign=nsb&amp;utm_medium=sp&amp;utm_source=FP_Searchbox&amp;utm_term=1650762\" target=\"_blank\" rel=\"noopener noreferrer\">Jetzt Online buchen!<\/a><\/strong><\/span><\/h3>\n\n\t\t<\/div>\n\t<\/div>\n<\/div>\n\t<\/div> \n\n\t<div class=\"wpb_column column_container col-md-4\"><div class=\"vc_column-inner wpb_wrapper\">\n\t\t\t<div class=\"loc-info hidden-xs hidden-sm\">\r\n    <h3 class=\"loc-info-title\"> Zillertal &#8211; Alle Unterk\u00fcnfte<\/h3>\r\n            <p class=\"loc-info-weather\">\r\n       <span class=\"loc-info-weather-num\">\r\n       15.6       <\/span>\r\n            <i class=\"wi wi-cloudy loc-info-weather-icon\"><\/i>        <\/p>\r\n        <ul class=\"loc-info-list\">\r\n        <li><a href=\"https:\/\/nur-hotel.de\/en\/search-result-hotel-2\/?location_id=279&#038;pick-up=Zillertal%20&#8211;%20Alle%20Unterk\u00fcnfte&#038;location_name=Zillertal%20&#8211;%20Alle%20Unterk\u00fcnfte\"><i class=\"fa fa-building-o\"><\/i> 17 hotels from \u20ac51,00\/night<\/a><\/li>                    <\/ul>\r\n        <a class=\"btn btn-white btn-ghost mt10\" href=\"https:\/\/nur-hotel.de\/en\/search-result-hotel-2\/?location_id=279&#038;pick-up=Zillertal%20&#8211;%20Alle%20Unterk\u00fcnfte&#038;location_name=Zillertal%20&#8211;%20Alle%20Unterk\u00fcnfte\">\r\n        <i class=\"fa fa-angle-right\"><\/i>\r\n        \u00dcbersicht    <\/a>\r\n<\/div><\/div>\n\t<\/div> \n<\/div><!--End .row--><\/div><!--End .container--><\/div><div class=\"vc_row wpb_row st bg-holder vc_custom_1525763271764\"><div class='container'><div class='row'>        <div class=\"container\">\r\n            <div class=\"breadcrumb\">\r\n                        <ul class=\"breadcrumb  mt15\"> <li><a href=\"https:\/\/nur-hotel.de\/en\">Home<\/a><\/li> <\/ul>            <\/div>\r\n        <\/div>\r\n        \n\t<div class=\"wpb_column column_container col-md-12\"><div class=\"vc_column-inner wpb_wrapper\">\n\t\t\t\n\t<div class=\"wpb_text_column wpb_content_element  vc_custom_1576062474304\" >\n\t\t<div class=\"wpb_wrapper\">\n\t\t\t<h3>Skifahren in der Region Tux-Finkenberg!<\/h3>\n\n\t\t<\/div>\n\t<\/div>\n<\/div>\n\t<\/div> \n<\/div><!--End .row--><\/div><!--End .container--><\/div><div class=\"vc_row wpb_row st bg-holder\"><div class='container'><div class='row'>\n\t<div class=\"wpb_column column_container col-md-12\"><div class=\"vc_column-inner wpb_wrapper\">\n\t\t\t\n\t<div class=\"wpb_text_column wpb_content_element\" >\n\t\t<div class=\"wpb_wrapper\">\n\t\t\t<p>Drei Hauptskigebiete z\u00e4hlen zur <strong>Gemeinde\u00a0Tux<\/strong>. 1961 wurde das Gebiet Eggalm erschlossen, ab 1968 der <strong>Hintertuxer Gletscher<\/strong>. 1984 kam der Rastkogel mit der Verbindungsbahn nach Penken hinzu. Der Hintertuxer Gletscher wird im Ganzjahresbetrieb befahren. Die H\u00f6henlage der Skipisten in\u00a0Tux\u00a0liegt zwischen 850 und 3200m. M\u00f6chte man einen anspruchsvollen Gletschertag auf Skiern bestreiten, kann man vom Finkenberg \u00fcber den Rastkogel zur Eggalm und von dort zum <a href=\"https:\/\/www.hintertuxergletscher.at\/de\/home\/\" target=\"_blank\" rel=\"noopener noreferrer\"><strong>Hintertuxer Gletscher<\/strong><\/a> fahren.<\/p>\n\n\t\t<\/div>\n\t<\/div>\n\n\t<div class=\"wpb_text_column wpb_content_element  vc_custom_1576062644661\" >\n\t\t<div class=\"wpb_wrapper\">\n\t\t\t<ul>\n<li>unglaublich sch\u00f6nes Panorama<\/li>\n<li>hervorragende Pistenverh\u00e4ltnisse<\/li>\n<li>einmaliges Unterhaltungsprogramm<\/li>\n<\/ul>\n\n\t\t<\/div>\n\t<\/div>\n<\/div>\n\t<\/div> \n<\/div><!--End .row--><\/div><!--End .container--><\/div><div class=\"vc_row wpb_row st bg-holder vc_custom_1529313899331\"><div class='container'><div class='row'>\n\t<div class=\"wpb_column column_container col-md-6\"><div class=\"vc_column-inner wpb_wrapper\">\n\t\t\t\n\t<div  class=\"wpb_single_image wpb_content_element vc_align_center\">\n\t\t\n\t\t<figure class=\"wpb_wrapper vc_figure\">\n\t\t\t<div class=\"vc_single_image-wrapper   vc_box_border_grey\"><img width=\"536\" height=\"417\" src=\"https:\/\/nur-hotel.de\/wp-content\/uploads\/2017\/12\/zillertaler-skigebiete-eggalm-ahorn-zillertalarena.jpg\" class=\"vc_single_image-img attachment-full\" alt=\"zillertaler skigebiete eggalm ahorn zillertalarena\" loading=\"lazy\" srcset=\"https:\/\/nur-hotel.de\/wp-content\/uploads\/2017\/12\/zillertaler-skigebiete-eggalm-ahorn-zillertalarena.jpg 536w, https:\/\/nur-hotel.de\/wp-content\/uploads\/2017\/12\/zillertaler-skigebiete-eggalm-ahorn-zillertalarena-600x466.jpg 600w, https:\/\/nur-hotel.de\/wp-content\/uploads\/2017\/12\/zillertaler-skigebiete-eggalm-ahorn-zillertalarena-768x597.jpg 768w\" sizes=\"(max-width: 536px) 100vw, 536px\" \/><\/div>\n\t\t<\/figure>\n\t<\/div>\n<\/div>\n\t<\/div> \n\n\t<div class=\"wpb_column column_container col-md-6\"><div class=\"vc_column-inner wpb_wrapper\">\n\t\t\t\n\t<div  class=\"wpb_single_image wpb_content_element vc_align_left\">\n\t\t\n\t\t<figure class=\"wpb_wrapper vc_figure\">\n\t\t\t<div class=\"vc_single_image-wrapper   vc_box_border_grey\"><img width=\"536\" height=\"417\" src=\"https:\/\/nur-hotel.de\/wp-content\/uploads\/2017\/12\/Panorama-Zillertaler-Skigebiete-Tirol-Berge-Urlaub-Pauschalreisen.jpg\" class=\"vc_single_image-img attachment-full\" alt=\"Zillertaler Skigebiete Tirol Berge Urlaub Pauschalreisen\" loading=\"lazy\" srcset=\"https:\/\/nur-hotel.de\/wp-content\/uploads\/2017\/12\/Panorama-Zillertaler-Skigebiete-Tirol-Berge-Urlaub-Pauschalreisen.jpg 536w, https:\/\/nur-hotel.de\/wp-content\/uploads\/2017\/12\/Panorama-Zillertaler-Skigebiete-Tirol-Berge-Urlaub-Pauschalreisen-600x466.jpg 600w, https:\/\/nur-hotel.de\/wp-content\/uploads\/2017\/12\/Panorama-Zillertaler-Skigebiete-Tirol-Berge-Urlaub-Pauschalreisen-768x597.jpg 768w\" sizes=\"(max-width: 536px) 100vw, 536px\" \/><\/div>\n\t\t<\/figure>\n\t<\/div>\n<\/div>\n\t<\/div> \n<\/div><!--End .row--><\/div><!--End .container--><\/div><div class=\"vc_row wpb_row st bg-holder vc_custom_1576062935944\"><div class='container'><div class='row'>\n\t<div class=\"wpb_column column_container col-md-12\"><div class=\"vc_column-inner wpb_wrapper\">\n\t\t\t\n\t<div class=\"wpb_text_column wpb_content_element  vc_custom_1576062982133\" >\n\t\t<div class=\"wpb_wrapper\">\n\t\t\t<p>Nach dieser Tour blickt der Skifahrer dann auch 15.000 H\u00f6henmeter und 60 Abfahrtskilometer zur\u00fcck! Die Gemeinde\u00a0Tux\u00a0verzeichnet nicht umsonst die zweith\u00f6chste \u00dcbernachtungsanzahl in den \u00f6sterreichischen Skigebieten.<\/p>\n<p>Im Jahr 2001 wurden die Seilbahn-Infrastruktur massiv ausgebaut und modernisiert, so dass die Kapazit\u00e4ten an Skipisten und Langlauf-Loipen f\u00fcr jede K\u00f6nnerklasse offen sind.<\/p>\n\n\t\t<\/div>\n\t<\/div>\n<\/div>\n\t<\/div> \n<\/div><!--End .row--><\/div><!--End .container--><\/div>","protected":false},"excerpt":{"rendered":"Das Zillertal zweigt etwa 40\u00a0km \u00f6stlich von\u00a0Innsbruck, nahe\u00a0Jenbach, vom Inntal ab. Es ist das breiteste der s\u00fcdlichen Seitent\u00e4ler des\u00a0Inn. Es hat seinen Namen von dem Fluss\u00a0Ziller, der es von S\u00fcd nach Nord durchl\u00e4uft und bei\u00a0Strass im\u00a0Zillertal\u00a0in den Inn m\u00fcndet. Im engeren Sinn reicht das Tal von Strass bis\u00a0Mayrhofen. Dort teilt es sich in das\u00a0Tuxertal, das\u00a0Zemmtal, [...]","protected":false},"author":1,"featured_media":0,"parent":7413,"menu_order":0,"comment_status":"closed","ping_status":"closed","template":"template-home.php","meta":[],"yst_prominent_words":[],"_links":{"self":[{"href":"https:\/\/nur-hotel.de\/en\/wp-json\/wp\/v2\/pages\/7521"}],"collection":[{"href":"https:\/\/nur-hotel.de\/en\/wp-json\/wp\/v2\/pages"}],"about":[{"href":"https:\/\/nur-hotel.de\/en\/wp-json\/wp\/v2\/types\/page"}],"author":[{"embeddable":true,"href":"https:\/\/nur-hotel.de\/en\/wp-json\/wp\/v2\/users\/1"}],"replies":[{"embeddable":true,"href":"https:\/\/nur-hotel.de\/en\/wp-json\/wp\/v2\/comments?post=7521"}],"version-history":[{"count":0,"href":"https:\/\/nur-hotel.de\/en\/wp-json\/wp\/v2\/pages\/7521\/revisions"}],"up":[{"embeddable":true,"href":"https:\/\/nur-hotel.de\/en\/wp-json\/wp\/v2\/pages\/7413"}],"wp:attachment":[{"href":"https:\/\/nur-hotel.de\/en\/wp-json\/wp\/v2\/media?parent=7521"}],"wp:term":[{"taxonomy":"yst_prominent_words","embeddable":true,"href":"https:\/\/nur-hotel.de\/en\/wp-json\/wp\/v2\/yst_prominent_words?post=7521"}],"curies":[{"name":"wp","href":"https:\/\/api.w.org\/{rel}","templated":true}]}}