{"id":7570,"date":"2018-07-19T08:27:30","date_gmt":"2018-07-19T08:27:30","guid":{"rendered":"https:\/\/nur-hotel.de\/?page_id=7570"},"modified":"2019-12-11T11:04:06","modified_gmt":"2019-12-11T11:04:06","slug":"rodeln","status":"publish","type":"page","link":"https:\/\/nur-hotel.de\/en\/winter\/rodeln\/","title":{"rendered":"Rodeln"},"content":{"rendered":"<div class=\"vc_row wpb_row st bg-holder vc_custom_1531989188667 vc_row-has-fill bg-parallax\"><div class=\"bg-mask\"><\/div><div class='container'><div class='row'>\n\t<div class=\"wpb_column column_container col-md-8 vc_custom_1418722867702\"><div class=\"vc_column-inner wpb_wrapper\">\n\t\t\t\n\t<div class=\"wpb_text_column wpb_content_element\" >\n\t\t<div class=\"wpb_wrapper\">\n\t\t\t<h2><strong><span style=\"color: #ffffff;\">Rodeln in Tux-Finkenberg<\/span><\/strong><\/h2>\n\n\t\t<\/div>\n\t<\/div>\n\n\t<div class=\"wpb_text_column wpb_content_element  vc_custom_1576062114702\" >\n\t\t<div class=\"wpb_wrapper\">\n\t\t\t<p><span style=\"color: #ffffff;\">&gt; Ein Spa\u00df f\u00fcr die ganze Familie<\/span><\/p>\n<p><span style=\"color: #ffffff;\">&gt; Schlittenfahrt von der H\u00f6llensteinh\u00fctte<\/span><\/p>\n<p><span style=\"color: #ffffff;\">&gt; Rodeln im Naturparadies\u00a0Grieralm<\/span><\/p>\n<p><span style=\"color: #ffffff;\">&gt; Rodeln auf der Bichlalm<\/span><\/p>\n\n\t\t<\/div>\n\t<\/div>\n<\/div>\n\t<\/div> \n\n\t<div class=\"wpb_column column_container col-md-4\"><div class=\"vc_column-inner wpb_wrapper\">\n\t\t\t<div class=\"loc-info hidden-xs hidden-sm\">\r\n    <h3 class=\"loc-info-title\"> Zillertal &#8211; Alle Unterk\u00fcnfte<\/h3>\r\n            <p class=\"loc-info-weather\">\r\n       <span class=\"loc-info-weather-num\">\r\n       7.9       <\/span>\r\n            <i class=\"wi wi-cloudy loc-info-weather-icon\"><\/i>        <\/p>\r\n        <ul class=\"loc-info-list\">\r\n        <li><a href=\"https:\/\/nur-hotel.de\/en\/search-result-hotel-2\/?location_id=279&#038;pick-up=Zillertal%20&#8211;%20Alle%20Unterk\u00fcnfte&#038;location_name=Zillertal%20&#8211;%20Alle%20Unterk\u00fcnfte\"><i class=\"fa fa-building-o\"><\/i> 17 hotels from \u20ac51,00\/night<\/a><\/li>                    <\/ul>\r\n        <a class=\"btn btn-white btn-ghost mt10\" href=\"https:\/\/nur-hotel.de\/en\/search-result-hotel-2\/?location_id=279&#038;pick-up=Zillertal%20&#8211;%20Alle%20Unterk\u00fcnfte&#038;location_name=Zillertal%20&#8211;%20Alle%20Unterk\u00fcnfte\">\r\n        <i class=\"fa fa-angle-right\"><\/i>\r\n        \u00dcbersicht    <\/a>\r\n<\/div><\/div>\n\t<\/div> \n<\/div><!--End .row--><\/div><!--End .container--><\/div><div class=\"vc_row wpb_row st bg-holder vc_custom_1525763271764\"><div class='container'><div class='row'>        <div class=\"container\">\r\n            <div class=\"breadcrumb\">\r\n                        <ul class=\"breadcrumb  mt15\"> <li><a href=\"https:\/\/nur-hotel.de\/en\">Home<\/a><\/li> <\/ul>            <\/div>\r\n        <\/div>\r\n        \n\t<div class=\"wpb_column column_container col-md-12\"><div class=\"vc_column-inner wpb_wrapper\">\n\t\t\t\n\t<div class=\"wpb_text_column wpb_content_element  vc_custom_1576062142905\" >\n\t\t<div class=\"wpb_wrapper\">\n\t\t\t<h3>Rodeln in der Region Tux<\/h3>\n\n\t\t<\/div>\n\t<\/div>\n<\/div>\n\t<\/div> \n<\/div><!--End .row--><\/div><!--End .container--><\/div><div class=\"vc_row wpb_row st bg-holder\"><div class='container'><div class='row'>\n\t<div class=\"wpb_column column_container col-md-12\"><div class=\"vc_column-inner wpb_wrapper\">\n\t\t\t\n\t<div class=\"wpb_text_column wpb_content_element  vc_custom_1576062181976\" >\n\t\t<div class=\"wpb_wrapper\">\n\t\t\t<p>Starten Sie im Lanersbacher Ortsgebiet, k\u00f6nnen Sie nach einer 80-min\u00fctigen Wanderung an der H\u00f6llensteiner H\u00fctte ankommen. Die H\u00fctte liegt auf 1740m H\u00f6he. Wer nicht wandern will, nimmt das Rodeltaxi! Die Rodelbahn ist auf den ganzen 4 km komplett beleuchtet. Die hochalpine Grieralm bietet ebenfalls fabelhafte Rodelabfahrten durch\u00a0Tux\u00a0an.<\/p>\n\n\t\t<\/div>\n\t<\/div>\n<\/div>\n\t<\/div> \n<\/div><!--End .row--><\/div><!--End .container--><\/div><div class=\"vc_row wpb_row st bg-holder vc_custom_1529313899331\"><div class='container'><div class='row'>\n\t<div class=\"wpb_column column_container col-md-4\"><div class=\"vc_column-inner wpb_wrapper\">\n\t\t\t\n\t<div  class=\"wpb_single_image wpb_content_element vc_align_left\">\n\t\t\n\t\t<figure class=\"wpb_wrapper vc_figure\">\n\t\t\t<div class=\"vc_single_image-wrapper   vc_box_border_grey\"><img width=\"660\" height=\"420\" src=\"https:\/\/nur-hotel.de\/wp-content\/uploads\/2018\/07\/Rodeln-Hintertux-Tux-Finkenberg-1.jpg\" class=\"vc_single_image-img attachment-full\" alt=\"Rodeln Hintertux Tux Finkenberg\" loading=\"lazy\" srcset=\"https:\/\/nur-hotel.de\/wp-content\/uploads\/2018\/07\/Rodeln-Hintertux-Tux-Finkenberg-1.jpg 660w, https:\/\/nur-hotel.de\/wp-content\/uploads\/2018\/07\/Rodeln-Hintertux-Tux-Finkenberg-1-600x381.jpg 600w, https:\/\/nur-hotel.de\/wp-content\/uploads\/2018\/07\/Rodeln-Hintertux-Tux-Finkenberg-1-768x488.jpg 768w\" sizes=\"(max-width: 660px) 100vw, 660px\" \/><\/div>\n\t\t<\/figure>\n\t<\/div>\n<\/div>\n\t<\/div> \n\n\t<div class=\"wpb_column column_container col-md-4\"><div class=\"vc_column-inner wpb_wrapper\">\n\t\t\t\n\t<div  class=\"wpb_single_image wpb_content_element vc_align_center\">\n\t\t\n\t\t<figure class=\"wpb_wrapper vc_figure\">\n\t\t\t<div class=\"vc_single_image-wrapper   vc_box_border_grey\"><img width=\"660\" height=\"420\" src=\"https:\/\/nur-hotel.de\/wp-content\/uploads\/2018\/07\/Rodeln-Hintertux-Tux-Finkenberg-2.jpg\" class=\"vc_single_image-img attachment-full\" alt=\"Rodeln Hintertux Tux Finkenberg\" loading=\"lazy\" srcset=\"https:\/\/nur-hotel.de\/wp-content\/uploads\/2018\/07\/Rodeln-Hintertux-Tux-Finkenberg-2.jpg 660w, https:\/\/nur-hotel.de\/wp-content\/uploads\/2018\/07\/Rodeln-Hintertux-Tux-Finkenberg-2-600x381.jpg 600w, https:\/\/nur-hotel.de\/wp-content\/uploads\/2018\/07\/Rodeln-Hintertux-Tux-Finkenberg-2-768x488.jpg 768w\" sizes=\"(max-width: 660px) 100vw, 660px\" \/><\/div>\n\t\t<\/figure>\n\t<\/div>\n<\/div>\n\t<\/div> \n\n\t<div class=\"wpb_column column_container col-md-4\"><div class=\"vc_column-inner wpb_wrapper\">\n\t\t\t\n\t<div  class=\"wpb_single_image wpb_content_element vc_align_right\">\n\t\t\n\t\t<figure class=\"wpb_wrapper vc_figure\">\n\t\t\t<div class=\"vc_single_image-wrapper   vc_box_border_grey\"><img width=\"660\" height=\"420\" src=\"https:\/\/nur-hotel.de\/wp-content\/uploads\/2018\/07\/Rodeln-Hintertux-Tux-Finkenberg-3.jpg\" class=\"vc_single_image-img attachment-full\" alt=\"Rodeln Hintertux Tux Finkenberg\" loading=\"lazy\" srcset=\"https:\/\/nur-hotel.de\/wp-content\/uploads\/2018\/07\/Rodeln-Hintertux-Tux-Finkenberg-3.jpg 660w, https:\/\/nur-hotel.de\/wp-content\/uploads\/2018\/07\/Rodeln-Hintertux-Tux-Finkenberg-3-600x381.jpg 600w, https:\/\/nur-hotel.de\/wp-content\/uploads\/2018\/07\/Rodeln-Hintertux-Tux-Finkenberg-3-768x488.jpg 768w\" sizes=\"(max-width: 660px) 100vw, 660px\" \/><\/div>\n\t\t<\/figure>\n\t<\/div>\n<\/div>\n\t<\/div> \n<\/div><!--End .row--><\/div><!--End .container--><\/div><div class=\"vc_row wpb_row st bg-holder vc_custom_1529379548333\"><div class='container'><div class='row'>\n\t<div class=\"wpb_column column_container col-md-12\"><div class=\"vc_column-inner wpb_wrapper\">\n\t\t\t\n\t<div class=\"wpb_text_column wpb_content_element  vc_custom_1576062244911\" >\n\t\t<div class=\"wpb_wrapper\">\n\t\t\t<p>Die Rodelfahrten sind ohne M\u00fche zu erlernen, lediglich Bremsen will kurz ge\u00fcbt sein. Zur Sicherheit tr\u00e4gt man einen Helm, den man an allen Rodelbahnstationen leihen kann. Es ist besonders f\u00fcr Kinder eine sch\u00f6ne Aussicht, nach einer kleinen Wanderung &#8211; ob im Sommer oder im Winter &#8211; mit einem schlitten nach der Brotzeit auf der H\u00fctte wieder ins Tal zu sausen!<\/p>\n\n\t\t<\/div>\n\t<\/div>\n<\/div>\n\t<\/div> \n<\/div><!--End .row--><\/div><!--End .container--><\/div><div class=\"vc_row wpb_row st bg-holder\"><div class='container'><div class='row'>\n\t<div class=\"wpb_column column_container col-md-12\"><div class=\"vc_column-inner wpb_wrapper\">\n\t\t\t<div class=\"vc_empty_space\"   style=\"height: 40px\"><span class=\"vc_empty_space_inner\"><\/span><\/div><\/div>\n\t<\/div> \n<\/div><!--End .row--><\/div><!--End .container--><\/div>","protected":false},"excerpt":{"rendered":"Das Zillertal zweigt etwa 40\u00a0km \u00f6stlich von\u00a0Innsbruck, nahe\u00a0Jenbach, vom Inntal ab. Es ist das breiteste der s\u00fcdlichen Seitent\u00e4ler des\u00a0Inn. Es hat seinen Namen von dem Fluss\u00a0Ziller, der es von S\u00fcd nach Nord durchl\u00e4uft und bei\u00a0Strass im\u00a0Zillertal\u00a0in den Inn m\u00fcndet. Im engeren Sinn reicht das Tal von Strass bis\u00a0Mayrhofen. Dort teilt es sich in das\u00a0Tuxertal, das\u00a0Zemmtal, [...]","protected":false},"author":1,"featured_media":0,"parent":7413,"menu_order":0,"comment_status":"closed","ping_status":"closed","template":"template-home.php","meta":[],"yst_prominent_words":[],"_links":{"self":[{"href":"https:\/\/nur-hotel.de\/en\/wp-json\/wp\/v2\/pages\/7570"}],"collection":[{"href":"https:\/\/nur-hotel.de\/en\/wp-json\/wp\/v2\/pages"}],"about":[{"href":"https:\/\/nur-hotel.de\/en\/wp-json\/wp\/v2\/types\/page"}],"author":[{"embeddable":true,"href":"https:\/\/nur-hotel.de\/en\/wp-json\/wp\/v2\/users\/1"}],"replies":[{"embeddable":true,"href":"https:\/\/nur-hotel.de\/en\/wp-json\/wp\/v2\/comments?post=7570"}],"version-history":[{"count":0,"href":"https:\/\/nur-hotel.de\/en\/wp-json\/wp\/v2\/pages\/7570\/revisions"}],"up":[{"embeddable":true,"href":"https:\/\/nur-hotel.de\/en\/wp-json\/wp\/v2\/pages\/7413"}],"wp:attachment":[{"href":"https:\/\/nur-hotel.de\/en\/wp-json\/wp\/v2\/media?parent=7570"}],"wp:term":[{"taxonomy":"yst_prominent_words","embeddable":true,"href":"https:\/\/nur-hotel.de\/en\/wp-json\/wp\/v2\/yst_prominent_words?post=7570"}],"curies":[{"name":"wp","href":"https:\/\/api.w.org\/{rel}","templated":true}]}}