{"id":8183,"date":"2021-08-07T11:45:18","date_gmt":"2021-08-07T11:45:18","guid":{"rendered":"https:\/\/nur-hotel.de\/?page_id=8183"},"modified":"2021-08-08T06:17:58","modified_gmt":"2021-08-08T06:17:58","slug":"wandern","status":"publish","type":"page","link":"https:\/\/nur-hotel.de\/en\/wandern\/","title":{"rendered":"Wandern"},"content":{"rendered":"<div class=\"vc_row wpb_row st bg-holder vc_custom_1525770665657 vc_row-has-fill bg-parallax\"><div class=\"bg-mask\"><\/div><div class='container'><div class='row'>\n\t<div class=\"wpb_column column_container col-md-8 vc_custom_1418722867702\"><div class=\"vc_column-inner wpb_wrapper\">\n\t\t\t\n\t<div class=\"wpb_text_column wpb_content_element\" >\n\t\t<div class=\"wpb_wrapper\">\n\t\t\t<h2><span style=\"color: #ffffff;\"><strong>Wandern in Tux<\/strong><\/span><\/h2>\n\n\t\t<\/div>\n\t<\/div>\n\n\t<div class=\"wpb_text_column wpb_content_element  vc_custom_1628339004901\" >\n\t\t<div class=\"wpb_wrapper\">\n\t\t\t<p><span style=\"color: #ffffff;\">&gt; Wanderungen in Hippach Mayrhofen<\/span><\/p>\n<p><span style=\"color: #ffffff;\">&gt; Eine Wanderung in Gerlos<\/span><\/p>\n<p><span style=\"color: #ffffff;\">&gt; Schon ab einer Gehzeit von 40 min.<\/span><\/p>\n\n\t\t<\/div>\n\t<\/div>\n<\/div>\n\t<\/div> \n\n\t<div class=\"wpb_column column_container col-md-4\"><div class=\"vc_column-inner wpb_wrapper\">\n\t\t\t<div class=\"loc-info hidden-xs hidden-sm\">\r\n    <h3 class=\"loc-info-title\"> Zillertal &#8211; Alle Unterk\u00fcnfte<\/h3>\r\n            <p class=\"loc-info-weather\">\r\n       <span class=\"loc-info-weather-num\">\r\n       23.4       <\/span>\r\n            <i class=\"wi wi-cloudy loc-info-weather-icon\"><\/i>        <\/p>\r\n        <ul class=\"loc-info-list\">\r\n        <li><a href=\"https:\/\/nur-hotel.de\/en\/search-result-hotel-2\/?location_id=279&#038;pick-up=Zillertal%20&#8211;%20Alle%20Unterk\u00fcnfte&#038;location_name=Zillertal%20&#8211;%20Alle%20Unterk\u00fcnfte\"><i class=\"fa fa-building-o\"><\/i> 17 hotels from \u20ac51,00\/night<\/a><\/li>                    <\/ul>\r\n        <a class=\"btn btn-white btn-ghost mt10\" href=\"https:\/\/nur-hotel.de\/en\/search-result-hotel-2\/?location_id=279&#038;pick-up=Zillertal%20&#8211;%20Alle%20Unterk\u00fcnfte&#038;location_name=Zillertal%20&#8211;%20Alle%20Unterk\u00fcnfte\">\r\n        <i class=\"fa fa-angle-right\"><\/i>\r\n        \u00dcbersicht    <\/a>\r\n<\/div><\/div>\n\t<\/div> \n<\/div><!--End .row--><\/div><!--End .container--><\/div><div class=\"vc_row wpb_row st bg-holder vc_custom_1513076160757\"><div class='container'><div class='row'>        <div class=\"container\">\r\n            <div class=\"breadcrumb\">\r\n                        <ul class=\"breadcrumb  mt15\"> <li><a href=\"https:\/\/nur-hotel.de\/en\">Home<\/a><\/li> <\/ul>            <\/div>\r\n        <\/div>\r\n        \n\t<div class=\"wpb_column column_container col-md-12\"><div class=\"vc_column-inner wpb_wrapper\">\n\t\t\t\n\t<div class=\"wpb_text_column wpb_content_element  vc_custom_1628336778650\" >\n\t\t<div class=\"wpb_wrapper\">\n\t\t\t<h3>Wandern in Tux-Finkenberg im Zillertal<\/h3>\n\n\t\t<\/div>\n\t<\/div>\n\n\t<div class=\"wpb_text_column wpb_content_element  vc_custom_1628336900895\" >\n\t\t<div class=\"wpb_wrapper\">\n\t\t\t<p>Ein kleines Dorf im hinteren Zillertal, welches nah gelegen am Hintertuxer Gletscher und an den Dreitausender-Riesen des Naturparks Zillertaler Alpen. Nachfolgend eine kleine \u00dcbersicht an Wandervorschl\u00e4gen im sch\u00f6nen Zillertal.<\/p>\n\n\t\t<\/div>\n\t<\/div>\n\n\t<div class=\"wpb_text_column wpb_content_element  vc_custom_1628337237631\" >\n\t\t<div class=\"wpb_wrapper\">\n\t\t\t<p><b>F\u00fcgen \/ Hochf\u00fcgen<\/b><\/p>\n<p>Uderns &#8211; Schleierwasserfall<\/p>\n\n\t\t<\/div>\n\t<\/div>\n\n\t<div class=\"wpb_text_column wpb_content_element  vc_custom_1628337270680\" >\n\t\t<div class=\"wpb_wrapper\">\n\t\t\t<p><span style=\"text-decoration: underline;\">Gehzeit : ca. 40 Minuten<\/span><br \/>\nWeg U11 : Eine Natursch\u00f6nheit erschlie\u00dft die Wanderung zum 80 m hohen Schleierwasserfall inmitten des Waldes. Erreichbar ist dieses herrliche Ziel \u00fcber die Zillerbr\u00fccke und Haselbach auf einem romantischen Wanderweg.<\/p>\n\n\t\t<\/div>\n\t<\/div>\n\n\t<div class=\"wpb_text_column wpb_content_element  vc_custom_1628337645180\" >\n\t\t<div class=\"wpb_wrapper\">\n\t\t\t<p><b>Wanderung Spieljochbahn \u2013 Hochf\u00fcgen<\/b><\/p>\n<p><span style=\"text-decoration: underline;\">Gehzeit : ca. 5 Stunden.<\/span><br \/>\nMit der Spieljochbahn zum Spieljoch &#8211; von dort ca. 200 m unterhalb der Bergstation den fast eben verlaufenden Wandersteig taleinw\u00e4rts durch Alpenrosen zur Geolsalm und weiter in Richtung Gartalm-Niederleger zur Schellenbergalm. Nach ca. 200 m in Richtung Hochf\u00fcgen der Hochf\u00fcgener Stra\u00dfe entlang, geht es links ab in Richtung Pflanzgarten \u00fcber den Finsingbach \u00fcber die Kegelalm oder entlang des Finsingbaches nach Hochf\u00fcgen.<br \/>\nSie k\u00f6nnen aber auch mit dem Bus nach Hochf\u00fcgen fahren und die Wanderwege 10 und 11 in verkehrter Richtung antreten.<\/p>\n\n\t\t<\/div>\n\t<\/div>\n\n\t<div class=\"wpb_text_column wpb_content_element  vc_custom_1628337693801\" >\n\t\t<div class=\"wpb_wrapper\">\n\t\t\t<p><b>Wasserfall in Kaltenbach<br \/>\n<\/b><br \/>\n<span style=\"text-decoration: underline;\">Gehzeit ca. 1 1\/4 Stunden<\/span><br \/>\nAusgangspunkt ist die Sparkasse der Stra\u00dfe entlang, vorbei an der Marienkapelle, am Waldrand entlang bis zum Wasserbecken. Ab dort f\u00fchrt der Weg \u00fcber einige Stufen zum Wasserfall. Geht man den Weg weiter, so gelangt man nach ca. 30 min. wieder nach Kaltenbach. Sehr sch\u00f6ner, leicht ansteigender Wanderweg mit Ausblick auf den Wasserfall.<\/p>\n\n\t\t<\/div>\n\t<\/div>\n\n\t<div class=\"wpb_text_column wpb_content_element  vc_custom_1628337727857\" >\n\t\t<div class=\"wpb_wrapper\">\n\t\t\t<p><b>Riedbergkapelle in Ried<\/p>\n<p><\/b><span style=\"text-decoration: underline;\">Gehzeit : ca. 1 3\/4 h<\/span><br \/>\nAn der Kirche vorbei Richtung Kaltenbach &#8211; auf Wanderweg Nr. 3 durch den Wald bis nach Taxach (M\u00f6glichkeit zum \u00dcbergang nach Kaltenbach) &#8211; Wandersteig zur Riedbergkapelle &#8211; Rodelbahn &#8211; durch den Ortsteil Taxach wieder nach Ried retour.<\/p>\n\n\t\t<\/div>\n\t<\/div>\n\n\t<div class=\"wpb_text_column wpb_content_element  vc_custom_1628337727857\" >\n\t\t<div class=\"wpb_wrapper\">\n\t\t\t<p><b>Riedbergkapelle in Ried<\/p>\n<p><\/b><span style=\"text-decoration: underline;\">Gehzeit : ca. 1 3\/4 h<\/span><br \/>\nAn der Kirche vorbei Richtung Kaltenbach &#8211; auf Wanderweg Nr. 3 durch den Wald bis nach Taxach (M\u00f6glichkeit zum \u00dcbergang nach Kaltenbach) &#8211; Wandersteig zur Riedbergkapelle &#8211; Rodelbahn &#8211; durch den Ortsteil Taxach wieder nach Ried retour.<\/p>\n\n\t\t<\/div>\n\t<\/div>\n\n\t<div class=\"wpb_text_column wpb_content_element  vc_custom_1628337837094\" >\n\t\t<div class=\"wpb_wrapper\">\n\t\t\t<p><b>Kl\u00f6pflstaudach Gasthof zur sch\u00f6nsten Aussicht (Zellberg)<\/b><\/p>\n<p>Vom B\u00fcro des Tourismusverbandes aus \u00fcber die Zillerbr\u00fccke, zwischen GH Geisler und Autohaus Huber der Beschilderung folgend bis zu Abzweigung 4 und 5. Sie halten sich rechts und folgen der Wegmarke 5. Auf einem schmalen, schattigen, nicht zu steilen Fu\u00dfweg gelangen Sie zum Kl\u00f6pflstaudach.<br \/>\nSie k\u00f6nnen sich in der sch\u00f6nsten Aussicht st\u00e4rken, erfrischen und das herrliche Panorama genie\u00dfen. Zur\u00fcck geht es auf dem gleichen Weg oder weiter der Wegmarke 6 zur Herz-Jesu-Kapelle und zum Gasthof Schulhaus (Gehzeit ca. 1 Stunde).<\/p>\n\n\t\t<\/div>\n\t<\/div>\n\n\t<div class=\"wpb_text_column wpb_content_element  vc_custom_1628338568055\" >\n\t\t<div class=\"wpb_wrapper\">\n\t\t\t<p><b>Gro\u00dfe Rundwanderung<\/b><br \/>\nRosenalm &#8211; Karspitz (2.135 m) &#8211; Kreuzwiesenalm &#8211; Rosenalm<\/p>\n<p><span style=\"text-decoration: underline;\">Gehzeit : ca. 5 &#8211; 6 Stunden<\/span><br \/>\nVon der Bergstation der Kreuzjochseilbahn wie Bergtour Kreuzjoch bis zur neuen Kreuzjochh\u00fctte.Ab der neuen Kreuzjochh\u00fctte weiter auf dem taleinw\u00e4rts f\u00fchrenden G\u00fcterweg, der Sie direkt auf den Fu\u00dfweg bringt, der zum Gipfel des Karspitzes f\u00fchrt. Vom Gipfel abw\u00e4rts dem Weg des Aufsteiges folgend ca. 100 m, dann rechts abbiegen am Ro\u00dfsee vorbei bis zu den Karh\u00fctten wo man wieder auf einen G\u00fcterweg trifft. Diesem folgend bis zur letzten Kehre. Nach der \u00dcberquerung des kleinen B\u00e4chleins f\u00fchrt ein Fu\u00dfweg wiederum auf den Wirtschaftsweg zur Kreuzwiesenalmh\u00fctte. Dem\u00a0 irtschaftsweg oberhalb der H\u00fctte folgend, bis eine kleine Weggabelung links uns auf eine schmalen Fu\u00dfweg bis zur Rosenalm f\u00fchrt.<\/p>\n\n\t\t<\/div>\n\t<\/div>\n\n\t<div class=\"wpb_text_column wpb_content_element  vc_custom_1628338669179\" >\n\t\t<div class=\"wpb_wrapper\">\n\t\t\t<p><b>Isskogel &#8211; Wilde Krimml &#8211; Krummbachtal<\/b><\/p>\n<p><span style=\"text-decoration: underline;\">Gehzeit: ca. 4 Stunden<\/span><br \/>\nAuffahrt mit dem Sessellift auf den Isskogel. \u00dcber das Ebenfeld f\u00fchrt der Wanderweg der Markierung 1 in 1 1\/2 Stunden zum Isskogelgipfel auf 2.264 m.<br \/>\nWeiter der Nr. 1 folgend steigt man nach ca. 10 Gehminuten in \u00f6stlicher Richtung zur &#8220;Wilden Krimmlalm&#8221; ab. Von der Krimmlalm etwas steiler abw\u00e4rts f\u00fchrt der Weg nun der Markierung Nr. 2 folgend durch das wildromantische sogenannte &#8220;Wilde Teufeltal&#8221; \u00fcber die Arzlahner Alm, an dieser rechts abbiegend durch den Wald zur Jausenstation Krummbachrast. Von hier f\u00fchrt der Weg talausw\u00e4rts nach Gerlos.<\/p>\n\n\t\t<\/div>\n\t<\/div>\n\n\t<div class=\"wpb_text_column wpb_content_element  vc_custom_1628338719047\" >\n\t\t<div class=\"wpb_wrapper\">\n\t\t\t<p><b>Keilkellerwasserfall in Schwendau<\/b><\/p>\n<p><span style=\"text-decoration: underline;\">Gehzeit : ca. 1 Stunde<\/span><br \/>\nVon der Ortsmitte in Hippach folgen wir der Stra\u00dfe nach Schwendau und gelangen zu den &#8220;Drei Linden&#8221;. Wir wenden uns nach rechts und erreichen die Ortschaft Schwendau und kurz darauf das Ortsende M\u00fchlen. Auf einer Br\u00fccke \u00fcberschreiten wir den Sidanbach und kommen zu einem Waldweg, der uns zum Keilkeller Wasserfall bringt. Der Aussichtspunkt bietet einen herrlichen Ausblick.<\/p>\n\n\t\t<\/div>\n\t<\/div>\n\n\t<div class=\"wpb_text_column wpb_content_element  vc_custom_1628338750223\" >\n\t\t<div class=\"wpb_wrapper\">\n\t\t\t<p><b>Schiestl&#8217;s Sunnalm<\/b><\/p>\n<p><span style=\"text-decoration: underline;\">Gehzeit ca. 4 Stunden<\/span><br \/>\nMittelschwierig Von der Schwendberger Stra\u00dfe zweigen wir links ab und<br \/>\nwandern auf dem Hoarbergweg. 1,5 Stunden ins Hoarbergtal zu Schiestl&#8217;s Sunnalm. Weg Nr. 24 ist bis zum Penken weitermarkiert und lohnt sich speziell in der umgekehrten Richtung, also vom Penken aus.<\/p>\n\n\t\t<\/div>\n\t<\/div>\n\n\t<div class=\"wpb_text_column wpb_content_element  vc_custom_1628338814882\" >\n\t\t<div class=\"wpb_wrapper\">\n\t\t\t<p><b>Sonnalm &#8211; Steinerkoglhaus &#8211; Mayrhofen<br \/>\n<\/b><br \/>\n<span style=\"text-decoration: underline;\">Gehzeit: ca. 3,5 Stunden<\/span><br \/>\nMittelschwierig Besonders empfehlenswert ist die Auffahrt mit dem Ramsberg-Sessellift zur Sonnalm. Von dort beginnen wir unsere Wanderung taleinw\u00e4rts bis zur Kotahornalm und weiter \u00fcber die Karlalm nach Laberg (gleich nach Laberg Abzweigung Kolmhaus). Von hier folgen wir dann abw\u00e4rts einem Waldweg zum Steinerkoglhaus und weiter nach Brandberg. Von hier ist die R\u00fcckkehr nach Mayrhofen und Hippach mit dem Postbus m\u00f6glich.<\/p>\n\n\t\t<\/div>\n\t<\/div>\n\n\t<div class=\"wpb_text_column wpb_content_element  vc_custom_1628338850090\" >\n\t\t<div class=\"wpb_wrapper\">\n\t\t\t<p><b>Ginzling &#8211; Innerb\u00f6den, 1.301 m<\/b><\/p>\n<p><span style=\"text-decoration: underline;\">Gehzeit : ca. 1 1\/2 Stunden<\/span><br \/>\nDiese leichte, landschaftlich sehr sch\u00f6ne Wanderung ist jedem Besucher Ginzlings zu empfehlen. In Ginzling gehen Sie zuerst \u00fcber die Br\u00fccke (Zemmbach) und nehmen dann den rechten Weg in s\u00fcdwestlicher Richtung. Weiter geht&#8217;s bei der Wegkreuzung rechts nach Innerb\u00f6den. Nach einer Rast wandern Sie \u00fcber die Almb\u00f6den wieder zur\u00fcck bis zur Wegkreuzung; nun nehmen Sie den Weg nach rechts, gelangen nach Rauth und wandern am Weg,<br \/>\nder neben dem Zemmbach verl\u00e4uft, zur\u00fcck nach Ginzling.<\/p>\n\n\t\t<\/div>\n\t<\/div>\n<\/div>\n\t<\/div> \n<\/div><!--End .row--><\/div><!--End .container--><\/div><div class=\"vc_row wpb_row st bg-holder\"><div class='container'><div class='row'>\n\t<div class=\"wpb_column column_container col-md-12\"><div class=\"vc_column-inner wpb_wrapper\">\n\t\t\t<div class=\"vc_empty_space\"   style=\"height: 50px\"><span class=\"vc_empty_space_inner\"><\/span><\/div><\/div>\n\t<\/div> \n<\/div><!--End .row--><\/div><!--End .container--><\/div>","protected":false},"excerpt":{"rendered":"Das Zillertal zweigt etwa 40\u00a0km \u00f6stlich von\u00a0Innsbruck, nahe\u00a0Jenbach, vom Inntal ab. Es ist das breiteste der s\u00fcdlichen Seitent\u00e4ler des\u00a0Inn. Es hat seinen Namen von dem Fluss\u00a0Ziller, der es von S\u00fcd nach Nord durchl\u00e4uft und bei\u00a0Strass im\u00a0Zillertal\u00a0in den Inn m\u00fcndet. Im engeren Sinn reicht das Tal von Strass bis\u00a0Mayrhofen. Dort teilt es sich in das\u00a0Tuxertal, das\u00a0Zemmtal, [...]","protected":false},"author":1,"featured_media":0,"parent":0,"menu_order":0,"comment_status":"closed","ping_status":"closed","template":"template-home.php","meta":[],"yst_prominent_words":[],"_links":{"self":[{"href":"https:\/\/nur-hotel.de\/en\/wp-json\/wp\/v2\/pages\/8183"}],"collection":[{"href":"https:\/\/nur-hotel.de\/en\/wp-json\/wp\/v2\/pages"}],"about":[{"href":"https:\/\/nur-hotel.de\/en\/wp-json\/wp\/v2\/types\/page"}],"author":[{"embeddable":true,"href":"https:\/\/nur-hotel.de\/en\/wp-json\/wp\/v2\/users\/1"}],"replies":[{"embeddable":true,"href":"https:\/\/nur-hotel.de\/en\/wp-json\/wp\/v2\/comments?post=8183"}],"version-history":[{"count":0,"href":"https:\/\/nur-hotel.de\/en\/wp-json\/wp\/v2\/pages\/8183\/revisions"}],"wp:attachment":[{"href":"https:\/\/nur-hotel.de\/en\/wp-json\/wp\/v2\/media?parent=8183"}],"wp:term":[{"taxonomy":"yst_prominent_words","embeddable":true,"href":"https:\/\/nur-hotel.de\/en\/wp-json\/wp\/v2\/yst_prominent_words?post=8183"}],"curies":[{"name":"wp","href":"https:\/\/api.w.org\/{rel}","templated":true}]}}