{"id":8212,"date":"2021-08-08T06:01:10","date_gmt":"2021-08-08T06:01:10","guid":{"rendered":"https:\/\/nur-hotel.de\/?page_id=8212"},"modified":"2021-08-08T06:18:51","modified_gmt":"2021-08-08T06:18:51","slug":"betterpark-hintertux","status":"publish","type":"page","link":"https:\/\/nur-hotel.de\/en\/betterpark-hintertux\/","title":{"rendered":"Betterpark Hintertux"},"content":{"rendered":"<div class=\"vc_row wpb_row st bg-holder vc_custom_1628403272921 vc_row-has-fill bg-parallax\"><div class=\"bg-mask\"><\/div><div class='container'><div class='row'>\n\t<div class=\"wpb_column column_container col-md-8 vc_custom_1418722867702\"><div class=\"vc_column-inner wpb_wrapper\">\n\t\t\t\n\t<div class=\"wpb_text_column wpb_content_element\" >\n\t\t<div class=\"wpb_wrapper\">\n\t\t\t<h2><strong><span style=\"color: #ffffff;\">Betterpark Hintertux<\/span><\/strong><\/h2>\n\n\t\t<\/div>\n\t<\/div>\n\n\t<div class=\"wpb_text_column wpb_content_element  vc_custom_1628403020791\" >\n\t\t<div class=\"wpb_wrapper\">\n\t\t\t<p><span style=\"color: #ffffff;\">&gt; Jump Line<\/span><\/p>\n<p><span style=\"color: #ffffff;\">&gt; Jib Line<\/span><\/p>\n<p><span style=\"color: #ffffff;\">&gt; Pro Jump<\/span><\/p>\n\n\t\t<\/div>\n\t<\/div>\n\n\t<div  class=\"wpb_single_image wpb_content_element vc_align_left  vc_custom_1628403528368\">\n\t\t\n\t\t<figure class=\"wpb_wrapper vc_figure\">\n\t\t\t<div class=\"vc_single_image-wrapper   vc_box_border_grey\"><img width=\"247\" height=\"96\" src=\"https:\/\/nur-hotel.de\/wp-content\/uploads\/2021\/08\/22056_logo.png\" class=\"vc_single_image-img attachment-full\" alt=\"\" loading=\"lazy\" srcset=\"https:\/\/nur-hotel.de\/wp-content\/uploads\/2021\/08\/22056_logo.png 247w, https:\/\/nur-hotel.de\/wp-content\/uploads\/2021\/08\/22056_logo-768x298.png 768w, https:\/\/nur-hotel.de\/wp-content\/uploads\/2021\/08\/22056_logo-600x233.png 600w\" sizes=\"(max-width: 247px) 100vw, 247px\" \/><\/div>\n\t\t<\/figure>\n\t<\/div>\n<\/div>\n\t<\/div> \n\n\t<div class=\"wpb_column column_container col-md-4\"><div class=\"vc_column-inner wpb_wrapper\">\n\t\t\t<div class=\"loc-info hidden-xs hidden-sm\">\r\n    <h3 class=\"loc-info-title\"> Zillertal &#8211; Alle Unterk\u00fcnfte<\/h3>\r\n            <p class=\"loc-info-weather\">\r\n       <span class=\"loc-info-weather-num\">\r\n       15.6       <\/span>\r\n            <i class=\"wi wi-cloudy loc-info-weather-icon\"><\/i>        <\/p>\r\n        <ul class=\"loc-info-list\">\r\n        <li><a href=\"https:\/\/nur-hotel.de\/en\/search-result-hotel-2\/?location_id=279&#038;pick-up=Zillertal%20&#8211;%20Alle%20Unterk\u00fcnfte&#038;location_name=Zillertal%20&#8211;%20Alle%20Unterk\u00fcnfte\"><i class=\"fa fa-building-o\"><\/i> 17 hotels from \u20ac51,00\/night<\/a><\/li>                    <\/ul>\r\n        <a class=\"btn btn-white btn-ghost mt10\" href=\"https:\/\/nur-hotel.de\/en\/search-result-hotel-2\/?location_id=279&#038;pick-up=Zillertal%20&#8211;%20Alle%20Unterk\u00fcnfte&#038;location_name=Zillertal%20&#8211;%20Alle%20Unterk\u00fcnfte\">\r\n        <i class=\"fa fa-angle-right\"><\/i>\r\n        \u00dcbersicht    <\/a>\r\n<\/div><\/div>\n\t<\/div> \n<\/div><!--End .row--><\/div><!--End .container--><\/div><div class=\"vc_row wpb_row st bg-holder vc_custom_1513076160757\"><div class='container'><div class='row'>        <div class=\"container\">\r\n            <div class=\"breadcrumb\">\r\n                        <ul class=\"breadcrumb  mt15\"> <li><a href=\"https:\/\/nur-hotel.de\/en\">Home<\/a><\/li> <\/ul>            <\/div>\r\n        <\/div>\r\n        \n\t<div class=\"wpb_column column_container col-md-12\"><div class=\"vc_column-inner wpb_wrapper\">\n\t\t\t\n\t<div class=\"wpb_text_column wpb_content_element  vc_custom_1628402507412\" >\n\t\t<div class=\"wpb_wrapper\">\n\t\t\t<h3>Betterpark Hintertux<\/h3>\n\n\t\t<\/div>\n\t<\/div>\n\n\t<div class=\"wpb_text_column wpb_content_element  vc_custom_1628402547169\" >\n\t\t<div class=\"wpb_wrapper\">\n\t\t\t<p class=\"fm\" align=\"left\"><strong>Der Hintertuxer Gletscher er\u00f6ffnet Anfang September die Snowpark-Saison in Europa!<\/strong><\/p>\n\n\t\t<\/div>\n\t<\/div>\n\n\t<div class=\"wpb_text_column wpb_content_element  vc_custom_1628402695934\" >\n\t\t<div class=\"wpb_wrapper\">\n\t\t\t<p style=\"text-align: left;\" align=\"center\">Errichtet f\u00fcr alle die nur an einem der sch\u00f6nsten und h\u00f6chsten Spots \u00d6sterreichs ihre Erf\u00fcllung finden&#8230;<\/p>\n<p style=\"text-align: left;\" align=\"center\">Direkt am Schlepplift Olperer, wo sich alle Kenner und K\u00f6nner der Szene bereits beim legend\u00e4ren SPC-Camp so richtig austoben konnten, findet sich der neue Snowpark Hintertux.<\/p>\n<p style=\"text-align: left;\" align=\"center\">Mit viel Einsatz hat Wille Kaufmann, ein bereits erfahrener Snowpark-Designer, den Park aus dem ewigen Eis geformt.<\/p>\n<p>Die Anlagen stellen f\u00fcr alle Profis eine echte Herausforderung dar, aber auch alle Anf\u00e4nger finden am Hintertuxer Gletscher ihr optimales \u00dcbungsfeld.<\/p>\n<p style=\"text-align: left;\" align=\"center\">Der Betterpark Hintertux pr\u00e4sentiert sich stets ab September allen Snowboardern und FreeSkiern im neuen im neuen Outfit, mit jeder Menge Jumps, Rails und der einzigen Superpipe \u00d6sterreichs!<\/p>\n\n\t\t<\/div>\n\t<\/div>\n<div class=\"vc_empty_space\"   style=\"height: 32px\"><span class=\"vc_empty_space_inner\"><\/span><\/div>\n\t<div  class=\"wpb_single_image wpb_content_element vc_align_left\">\n\t\t\n\t\t<figure class=\"wpb_wrapper vc_figure\">\n\t\t\t<div class=\"vc_single_image-wrapper   vc_box_border_grey\"><img width=\"800\" height=\"533\" src=\"https:\/\/nur-hotel.de\/wp-content\/uploads\/2021\/08\/snowpark-hintertux-e1628402780309.jpg\" class=\"vc_single_image-img attachment-full\" alt=\"betterpark hintertux\" loading=\"lazy\" srcset=\"https:\/\/nur-hotel.de\/wp-content\/uploads\/2021\/08\/snowpark-hintertux-e1628402780309.jpg 800w, https:\/\/nur-hotel.de\/wp-content\/uploads\/2021\/08\/snowpark-hintertux-e1628402780309-600x399.jpg 600w\" sizes=\"(max-width: 800px) 100vw, 800px\" \/><\/div>\n\t\t<\/figure>\n\t<\/div>\n<div class=\"vc_empty_space\"   style=\"height: 32px\"><span class=\"vc_empty_space_inner\"><\/span><\/div>\n\t<div class=\"wpb_text_column wpb_content_element  vc_custom_1628339690637\" >\n\t\t<div class=\"wpb_wrapper\">\n\t\t\t<p class=\"fm\" align=\"left\"><b>Alpenzoo Innsbruck &#8211; Tirol<br \/>\n<\/b>Weiherburggasse 37a.<br \/>\nA &#8211; 6020 Innsbruck<\/p>\n<p>Tel.: +43 &#8211; (0)512-29 23 23<br \/>\nFax: +43 &#8211; (0)512-29 30 89<\/p>\n\n\t\t<\/div>\n\t<\/div>\n\n\t<div class=\"wpb_text_column wpb_content_element  vc_custom_1628339706530\" >\n\t\t<div class=\"wpb_wrapper\">\n\t\t\t<p class=\"fm\" align=\"left\">Erleben Sie die Tierwelt im h\u00f6chstgelegenen Zoo Europas. 2000 Tiere von 150 Arten werden in naturnahe gestalteten Gehegen, Terrarien und Aquarien gezeigt.<\/p>\n\n\t\t<\/div>\n\t<\/div>\n<\/div>\n\t<\/div> \n<\/div><!--End .row--><\/div><!--End .container--><\/div><div class=\"vc_row wpb_row st bg-holder\"><div class='container'><div class='row'>\n\t<div class=\"wpb_column column_container col-md-12\"><div class=\"vc_column-inner wpb_wrapper\">\n\t\t\t<\/div>\n\t<\/div> \n<\/div><!--End .row--><\/div><!--End .container--><\/div>","protected":false},"excerpt":{"rendered":"Das Zillertal zweigt etwa 40\u00a0km \u00f6stlich von\u00a0Innsbruck, nahe\u00a0Jenbach, vom Inntal ab. Es ist das breiteste der s\u00fcdlichen Seitent\u00e4ler des\u00a0Inn. Es hat seinen Namen von dem Fluss\u00a0Ziller, der es von S\u00fcd nach Nord durchl\u00e4uft und bei\u00a0Strass im\u00a0Zillertal\u00a0in den Inn m\u00fcndet. Im engeren Sinn reicht das Tal von Strass bis\u00a0Mayrhofen. Dort teilt es sich in das\u00a0Tuxertal, das\u00a0Zemmtal, [...]","protected":false},"author":1,"featured_media":0,"parent":0,"menu_order":0,"comment_status":"closed","ping_status":"closed","template":"template-home.php","meta":[],"yst_prominent_words":[389,382],"_links":{"self":[{"href":"https:\/\/nur-hotel.de\/en\/wp-json\/wp\/v2\/pages\/8212"}],"collection":[{"href":"https:\/\/nur-hotel.de\/en\/wp-json\/wp\/v2\/pages"}],"about":[{"href":"https:\/\/nur-hotel.de\/en\/wp-json\/wp\/v2\/types\/page"}],"author":[{"embeddable":true,"href":"https:\/\/nur-hotel.de\/en\/wp-json\/wp\/v2\/users\/1"}],"replies":[{"embeddable":true,"href":"https:\/\/nur-hotel.de\/en\/wp-json\/wp\/v2\/comments?post=8212"}],"version-history":[{"count":0,"href":"https:\/\/nur-hotel.de\/en\/wp-json\/wp\/v2\/pages\/8212\/revisions"}],"wp:attachment":[{"href":"https:\/\/nur-hotel.de\/en\/wp-json\/wp\/v2\/media?parent=8212"}],"wp:term":[{"taxonomy":"yst_prominent_words","embeddable":true,"href":"https:\/\/nur-hotel.de\/en\/wp-json\/wp\/v2\/yst_prominent_words?post=8212"}],"curies":[{"name":"wp","href":"https:\/\/api.w.org\/{rel}","templated":true}]}}