{"id":8223,"date":"2021-08-08T06:36:44","date_gmt":"2021-08-08T06:36:44","guid":{"rendered":"https:\/\/nur-hotel.de\/?page_id=8223"},"modified":"2021-08-08T06:53:58","modified_gmt":"2021-08-08T06:53:58","slug":"flugschule","status":"publish","type":"page","link":"https:\/\/nur-hotel.de\/en\/flugschule\/","title":{"rendered":"Flugschule"},"content":{"rendered":"<div class=\"vc_row wpb_row st bg-holder vc_custom_1628405634384 vc_row-has-fill bg-parallax\"><div class=\"bg-mask\"><\/div><div class='container'><div class='row'>\n\t<div class=\"wpb_column column_container col-md-8 vc_custom_1418722867702\"><div class=\"vc_column-inner wpb_wrapper\">\n\t\t\t\n\t<div class=\"wpb_text_column wpb_content_element\" >\n\t\t<div class=\"wpb_wrapper\">\n\t\t\t<h2><span style=\"color: #ffffff;\"><strong>Flugschule Zillertal<\/strong><\/span><\/h2>\n\n\t\t<\/div>\n\t<\/div>\n\n\t<div class=\"wpb_text_column wpb_content_element  vc_custom_1628405559686\" >\n\t\t<div class=\"wpb_wrapper\">\n\t\t\t<p><span style=\"color: #ffffff;\">&gt; F\u00fcr Einsteiger und Umsteiger<\/span><\/p>\n<p><span style=\"color: #ffffff;\">&gt; Paragliden und Tandemfl\u00fcge<\/span><\/p>\n<p><span style=\"color: #ffffff;\">&gt; Schnupperkurse<\/span><\/p>\n\n\t\t<\/div>\n\t<\/div>\n<\/div>\n\t<\/div> \n\n\t<div class=\"wpb_column column_container col-md-4\"><div class=\"vc_column-inner wpb_wrapper\">\n\t\t\t<div class=\"loc-info hidden-xs hidden-sm\">\r\n    <h3 class=\"loc-info-title\"> Zillertal &#8211; Alle Unterk\u00fcnfte<\/h3>\r\n            <p class=\"loc-info-weather\">\r\n       <span class=\"loc-info-weather-num\">\r\n       23.4       <\/span>\r\n            <i class=\"wi wi-cloudy loc-info-weather-icon\"><\/i>        <\/p>\r\n        <ul class=\"loc-info-list\">\r\n        <li><a href=\"https:\/\/nur-hotel.de\/en\/search-result-hotel-2\/?location_id=279&#038;pick-up=Zillertal%20&#8211;%20Alle%20Unterk\u00fcnfte&#038;location_name=Zillertal%20&#8211;%20Alle%20Unterk\u00fcnfte\"><i class=\"fa fa-building-o\"><\/i> 17 hotels from \u20ac51,00\/night<\/a><\/li>                    <\/ul>\r\n        <a class=\"btn btn-white btn-ghost mt10\" href=\"https:\/\/nur-hotel.de\/en\/search-result-hotel-2\/?location_id=279&#038;pick-up=Zillertal%20&#8211;%20Alle%20Unterk\u00fcnfte&#038;location_name=Zillertal%20&#8211;%20Alle%20Unterk\u00fcnfte\">\r\n        <i class=\"fa fa-angle-right\"><\/i>\r\n        \u00dcbersicht    <\/a>\r\n<\/div><\/div>\n\t<\/div> \n<\/div><!--End .row--><\/div><!--End .container--><\/div><div class=\"vc_row wpb_row st bg-holder vc_custom_1513076160757\"><div class='container'><div class='row'>        <div class=\"container\">\r\n            <div class=\"breadcrumb\">\r\n                        <ul class=\"breadcrumb  mt15\"> <li><a href=\"https:\/\/nur-hotel.de\/en\">Home<\/a><\/li> <\/ul>            <\/div>\r\n        <\/div>\r\n        \n\t<div class=\"wpb_column column_container col-md-12\"><div class=\"vc_column-inner wpb_wrapper\">\n\t\t\t<\/div>\n\t<\/div> \n<\/div><!--End .row--><\/div><!--End .container--><\/div><div class=\"vc_row wpb_row st bg-holder\"><div class='container'><div class='row'>\n\t<div class=\"wpb_column column_container col-md-6\"><div class=\"vc_column-inner wpb_wrapper\">\n\t\t\t\n\t<div class=\"wpb_text_column wpb_content_element  vc_custom_1628405449199\" >\n\t\t<div class=\"wpb_wrapper\">\n\t\t\t<h3>Die einzigartige Zillertaler Flugschule<\/h3>\n\n\t\t<\/div>\n\t<\/div>\n\n\t<div class=\"wpb_text_column wpb_content_element  vc_custom_1628404672327\" >\n\t\t<div class=\"wpb_wrapper\">\n\t\t\t<p><b>Flieg mit uns, in einem der BESTEN FLUGGEBIETE DER WELT!!!<\/b><\/p>\n\n\t\t<\/div>\n\t<\/div>\n\n\t<div class=\"wpb_text_column wpb_content_element  vc_custom_1628404725573\" >\n\t\t<div class=\"wpb_wrapper\">\n\t\t\t<ul>\n<li>Paragleiter<\/li>\n<li>H\u00e4ngegleiter<\/li>\n<li>Sonderpilotenkurse<\/li>\n<li>\u00dcberlandflugberechtigung<\/li>\n<li>Fortbildungskurse<br \/>\n(Thermik, Sicherheit)<\/li>\n<li>Schnupperkurs<\/li>\n<li>Grundkurs<\/li>\n<li>Einsteigerkurse<\/li>\n<li>H\u00f6henflugkurse<\/li>\n<\/ul>\n\n\t\t<\/div>\n\t<\/div>\n\n\t<div class=\"wpb_text_column wpb_content_element  vc_custom_1628404757289\" >\n\t\t<div class=\"wpb_wrapper\">\n\t\t\t<p><strong>Zillertaler Flugschule GesmbH<\/strong><br \/>\n6283 Hochschwendberg 159<br \/>\nTel. 0043 (0)5285 64906<br \/>\nHandy: 0043 (0)664 3588435<\/p>\n\n\t\t<\/div>\n\t<\/div>\n<\/div>\n\t<\/div> \n\n\t<div class=\"wpb_column column_container col-md-6\"><div class=\"vc_column-inner wpb_wrapper\">\n\t\t\t\n\t<div  class=\"wpb_single_image wpb_content_element vc_align_center\">\n\t\t\n\t\t<figure class=\"wpb_wrapper vc_figure\">\n\t\t\t<div class=\"vc_single_image-wrapper   vc_box_border_grey\"><img width=\"1000\" height=\"705\" src=\"https:\/\/nur-hotel.de\/wp-content\/uploads\/2021\/08\/zillertaler-flugschule.png\" class=\"vc_single_image-img attachment-full\" alt=\"zillertaler flugschule\" loading=\"lazy\" srcset=\"https:\/\/nur-hotel.de\/wp-content\/uploads\/2021\/08\/zillertaler-flugschule.png 1000w, https:\/\/nur-hotel.de\/wp-content\/uploads\/2021\/08\/zillertaler-flugschule-768x541.png 768w, https:\/\/nur-hotel.de\/wp-content\/uploads\/2021\/08\/zillertaler-flugschule-16x12.png 16w, https:\/\/nur-hotel.de\/wp-content\/uploads\/2021\/08\/zillertaler-flugschule-600x423.png 600w\" sizes=\"(max-width: 1000px) 100vw, 1000px\" \/><\/div>\n\t\t<\/figure>\n\t<\/div>\n<\/div>\n\t<\/div> \n<\/div><!--End .row--><\/div><!--End .container--><\/div><div class=\"vc_row wpb_row st bg-holder vc_custom_1628405107930\"><div class='container'><div class='row'>\n\t<div class=\"wpb_column column_container col-md-12\"><div class=\"vc_column-inner wpb_wrapper\">\n\t\t\t\n\t<div class=\"wpb_text_column wpb_content_element\" >\n\t\t<div class=\"wpb_wrapper\">\n\t\t\t<h3>F\u00fcr Einsteiger und Umsteiger<\/h3>\n<p>Du fliegst erstmals mit einem erfahrenen Tandempiloter und steuerst unter Aufsicht eigenst\u00e4ndig das Flugger\u00e4t So lernst Du das Kurvenfliegen und die Landeeinteilung Starten, Landen und Fl\u00fcge bis zu 50 m erlernst Du am \u00dcbungsgel\u00e4nde.<\/p>\n<p>Mit weiteren H\u00f6henfl\u00fcgen und einer theoretischer Ausbildung erwirbst Du den \u00d6sterreichischen Grundschein, mit dem Du in \u00d6sterreich in allen zugelassenen Schulungsgel\u00e4nder selbstst\u00e4ndig Fl\u00fcge durchf\u00fchren darfst.<br \/>\nF\u00fcr Umsteiger (Paragleiter auf H\u00e4ngegleiter) ist eine 3t\u00e4gige Ausbildung vorgesehen.<\/p>\n<p>Von M\u00e4rz bis Oktober finden neben dem Aktivprogramm laufend Anf\u00e4nger- und Fortgeschrittenenkurse statt Unsere langj\u00e4hrige Erfahrung garantiert Ihnen eine sichere und schnelle Ausbildung.<\/p>\n<p>Bei Schlechtwetter bzw. bei zu viel Wind bietet das Team der Flugschule (Activcenter) allen Kursteilnehmern und Freunden ersatzwise ein umfangreiches und aktionsgeladenes Aktivprogramm: Rafting, Outsiderafting, Canyoning, Kajaktandem &#8211; uvm.<\/p>\n\n\t\t<\/div>\n\t<\/div>\n<\/div>\n\t<\/div> \n<\/div><!--End .row--><\/div><!--End .container--><\/div><div class=\"vc_row wpb_row st bg-holder vc_custom_1628405196036\"><div class='container'><div class='row'>\n\t<div class=\"wpb_column column_container col-md-12\"><div class=\"vc_column-inner wpb_wrapper\">\n\t\t\t\n\t<div class=\"wpb_text_column wpb_content_element\" >\n\t\t<div class=\"wpb_wrapper\">\n\t\t\t<h3>Paragliden und Tandemfl\u00fcge<\/h3>\n<p>Die erfahrenen Piloten der erf\u00fcllen euch den Traum vom Fliegen. Von unseren Ski- und Wandergebieten in Finkenberg und Mayrhofen starten wir mit ein paar Schritten zu einem herrlichen Panoramaflug.<\/p>\n<p>H\u00f6henflug vom Penken nach Mayrhofen<br \/>\n(Flugdauer ca. 15 Minuten)<br \/>\nH\u00f6henflug vom Penkenjoch nach Finkenberg<br \/>\n(Flugdauer ca. 15 Minuten)<br \/>\nPanoramaflug vom Penken-Horberg nach Mayrhofen<br \/>\n(Flugdauer ca. 25-30 Minuten)<br \/>\nPanoramaflug vom Penkenjoch (Finkenberg) nach Mayrhofen<br \/>\n(Flugdauer ca. 25-30 Minuten)<br \/>\nH\u00e4ngegleiter-Tandemflug<br \/>\nGruppenpreise auf Anfrage!!!<br \/>\nBei allen Fl\u00fcgen sind 12 Erinnerungsfotos aus der Luft includiert!<\/p>\n<p><strong>Anmeldung im Winter:<\/strong><br \/>\ndirekt im Skigebiet Mayrhofener Penken: Skihaserlbar-Bergrast<br \/>\nFinkenberger Penken: Schirmbar Penkentenne oder entlang der Mayrhofner Hauptstra\u00dfe bei den Anmeldestellen der ZILLERTALER FLUGSCHULE<\/p>\n<p><strong>Anmeldung im Sommer:<\/strong><br \/>\nBeim Landeplatz Edenlehen oder entlang der Mayrhofner Hauptstra\u00dfe bei den Anmeldestellen der ZILLERTALER FLUGSCHULE<\/p>\n\n\t\t<\/div>\n\t<\/div>\n<\/div>\n\t<\/div> \n<\/div><!--End .row--><\/div><!--End .container--><\/div><div class=\"vc_row wpb_row st bg-holder vc_custom_1628405196036\"><div class='container'><div class='row'>\n\t<div class=\"wpb_column column_container col-md-12\"><div class=\"vc_column-inner wpb_wrapper\">\n\t\t\t\n\t<div class=\"wpb_text_column wpb_content_element\" >\n\t\t<div class=\"wpb_wrapper\">\n\t\t\t<h3>Schnupperkurs<\/h3>\n<p>Gewinnen Sie einen kleinen Einblick in die Faszination des Fliegens. Auf einfache Art und Weise erlernst Du auf idealem Fluggel\u00e4nde das Gleitschirmfliegen!<\/p>\n<p>Ideal auch f\u00fcr Betriebs- und Vereinsausfl\u00fcge. M\u00f6glichkeit den Schnupperkurs auf 2 Tage zu verl\u00e4ngern und mit einem Grillabend zu verbinden. (Nur auf Anfrage!)<\/p>\n<p>Der Schnupperkurs wird selbstverst\u00e4ndlich auf alle weiterf\u00fchrenden Kurse angerechnet.<\/p>\n<p><strong>Dauer: 1 Tag<\/strong><br \/>\nTermine: Jeden Samstag und Sonntag, ab 4 Personen. Sondertermine ab 4 Personen m\u00f6glich!<\/p>\n<p><strong>Leistungen:<\/strong><br \/>\nKostenloser Transport zum \u00dcbungshang<br \/>\nKostenlose komplette Leihschirmausr\u00fcstung (Schirm, Rettungsschirm, Gurtzeug, Integral-Helm)<br \/>\nSchirmhaftpflichtversicherung<br \/>\nFunkunterst\u00fctzung f\u00fcr alle Fl\u00fcge<br \/>\nAuf Wunsch Organisation einer g\u00fcnstigen Unterkunft in direkter N\u00e4he zum Fluggel\u00e4nde<\/p>\n\n\t\t<\/div>\n\t<\/div>\n<\/div>\n\t<\/div> \n<\/div><!--End .row--><\/div><!--End .container--><\/div><div class=\"vc_row wpb_row st bg-holder\"><div class='container'><div class='row'>\n\t<div class=\"wpb_column column_container col-md-12\"><div class=\"vc_column-inner wpb_wrapper\">\n\t\t\t<div class=\"vc_empty_space\"   style=\"height: 60px\"><span class=\"vc_empty_space_inner\"><\/span><\/div><\/div>\n\t<\/div> \n<\/div><!--End .row--><\/div><!--End .container--><\/div><div class=\"vc_row wpb_row st bg-holder\"><div class='container'><div class='row'>\n\t<div class=\"wpb_column column_container col-md-12\"><div class=\"vc_column-inner wpb_wrapper\">\n\t\t\t<div class=\"vc_empty_space\"   style=\"height: 90px\"><span class=\"vc_empty_space_inner\"><\/span><\/div><\/div>\n\t<\/div> \n<\/div><!--End .row--><\/div><!--End .container--><\/div>","protected":false},"excerpt":{"rendered":"Das Zillertal zweigt etwa 40\u00a0km \u00f6stlich von\u00a0Innsbruck, nahe\u00a0Jenbach, vom Inntal ab. Es ist das breiteste der s\u00fcdlichen Seitent\u00e4ler des\u00a0Inn. Es hat seinen Namen von dem Fluss\u00a0Ziller, der es von S\u00fcd nach Nord durchl\u00e4uft und bei\u00a0Strass im\u00a0Zillertal\u00a0in den Inn m\u00fcndet. Im engeren Sinn reicht das Tal von Strass bis\u00a0Mayrhofen. Dort teilt es sich in das\u00a0Tuxertal, das\u00a0Zemmtal, [...]","protected":false},"author":1,"featured_media":0,"parent":0,"menu_order":0,"comment_status":"closed","ping_status":"closed","template":"template-home.php","meta":[],"yst_prominent_words":[],"_links":{"self":[{"href":"https:\/\/nur-hotel.de\/en\/wp-json\/wp\/v2\/pages\/8223"}],"collection":[{"href":"https:\/\/nur-hotel.de\/en\/wp-json\/wp\/v2\/pages"}],"about":[{"href":"https:\/\/nur-hotel.de\/en\/wp-json\/wp\/v2\/types\/page"}],"author":[{"embeddable":true,"href":"https:\/\/nur-hotel.de\/en\/wp-json\/wp\/v2\/users\/1"}],"replies":[{"embeddable":true,"href":"https:\/\/nur-hotel.de\/en\/wp-json\/wp\/v2\/comments?post=8223"}],"version-history":[{"count":0,"href":"https:\/\/nur-hotel.de\/en\/wp-json\/wp\/v2\/pages\/8223\/revisions"}],"wp:attachment":[{"href":"https:\/\/nur-hotel.de\/en\/wp-json\/wp\/v2\/media?parent=8223"}],"wp:term":[{"taxonomy":"yst_prominent_words","embeddable":true,"href":"https:\/\/nur-hotel.de\/en\/wp-json\/wp\/v2\/yst_prominent_words?post=8223"}],"curies":[{"name":"wp","href":"https:\/\/api.w.org\/{rel}","templated":true}]}}